{"id":1161,"date":"2026-03-06T16:29:28","date_gmt":"2026-03-06T15:29:28","guid":{"rendered":"https:\/\/anagenshop.pl\/?page_id=1161"},"modified":"2026-03-06T16:29:29","modified_gmt":"2026-03-06T15:29:29","slug":"metody-platnosci-2","status":"publish","type":"page","link":"https:\/\/anagenshop.pl\/index.php\/metody-platnosci-2\/","title":{"rendered":"Metody P\u0142atno\u015bci"},"content":{"rendered":"\n<p>W naszym sklepie dost\u0119pne s\u0105 nast\u0119puj\u0105ce p\u0142atno\u015bci:<\/p>\n\n\n\n<ul class=\"wp-block-list\">\n<li>Przelewy24 (w tym Blik)<\/li>\n\n\n\n<li>Przelew tradycyjny<\/li>\n\n\n\n<li>Paypal (<a href=\"mailto:senseofbeautystore.nl@gmail.com\">senseofbeautystore.nl@gmail.com<\/a>)<\/li>\n\n\n\n<li>Za pobraniem u kuriera<\/li>\n\n\n\n<li>Karta (VISA, MASTERCARD)<\/li>\n<\/ul>\n\n\n\n<figure class=\"wp-block-image\"><img decoding=\"async\" src=\"https:\/\/sklep025303.shoparena.pl\/userdata\/public\/assets\/\/baner.png\" alt=\"\"\/><\/figure>\n\n\n\n<div class=\"wp-block-jetpack-slideshow aligncenter\" data-effect=\"slide\"><div class=\"wp-block-jetpack-slideshow_container swiper\"><ul class=\"wp-block-jetpack-slideshow_swiper-wrapper swiper-wrapper\"><li class=\"wp-block-jetpack-slideshow_slide swiper-slide\"><figure><img fetchpriority=\"high\" decoding=\"async\" width=\"300\" height=\"600\" alt=\"\" class=\"wp-block-jetpack-slideshow_image wp-image-1163\" data-id=\"1163\" src=\"https:\/\/anagenshop.pl\/wp-content\/uploads\/2026\/03\/platnosci_mobilne_pion4.jpg\" srcset=\"https:\/\/anagenshop.pl\/wp-content\/uploads\/2026\/03\/platnosci_mobilne_pion4.jpg 300w, https:\/\/anagenshop.pl\/wp-content\/uploads\/2026\/03\/platnosci_mobilne_pion4-150x300.jpg 150w\" sizes=\"(max-width: 300px) 100vw, 300px\" \/><figcaption class=\"wp-block-jetpack-slideshow_caption gallery-caption\"><\/figcaption><\/figure><\/li><li class=\"wp-block-jetpack-slideshow_slide swiper-slide\"><figure><img decoding=\"async\" width=\"300\" height=\"600\" alt=\"\" class=\"wp-block-jetpack-slideshow_image wp-image-1164\" data-id=\"1164\" data-aspect-ratio=\"300 \/ 600\" src=\"https:\/\/anagenshop.pl\/wp-content\/uploads\/2026\/03\/platnosci_mobilne_pion3.jpg\" srcset=\"https:\/\/anagenshop.pl\/wp-content\/uploads\/2026\/03\/platnosci_mobilne_pion3.jpg 300w, https:\/\/anagenshop.pl\/wp-content\/uploads\/2026\/03\/platnosci_mobilne_pion3-150x300.jpg 150w\" sizes=\"(max-width: 300px) 100vw, 300px\" \/><\/figure><\/li><li class=\"wp-block-jetpack-slideshow_slide swiper-slide\"><figure><img decoding=\"async\" width=\"1600\" height=\"1600\" alt=\"\" class=\"wp-block-jetpack-slideshow_image wp-image-1165\" data-id=\"1165\" data-aspect-ratio=\"1600 \/ 1600\" src=\"https:\/\/anagenshop.pl\/wp-content\/uploads\/2026\/03\/P24_logo.png\" srcset=\"https:\/\/anagenshop.pl\/wp-content\/uploads\/2026\/03\/P24_logo.png 1600w, https:\/\/anagenshop.pl\/wp-content\/uploads\/2026\/03\/P24_logo-300x300.png 300w, https:\/\/anagenshop.pl\/wp-content\/uploads\/2026\/03\/P24_logo-1024x1024.png 1024w, https:\/\/anagenshop.pl\/wp-content\/uploads\/2026\/03\/P24_logo-150x150.png 150w, https:\/\/anagenshop.pl\/wp-content\/uploads\/2026\/03\/P24_logo-768x768.png 768w, https:\/\/anagenshop.pl\/wp-content\/uploads\/2026\/03\/P24_logo-1536x1536.png 1536w, https:\/\/anagenshop.pl\/wp-content\/uploads\/2026\/03\/P24_logo-600x600.png 600w, https:\/\/anagenshop.pl\/wp-content\/uploads\/2026\/03\/P24_logo-100x100.png 100w\" sizes=\"(max-width: 1600px) 100vw, 1600px\" \/><\/figure><\/li><\/ul><a class=\"wp-block-jetpack-slideshow_button-prev swiper-button-prev swiper-button-white\" role=\"button\"><\/a><a class=\"wp-block-jetpack-slideshow_button-next swiper-button-next swiper-button-white\" role=\"button\"><\/a><a aria-label=\"Pause Slideshow\" class=\"wp-block-jetpack-slideshow_button-pause\" role=\"button\"><\/a><div class=\"wp-block-jetpack-slideshow_pagination swiper-pagination swiper-pagination-white\"><\/div><\/div><\/div>\n\n\n\n<p><\/p>\n","protected":false},"excerpt":{"rendered":"<p>W naszym sklepie dost\u0119pne s\u0105 nast\u0119puj\u0105ce p\u0142atno\u015bci:<\/p>\n","protected":false},"author":1,"featured_media":0,"parent":0,"menu_order":0,"comment_status":"closed","ping_status":"closed","template":"","meta":{"_kadence_starter_templates_imported_post":false,"footnotes":""},"class_list":["post-1161","page","type-page","status-publish","hentry"],"yoast_head":"<!-- This site is optimized with the Yoast SEO plugin v27.4 - https:\/\/yoast.com\/product\/yoast-seo-wordpress\/ -->\n<title>Metody P\u0142atno\u015bci - Anagen shop<\/title>\n<meta name=\"robots\" content=\"index, follow, max-snippet:-1, max-image-preview:large, max-video-preview:-1\" \/>\n<link rel=\"canonical\" href=\"https:\/\/anagenshop.pl\/index.php\/metody-platnosci-2\/\" \/>\n<meta property=\"og:locale\" content=\"pl_PL\" \/>\n<meta property=\"og:type\" content=\"article\" \/>\n<meta property=\"og:title\" content=\"Metody P\u0142atno\u015bci - Anagen shop\" \/>\n<meta property=\"og:description\" content=\"W naszym sklepie dost\u0119pne s\u0105 nast\u0119puj\u0105ce p\u0142atno\u015bci:\" \/>\n<meta property=\"og:url\" content=\"https:\/\/anagenshop.pl\/index.php\/metody-platnosci-2\/\" \/>\n<meta property=\"og:site_name\" content=\"Anagen shop\" \/>\n<meta property=\"article:publisher\" content=\"https:\/\/www.facebook.com\/Anagenshop\/?locale=pl_PL\" \/>\n<meta property=\"article:modified_time\" content=\"2026-03-06T15:29:29+00:00\" \/>\n<meta property=\"og:image\" content=\"https:\/\/sklep025303.shoparena.pl\/userdata\/public\/assets\/\/baner.png\" \/>\n<meta name=\"twitter:card\" content=\"summary_large_image\" \/>\n<script type=\"application\/ld+json\" class=\"yoast-schema-graph\">{\"@context\":\"https:\\\/\\\/schema.org\",\"@graph\":[{\"@type\":\"WebPage\",\"@id\":\"https:\\\/\\\/anagenshop.pl\\\/index.php\\\/metody-platnosci-2\\\/\",\"url\":\"https:\\\/\\\/anagenshop.pl\\\/index.php\\\/metody-platnosci-2\\\/\",\"name\":\"Metody P\u0142atno\u015bci - Anagen shop\",\"isPartOf\":{\"@id\":\"https:\\\/\\\/anagenshop.pl\\\/#website\"},\"primaryImageOfPage\":{\"@id\":\"https:\\\/\\\/anagenshop.pl\\\/index.php\\\/metody-platnosci-2\\\/#primaryimage\"},\"image\":{\"@id\":\"https:\\\/\\\/anagenshop.pl\\\/index.php\\\/metody-platnosci-2\\\/#primaryimage\"},\"thumbnailUrl\":\"https:\\\/\\\/sklep025303.shoparena.pl\\\/userdata\\\/public\\\/assets\\\/\\\/baner.png\",\"datePublished\":\"2026-03-06T15:29:28+00:00\",\"dateModified\":\"2026-03-06T15:29:29+00:00\",\"breadcrumb\":{\"@id\":\"https:\\\/\\\/anagenshop.pl\\\/index.php\\\/metody-platnosci-2\\\/#breadcrumb\"},\"inLanguage\":\"pl-PL\",\"potentialAction\":[{\"@type\":\"ReadAction\",\"target\":[\"https:\\\/\\\/anagenshop.pl\\\/index.php\\\/metody-platnosci-2\\\/\"]}]},{\"@type\":\"ImageObject\",\"inLanguage\":\"pl-PL\",\"@id\":\"https:\\\/\\\/anagenshop.pl\\\/index.php\\\/metody-platnosci-2\\\/#primaryimage\",\"url\":\"https:\\\/\\\/sklep025303.shoparena.pl\\\/userdata\\\/public\\\/assets\\\/\\\/baner.png\",\"contentUrl\":\"https:\\\/\\\/sklep025303.shoparena.pl\\\/userdata\\\/public\\\/assets\\\/\\\/baner.png\"},{\"@type\":\"BreadcrumbList\",\"@id\":\"https:\\\/\\\/anagenshop.pl\\\/index.php\\\/metody-platnosci-2\\\/#breadcrumb\",\"itemListElement\":[{\"@type\":\"ListItem\",\"position\":1,\"name\":\"Strona g\u0142\u00f3wna\",\"item\":\"https:\\\/\\\/anagenshop.pl\\\/\"},{\"@type\":\"ListItem\",\"position\":2,\"name\":\"Metody P\u0142atno\u015bci\"}]},{\"@type\":\"WebSite\",\"@id\":\"https:\\\/\\\/anagenshop.pl\\\/#website\",\"url\":\"https:\\\/\\\/anagenshop.pl\\\/\",\"name\":\"Anagen shop\",\"description\":\"Produkty do stylizacji rz\u0119s i brwi, akcesoria i wyposa\u017cenie\",\"publisher\":{\"@id\":\"https:\\\/\\\/anagenshop.pl\\\/#organization\"},\"potentialAction\":[{\"@type\":\"SearchAction\",\"target\":{\"@type\":\"EntryPoint\",\"urlTemplate\":\"https:\\\/\\\/anagenshop.pl\\\/?s={search_term_string}\"},\"query-input\":{\"@type\":\"PropertyValueSpecification\",\"valueRequired\":true,\"valueName\":\"search_term_string\"}}],\"inLanguage\":\"pl-PL\"},{\"@type\":\"Organization\",\"@id\":\"https:\\\/\\\/anagenshop.pl\\\/#organization\",\"name\":\"Anagen shop\",\"url\":\"https:\\\/\\\/anagenshop.pl\\\/\",\"logo\":{\"@type\":\"ImageObject\",\"inLanguage\":\"pl-PL\",\"@id\":\"https:\\\/\\\/anagenshop.pl\\\/#\\\/schema\\\/logo\\\/image\\\/\",\"url\":\"https:\\\/\\\/anagenshop.pl\\\/wp-content\\\/uploads\\\/2026\\\/02\\\/cropped-Znak-wodny-sklep-1.png\",\"contentUrl\":\"https:\\\/\\\/anagenshop.pl\\\/wp-content\\\/uploads\\\/2026\\\/02\\\/cropped-Znak-wodny-sklep-1.png\",\"width\":1847,\"height\":517,\"caption\":\"Anagen shop\"},\"image\":{\"@id\":\"https:\\\/\\\/anagenshop.pl\\\/#\\\/schema\\\/logo\\\/image\\\/\"},\"sameAs\":[\"https:\\\/\\\/www.facebook.com\\\/Anagenshop\\\/?locale=pl_PL\",\"https:\\\/\\\/www.instagram.com\\\/anagenshop\\\/\"]}]}<\/script>\n<!-- \/ Yoast SEO plugin. -->","yoast_head_json":{"title":"Metody P\u0142atno\u015bci - Anagen shop","robots":{"index":"index","follow":"follow","max-snippet":"max-snippet:-1","max-image-preview":"max-image-preview:large","max-video-preview":"max-video-preview:-1"},"canonical":"https:\/\/anagenshop.pl\/index.php\/metody-platnosci-2\/","og_locale":"pl_PL","og_type":"article","og_title":"Metody P\u0142atno\u015bci - Anagen shop","og_description":"W naszym sklepie dost\u0119pne s\u0105 nast\u0119puj\u0105ce p\u0142atno\u015bci:","og_url":"https:\/\/anagenshop.pl\/index.php\/metody-platnosci-2\/","og_site_name":"Anagen shop","article_publisher":"https:\/\/www.facebook.com\/Anagenshop\/?locale=pl_PL","article_modified_time":"2026-03-06T15:29:29+00:00","og_image":[{"url":"https:\/\/sklep025303.shoparena.pl\/userdata\/public\/assets\/\/baner.png","type":"","width":"","height":""}],"twitter_card":"summary_large_image","schema":{"@context":"https:\/\/schema.org","@graph":[{"@type":"WebPage","@id":"https:\/\/anagenshop.pl\/index.php\/metody-platnosci-2\/","url":"https:\/\/anagenshop.pl\/index.php\/metody-platnosci-2\/","name":"Metody P\u0142atno\u015bci - Anagen shop","isPartOf":{"@id":"https:\/\/anagenshop.pl\/#website"},"primaryImageOfPage":{"@id":"https:\/\/anagenshop.pl\/index.php\/metody-platnosci-2\/#primaryimage"},"image":{"@id":"https:\/\/anagenshop.pl\/index.php\/metody-platnosci-2\/#primaryimage"},"thumbnailUrl":"https:\/\/sklep025303.shoparena.pl\/userdata\/public\/assets\/\/baner.png","datePublished":"2026-03-06T15:29:28+00:00","dateModified":"2026-03-06T15:29:29+00:00","breadcrumb":{"@id":"https:\/\/anagenshop.pl\/index.php\/metody-platnosci-2\/#breadcrumb"},"inLanguage":"pl-PL","potentialAction":[{"@type":"ReadAction","target":["https:\/\/anagenshop.pl\/index.php\/metody-platnosci-2\/"]}]},{"@type":"ImageObject","inLanguage":"pl-PL","@id":"https:\/\/anagenshop.pl\/index.php\/metody-platnosci-2\/#primaryimage","url":"https:\/\/sklep025303.shoparena.pl\/userdata\/public\/assets\/\/baner.png","contentUrl":"https:\/\/sklep025303.shoparena.pl\/userdata\/public\/assets\/\/baner.png"},{"@type":"BreadcrumbList","@id":"https:\/\/anagenshop.pl\/index.php\/metody-platnosci-2\/#breadcrumb","itemListElement":[{"@type":"ListItem","position":1,"name":"Strona g\u0142\u00f3wna","item":"https:\/\/anagenshop.pl\/"},{"@type":"ListItem","position":2,"name":"Metody P\u0142atno\u015bci"}]},{"@type":"WebSite","@id":"https:\/\/anagenshop.pl\/#website","url":"https:\/\/anagenshop.pl\/","name":"Anagen shop","description":"Produkty do stylizacji rz\u0119s i brwi, akcesoria i wyposa\u017cenie","publisher":{"@id":"https:\/\/anagenshop.pl\/#organization"},"potentialAction":[{"@type":"SearchAction","target":{"@type":"EntryPoint","urlTemplate":"https:\/\/anagenshop.pl\/?s={search_term_string}"},"query-input":{"@type":"PropertyValueSpecification","valueRequired":true,"valueName":"search_term_string"}}],"inLanguage":"pl-PL"},{"@type":"Organization","@id":"https:\/\/anagenshop.pl\/#organization","name":"Anagen shop","url":"https:\/\/anagenshop.pl\/","logo":{"@type":"ImageObject","inLanguage":"pl-PL","@id":"https:\/\/anagenshop.pl\/#\/schema\/logo\/image\/","url":"https:\/\/anagenshop.pl\/wp-content\/uploads\/2026\/02\/cropped-Znak-wodny-sklep-1.png","contentUrl":"https:\/\/anagenshop.pl\/wp-content\/uploads\/2026\/02\/cropped-Znak-wodny-sklep-1.png","width":1847,"height":517,"caption":"Anagen shop"},"image":{"@id":"https:\/\/anagenshop.pl\/#\/schema\/logo\/image\/"},"sameAs":["https:\/\/www.facebook.com\/Anagenshop\/?locale=pl_PL","https:\/\/www.instagram.com\/anagenshop\/"]}]}},"jetpack_sharing_enabled":true,"_links":{"self":[{"href":"https:\/\/anagenshop.pl\/index.php\/wp-json\/wp\/v2\/pages\/1161","targetHints":{"allow":["GET"]}}],"collection":[{"href":"https:\/\/anagenshop.pl\/index.php\/wp-json\/wp\/v2\/pages"}],"about":[{"href":"https:\/\/anagenshop.pl\/index.php\/wp-json\/wp\/v2\/types\/page"}],"author":[{"embeddable":true,"href":"https:\/\/anagenshop.pl\/index.php\/wp-json\/wp\/v2\/users\/1"}],"replies":[{"embeddable":true,"href":"https:\/\/anagenshop.pl\/index.php\/wp-json\/wp\/v2\/comments?post=1161"}],"version-history":[{"count":2,"href":"https:\/\/anagenshop.pl\/index.php\/wp-json\/wp\/v2\/pages\/1161\/revisions"}],"predecessor-version":[{"id":1175,"href":"https:\/\/anagenshop.pl\/index.php\/wp-json\/wp\/v2\/pages\/1161\/revisions\/1175"}],"wp:attachment":[{"href":"https:\/\/anagenshop.pl\/index.php\/wp-json\/wp\/v2\/media?parent=1161"}],"curies":[{"name":"wp","href":"https:\/\/api.w.org\/{rel}","templated":true}]}}