{"id":3,"date":"2026-02-06T15:05:07","date_gmt":"2026-02-06T14:05:07","guid":{"rendered":"http:\/\/serwer419025.lh.pl\/autoinstalator\/serwer419025.lh.pl\/wordpress150433\/?page_id=3"},"modified":"2026-02-08T20:48:33","modified_gmt":"2026-02-08T19:48:33","slug":"polityka-prywatnosci","status":"publish","type":"page","link":"https:\/\/anagenshop.pl\/index.php\/polityka-prywatnosci\/","title":{"rendered":"Polityka prywatno\u015bci"},"content":{"rendered":"\n<h2 class=\"wp-block-heading\">I. Postanowienia wst\u0119pne<br><br>\u00a7 1<br>Poj\u0119cia pisane wielkimi literami maj\u0105 znaczenie nadane im w&nbsp;Regulaminie sklepu internetowego anagenshop.pl, przy czym poj\u0119cie Klienta oznacza w&nbsp;zale\u017cno\u015bci od kontekstu Klienta lub&nbsp;internaut\u0119 odwiedzaj\u0105cego strony Sklepu.<br>\u00a7 2<br><strong>Anagen shop Pawe\u0142 Bazarewski ul. Sybirak\u00f3w 16\/36. 15-204 Bia\u0142ystok NIP:9662010048 anagenshop.pl&nbsp;zwany dalej \u201eSprzedawc\u0105\u201d, wprowadza niniejsz\u0105 Polityk\u0119 Prywatno\u015bci i&nbsp;Plik\u00f3w Cookies, zwan\u0105 dalej \u201ePolityk\u0105\u201d.<\/strong><br><br>II. Dane osobowe<\/h2>\n\n\n\n<p>\u00a7 3<br>1. Klient w\u00a0celu korzystania z\u00a0us\u0142ug oferowanych przez Sprzedawc\u0119 za po\u015brednictwem Sklepu musi wype\u0142ni\u0107 odpowiedni formularz. Wymagane jest tam podanie okre\u015blonych danych osobowych.<br>2. Podanie danych osobowych w\u00a0formularzu jest dobrowolne, jednak\u00a0konieczne do \u015bwiadczenia us\u0142ug przez Sprzedawc\u0119 na\u00a0rzecz Klienta za po\u015brednictwem Sklepu. Bez podania danych osobowych \u015bwiadczenie tych us\u0142ug nie b\u0119dzie mo\u017cliwe.<br>3. Wszelkie dane osobowe, kt\u00f3re Klient wprowadzi do formularza rejestracyjnego, formularza zam\u00f3wienia lub\u00a0poda w\u00a0korespondencji ze Sprzedawc\u0105, s\u0105 przetwarzane w\u00a0spos\u00f3b zgodny z\u00a0wymogami okre\u015blonymi w\u00a0prawie polskim, a\u00a0przede wszystkim w\u00a0rozporz\u0105dzeniu Parlamentu Europejskiego i\u00a0Rady (UE) 2016\/679 z\u00a0dnia 27 kwietnia 2016 r. w\u00a0sprawie ochrony os\u00f3b fizycznych w\u00a0zwi\u0105zku z\u00a0przetwarzaniem danych osobowych i\u00a0w sprawie swobodnego przep\u0142ywu takich danych oraz\u00a0uchylenia dyrektywy 95\/46\/WE, zwanego dalej \u201eRODO\u201d.<br>\u00a7 4<br>1. Administratorem danych osobowych jest Sprzedawca.<br>2. Sprzedawca mo\u017ce powierzy\u0107 przetwarzanie zebranych danych osobowych Klient\u00f3w innemu podmiotowi na\u00a0podstawie zawartej z\u00a0nim umowy powierzenia przetwarzania danych osobowych.<br>3. Sprzedawca informuje tak\u017ce, \u017ce\u00a0odbiorcami danych osobowych b\u0119d\u0105: podmioty zapewniaj\u0105ce hosting Sklepu lub\u00a0danych dla Sprzedawcy, dostawcy narz\u0119dzi do wysy\u0142ania newsletter\u00f3w, dostawcy narz\u0119dzi analitycznych, dostawcy narz\u0119dzi do prowadzenia marketingu, agencje marketingowe, operatorzy p\u0142atno\u015bci dost\u0119pnych w\u00a0Sklepie, kurierzy i\u00a0poczta oferuj\u0105cy dostaw\u0119 towaru zakupionego w\u00a0Sklepie, franczyzobiorcy Sprzedawcy, a\u00a0w odniesieniu do danych podanych w\u00a0formularzu wyra\u017cenia opinii o\u00a0produkcie &#8211; osoby odwiedzaj\u0105ce stron\u0119 internetow\u0105 Sklepu.<br>\u00a7 5<br>1. Klient ma prawo dost\u0119pu do swoich danych osobowych, ich poprawiania, \u017c\u0105dania ich usuni\u0119cia, ograniczenia przetwarzania oraz\u00a0przenoszenia danych osobowych. Je\u017celi dane osobowe b\u0119d\u0105 przetwarzane niezgodnie z\u00a0prawem, w\u00f3wczas Klient ma prawo wniesienia skargi do organu nadzorczego.<br>2. Klient ma tak\u017ce dwa rodzaje prawa do wniesienia sprzeciwu wobec przetwarzania danych osobowych, je\u017celi dane osobowe s\u0105 przetwarzane:<br>a) na\u00a0potrzeby marketingu bezpo\u015bredniego; tego sprzeciwu nie trzeba uzasadnia\u0107,<br>b) na\u00a0podstawie innych prawnie uzasadnionych interes\u00f3w Sprzedawcy; taki sprzeciw wymaga uzasadnienia szczeg\u00f3ln\u0105 sytuacj\u0105 Klienta.<br>\u00a7 6<\/p>\n\n\n\n<p><br><strong>1. Sprzedawca przetwarza dane osobowe takie jak Nazwa i nip firmy, Imi\u0119, nazwisko, adres, numer telefonu, adres mailowy,\u00a0 Klient\u00f3w i\u00a0wykorzystuje je w\u00a0zakresie i\u00a0w celu niezb\u0119dnym do realizacji us\u0142ug oferowanych za po\u015brednictwem Sklepu, w\u00a0tym w\u00a0celu rozpoznawania reklamacji i\u00a0realizacja prawa do odst\u0105pienia od umowy, udzielenia odpowiedzi na\u00a0pytania przedstawione przez Klienta w\u00a0formularzu kontaktowym, rozwi\u0105zania sprawy przedstawionej przez Klienta Sprzedawcy w\u00a0trakcie kontaktu, umo\u017cliwienia Klientowi wyra\u017cenia opinii o\u00a0produkcie i\u00a0publikacji tej\u017ce opinii na\u00a0stronie internetowej Sklepu oraz\u00a0w\u00a0celu marketingowym polegaj\u0105cym na\u00a0promocji Sprzedawcy, jego us\u0142ug oraz\u00a0Sklepu.<\/strong><\/p>\n\n\n\n<p><br><strong>2. Podstaw\u0105 prawn\u0105 przetwarzania danych osobowych s\u0105 art. 6 ust. 1 lit. b, c oraz\u00a0lit. f RODO. Prawnie uzasadnionym interesem administratora jest prowadzenie marketingu w\u0142asnych us\u0142ug oraz\u00a0samego Sprzedawcy, udzielenie odpowiedzi na\u00a0pytanie przedstawione przez Klienta oraz\u00a0rozwi\u0105zanie przedstawionej przez niego sprawy, jak r\u00f3wnie\u017c umo\u017cliwienie Klientowi wyra\u017cenia opinii o\u00a0produkcie oraz\u00a0jej publikacja na\u00a0stronie internetowej Sklepu.<\/strong><\/p>\n\n\n\n<p><br>3. Na podstawie dodatkowej i\u00a0opcjonalnej zgody, kt\u00f3r\u0105 Klient mo\u017ce wyrazi\u0107 w\u00a0osobnym o\u015bwiadczeniu, Sprzedawca ma prawo do wysy\u0142ania na\u00a0podane przez niego adresy e-mail newsletter\u00f3w, w\u00a0tym informacji o\u00a0nowych towarach lub\u00a0akcjach promocyjnych. W przypadku wyra\u017cenia takiej zgody podstaw\u0105 prawn\u0105 przetwarzania danych osobowych b\u0119dzie tak\u017ce art. 10 ustawy z\u00a0dnia 18.07.2002 r. o\u00a0\u015bwiadczeniu us\u0142ug drog\u0105 elektroniczn\u0105 oraz\u00a0art. 172 ustawy z\u00a0dnia 16.07.2004 r. Prawo telekomunikacyjne. Je\u017celi Klient udzieli takiej zgody, to mo\u017ce j\u0105 nast\u0119pnie w\u00a0ka\u017cdej chwili odwo\u0142a\u0107. Odwo\u0142anie zgody nie wp\u0142ywa na\u00a0zgodno\u015b\u0107 z\u00a0prawem przetwarzania danych osobowych przed jego dokonaniem.<br>\u00a7 7<br>Dane osobowe b\u0119d\u0105 przetwarzane przez czas potrzebny na\u00a0realizacj\u0119 us\u0142ug na\u00a0rzecz Klienta przez Sprzedawc\u0119, a\u00a0po zako\u0144czeniu ich \u015bwiadczenia przez czas potrzebny na\u00a0wykazanie prawid\u0142owo\u015bci wykonania obowi\u0105zk\u00f3w Sprzedawcy na\u00a0rzecz Klienta. Okres ten odpowiada d\u0142ugo\u015bci okresu przedawnienia roszcze\u0144 oraz\u00a0okres przedawnienia zobowi\u0105za\u0144 podatkowych. Dane osobowe przetwarzane w\u00a0zakresie prowadzenia dzia\u0142a\u0144 marketingowych b\u0119d\u0105 przetwarzane przez czas ich prowadzenia przez Sprzedawc\u0119 lub\u00a0wyra\u017cenia przez Klienta sprzeciwu wobec dalszego przetwarzania danych osobowych w\u00a0celach marketingowych, lub\u00a0odwo\u0142ania zgody na\u00a0wysy\u0142anie informacji marketingowych na\u00a0adres e-mail. Dane osobowe przetwarzane w\u00a0zwi\u0105zku z\u00a0nawi\u0105zaniem kontaktu przez Klienta ze Sprzedawc\u0105 b\u0119d\u0105 przetwarzane przez czas potrzebny na\u00a0udzielenie odpowiedzi na\u00a0wiadomo\u015b\u0107 Klienta i\u00a0rozwi\u0105zanie poruszonej w\u00a0niej sprawy. Dane osobowe przetwarzane na\u00a0potrzeby wyra\u017cenia przez Klienta opinii o\u00a0produkcie oraz\u00a0w zwi\u0105zku z\u00a0publikacj\u0105 takiej opinii b\u0119d\u0105 przetwarzane przez czas dost\u0119pno\u015bci w\u00a0ofercie Sklepu produktu, kt\u00f3rego opinia dotyczy.<br>\u00a7 8<br>Sprzedawca stosuje wymagane aktualnymi przepisami o\u00a0ochronie danych osobowych \u015brodki techniczne zapobiegaj\u0105ce pozyskiwaniu i\u00a0modyfikowaniu przez osoby nieuprawnione danych osobowych przesy\u0142anych drog\u0105 elektroniczn\u0105.<br><br>III. Pliki cookies<br><br>\u00a7 9<br>1. Sklep wykorzystuje pliki cookies (tzw. \u201eciasteczka\u201d), czyli niewielkie informacje tekstowe, przechowywane na\u00a0urz\u0105dzeniu Klienta, kt\u00f3re mog\u0105 by\u0107 nast\u0119pnie odczytywane przez Sprzedawc\u0119.<br>2. Pliki cookies wykorzystywane s\u0105 w\u00a0celu:<br>a) dostosowania zawarto\u015bci Sklepu do preferencji Klienta oraz\u00a0optymalizacji korzystania ze Sklepu; w\u00a0szczeg\u00f3lno\u015bci pliki te pozwalaj\u0105 rozpozna\u0107 urz\u0105dzenie Klienta i\u00a0odpowiednio wy\u015bwietli\u0107 stron\u0119 internetow\u0105, dostosowan\u0105 do jego indywidualnych potrzeb;<br>b) utrzymania sesji Klienta, dzi\u0119ki kt\u00f3rej Klient nie musi na\u00a0ka\u017cdej podstronie Serwisu ponownie wpisywa\u0107 loginu i\u00a0has\u0142a;<br>c) dostosowania zawarto\u015bci newslettera do preferencji Klienta;<br>d) wykrywania nadu\u017cy\u0107 w\u00a0zakresie uwierzytelniania w\u00a0Sklepie;<br>e) marketingowym, w\u00a0tym prowadzenia remarketingu, czyli wy\u015bwietlania Klientowi reklam dotycz\u0105cych Sklepu i\u00a0Sprzedawcy na\u00a0innych stronach internetowych.<br>3. Administrator wykorzystuje cookies zewn\u0119trzne w\u00a0celu:<br>a. popularyzacji Sklepu za pomoc\u0105 serwis\u00f3w spo\u0142eczno\u015bciowych: Facebook, Instagram.<br>4. W ramach Sklepu stosowane s\u0105 dwa zasadnicze rodzaje plik\u00f3w cookies:<br>a. \u201esesyjne\u201d (session cookies): s\u0105 plikami tymczasowymi, kt\u00f3re przechowywane s\u0105 w\u00a0urz\u0105dzeniu Klienta do czasu wylogowania, opuszczenia strony internetowej lub\u00a0wy\u0142\u0105czenia przegl\u0105darki internetowej;<br>b. \u201esta\u0142e\u201d (persistent cookies):przechowywane s\u0105 w\u00a0urz\u0105dzeniu Klienta przez czas okre\u015blony w\u00a0parametrach plik\u00f3w cookies lub\u00a0do czasu ich usuni\u0119cia przez niego.<br>\u00a7 10<br>Sprzedawca informuje tak\u017ce Klient\u00f3w, \u017ce\u00a0istnieje mo\u017cliwo\u015b\u0107 takiej konfiguracji przegl\u0105darki internetowej, kt\u00f3ra uniemo\u017cliwia przechowywanie plik\u00f3w cookies na\u00a0urz\u0105dzeniu Klienta.<br>Sprzedawca wskazuje tak\u017ce, \u017ce\u00a0pliki cookies mog\u0105 by\u0107 przez Klienta usuni\u0119te po ich zapisaniu przez Sprzedawc\u0119, poprzez: odpowiednie funkcje przegl\u0105darki internetowej, programy s\u0142u\u017c\u0105ce w\u00a0tym celu lub\u00a0skorzystanie z\u00a0odpowiednich narz\u0119dzi dost\u0119pnych w\u00a0ramach systemu operacyjnego, z\u00a0kt\u00f3rego korzysta Klient.<br>Pod poni\u017cszymi linkami zamieszczone s\u0105 informacje o\u00a0sposobach usuni\u0119cia cookies w\u00a0najpopularniejszych przegl\u0105darkach internetowych:<br>Firefox:\u00a0<a href=\"http:\/\/support.mozilla.org\/pl\/kb\/usuwanie-ciasteczek\">http:\/\/support.mozilla.org\/pl\/kb\/usuwanie-ciasteczek<\/a>,<br>Opera:\u00a0<a href=\"http:\/\/help.opera.com\/Linux\/9.60\/pl\/cookies.html\">http:\/\/help.opera.com\/Linux\/9.60\/pl\/cookies.html<\/a>,<br>Internet Explorer:\u00a0<a href=\"http:\/\/support.microsoft.com\/kb\/278835\/pl\">http:\/\/support.microsoft.com\/kb\/278835\/pl<\/a>,<br>Chrome:\u00a0<a href=\"http:\/\/support.google.com\/chrome\/bin\/answer.py?hl=pl&amp;answer=95647\">http:\/\/support.google.com\/chrome\/bin\/answer.py?hl=pl&amp;answer=95647<\/a><br>\u00a7 11<br>Sprzedawca informuje tak\u017ce Klient\u00f3w, \u017ce\u00a0zmiana konfiguracji przegl\u0105darki internetowej, kt\u00f3ra uniemo\u017cliwia lub\u00a0ogranicza przechowywanie plik\u00f3w cookies na\u00a0urz\u0105dzeniu Klienta, mo\u017ce spowodowa\u0107 ograniczenia funkcjonalno\u015bci \u015bwiadczonych us\u0142ug. Do podobnych skutk\u00f3w mo\u017ce prowadzi\u0107 wykasowanie plik\u00f3w cookies w\u00a0trakcie \u015bwiadczenia us\u0142ugi. Mo\u017ce to powodowa\u0107 brak mo\u017cliwo\u015bci zalogowania si\u0119 do Sklepu lub\u00a0przerwanie sesji po zalogowaniu.<br>\u00a7 12<br>Pliki cookies zamieszczane w\u00a0urz\u0105dzeniu Klienta mog\u0105 by\u0107 wykorzystywane r\u00f3wnie\u017c przez wsp\u00f3\u0142pracuj\u0105ce ze Sprzedawc\u0105 podmioty trzecie.<strong><a href=\"https:\/\/policies.google.com\/technologies\/partner-sites\"><br><\/a><\/strong><br>IV. Inne<br><br>\u00a7 13<br>Klient nie ma mo\u017cliwo\u015bci korzystania z\u00a0us\u0142ug realizowanych za po\u015brednictwem Sklepu anonimowo lub\u00a0pod pseudonimem.<br>\u00a7 14<br>Sprzedawca b\u0119dzie tak\u017ce rejestrowa\u0142 nr IP komputera, za kt\u00f3rego po\u015brednictwem Klient b\u0119dzie korzysta\u0107 ze Sklepu. Powy\u017csze ma celu optymalizacj\u0119 zawarto\u015bci Sklepu, by by\u0142a ona najlepiej dopasowana do potrzeb Klienta.<br>\u00a7 15<br>1. W przypadku pyta\u0144 i\u00a0opinii dotycz\u0105cych stosowanej przez Sprzedawcy Polityki prosimy o\u00a0ich przesy\u0142anie na\u00a0adres e-mail:\u00a0anagenshops@gmail.com<br>2. Polityka znajduje si\u0119 na\u00a0stronie\u00a0anagenshop.pl oraz\u00a0w\u00a0siedzibie Sprzedawcy.<\/p>\n","protected":false},"excerpt":{"rendered":"<p>I. Postanowienia wst\u0119pne \u00a7 1Poj\u0119cia pisane wielkimi literami maj\u0105 znaczenie nadane im w&nbsp;Regulaminie sklepu internetowego anagenshop.pl, przy czym poj\u0119cie Klienta oznacza w&nbsp;zale\u017cno\u015bci od kontekstu Klienta lub&nbsp;internaut\u0119 odwiedzaj\u0105cego strony Sklepu.\u00a7 2Anagen shop Pawe\u0142 Bazarewski ul. Sybirak\u00f3w 16\/36. 15-204 Bia\u0142ystok NIP:9662010048 anagenshop.pl&nbsp;zwany dalej \u201eSprzedawc\u0105\u201d, wprowadza niniejsz\u0105 Polityk\u0119 Prywatno\u015bci i&nbsp;Plik\u00f3w Cookies, zwan\u0105 dalej \u201ePolityk\u0105\u201d. II. Dane osobowe \u00a7 [&hellip;]<\/p>\n","protected":false},"author":1,"featured_media":0,"parent":0,"menu_order":0,"comment_status":"closed","ping_status":"open","template":"","meta":{"_kadence_starter_templates_imported_post":false,"footnotes":""},"class_list":["post-3","page","type-page","status-publish","hentry"],"yoast_head":"<!-- This site is optimized with the Yoast SEO plugin v27.4 - https:\/\/yoast.com\/product\/yoast-seo-wordpress\/ -->\n<title>Polityka prywatno\u015bci - Anagen shop<\/title>\n<meta name=\"robots\" content=\"index, follow, max-snippet:-1, max-image-preview:large, max-video-preview:-1\" \/>\n<link rel=\"canonical\" href=\"https:\/\/anagenshop.pl\/index.php\/polityka-prywatnosci\/\" \/>\n<meta property=\"og:locale\" content=\"pl_PL\" \/>\n<meta property=\"og:type\" content=\"article\" \/>\n<meta property=\"og:title\" content=\"Polityka prywatno\u015bci - Anagen shop\" \/>\n<meta property=\"og:description\" content=\"I. Postanowienia wst\u0119pne \u00a7 1Poj\u0119cia pisane wielkimi literami maj\u0105 znaczenie nadane im w&nbsp;Regulaminie sklepu internetowego anagenshop.pl, przy czym poj\u0119cie Klienta oznacza w&nbsp;zale\u017cno\u015bci od kontekstu Klienta lub&nbsp;internaut\u0119 odwiedzaj\u0105cego strony Sklepu.\u00a7 2Anagen shop Pawe\u0142 Bazarewski ul. Sybirak\u00f3w 16\/36. 15-204 Bia\u0142ystok NIP:9662010048 anagenshop.pl&nbsp;zwany dalej \u201eSprzedawc\u0105\u201d, wprowadza niniejsz\u0105 Polityk\u0119 Prywatno\u015bci i&nbsp;Plik\u00f3w Cookies, zwan\u0105 dalej \u201ePolityk\u0105\u201d. II. Dane osobowe \u00a7 [&hellip;]\" \/>\n<meta property=\"og:url\" content=\"https:\/\/anagenshop.pl\/index.php\/polityka-prywatnosci\/\" \/>\n<meta property=\"og:site_name\" content=\"Anagen shop\" \/>\n<meta property=\"article:publisher\" content=\"https:\/\/www.facebook.com\/Anagenshop\/?locale=pl_PL\" \/>\n<meta property=\"article:modified_time\" content=\"2026-02-08T19:48:33+00:00\" \/>\n<meta name=\"twitter:card\" content=\"summary_large_image\" \/>\n<meta name=\"twitter:label1\" content=\"Szacowany czas czytania\" \/>\n\t<meta name=\"twitter:data1\" content=\"7 minut\" \/>\n<script type=\"application\/ld+json\" class=\"yoast-schema-graph\">{\"@context\":\"https:\\\/\\\/schema.org\",\"@graph\":[{\"@type\":\"WebPage\",\"@id\":\"https:\\\/\\\/anagenshop.pl\\\/index.php\\\/polityka-prywatnosci\\\/\",\"url\":\"https:\\\/\\\/anagenshop.pl\\\/index.php\\\/polityka-prywatnosci\\\/\",\"name\":\"Polityka prywatno\u015bci - Anagen shop\",\"isPartOf\":{\"@id\":\"https:\\\/\\\/anagenshop.pl\\\/#website\"},\"datePublished\":\"2026-02-06T14:05:07+00:00\",\"dateModified\":\"2026-02-08T19:48:33+00:00\",\"breadcrumb\":{\"@id\":\"https:\\\/\\\/anagenshop.pl\\\/index.php\\\/polityka-prywatnosci\\\/#breadcrumb\"},\"inLanguage\":\"pl-PL\",\"potentialAction\":[{\"@type\":\"ReadAction\",\"target\":[\"https:\\\/\\\/anagenshop.pl\\\/index.php\\\/polityka-prywatnosci\\\/\"]}]},{\"@type\":\"BreadcrumbList\",\"@id\":\"https:\\\/\\\/anagenshop.pl\\\/index.php\\\/polityka-prywatnosci\\\/#breadcrumb\",\"itemListElement\":[{\"@type\":\"ListItem\",\"position\":1,\"name\":\"Strona g\u0142\u00f3wna\",\"item\":\"https:\\\/\\\/anagenshop.pl\\\/\"},{\"@type\":\"ListItem\",\"position\":2,\"name\":\"Polityka prywatno\u015bci\"}]},{\"@type\":\"WebSite\",\"@id\":\"https:\\\/\\\/anagenshop.pl\\\/#website\",\"url\":\"https:\\\/\\\/anagenshop.pl\\\/\",\"name\":\"Anagen shop\",\"description\":\"Produkty do stylizacji rz\u0119s i brwi, akcesoria i wyposa\u017cenie\",\"publisher\":{\"@id\":\"https:\\\/\\\/anagenshop.pl\\\/#organization\"},\"potentialAction\":[{\"@type\":\"SearchAction\",\"target\":{\"@type\":\"EntryPoint\",\"urlTemplate\":\"https:\\\/\\\/anagenshop.pl\\\/?s={search_term_string}\"},\"query-input\":{\"@type\":\"PropertyValueSpecification\",\"valueRequired\":true,\"valueName\":\"search_term_string\"}}],\"inLanguage\":\"pl-PL\"},{\"@type\":\"Organization\",\"@id\":\"https:\\\/\\\/anagenshop.pl\\\/#organization\",\"name\":\"Anagen shop\",\"url\":\"https:\\\/\\\/anagenshop.pl\\\/\",\"logo\":{\"@type\":\"ImageObject\",\"inLanguage\":\"pl-PL\",\"@id\":\"https:\\\/\\\/anagenshop.pl\\\/#\\\/schema\\\/logo\\\/image\\\/\",\"url\":\"https:\\\/\\\/anagenshop.pl\\\/wp-content\\\/uploads\\\/2026\\\/02\\\/cropped-Znak-wodny-sklep-1.png\",\"contentUrl\":\"https:\\\/\\\/anagenshop.pl\\\/wp-content\\\/uploads\\\/2026\\\/02\\\/cropped-Znak-wodny-sklep-1.png\",\"width\":1847,\"height\":517,\"caption\":\"Anagen shop\"},\"image\":{\"@id\":\"https:\\\/\\\/anagenshop.pl\\\/#\\\/schema\\\/logo\\\/image\\\/\"},\"sameAs\":[\"https:\\\/\\\/www.facebook.com\\\/Anagenshop\\\/?locale=pl_PL\",\"https:\\\/\\\/www.instagram.com\\\/anagenshop\\\/\"]}]}<\/script>\n<!-- \/ Yoast SEO plugin. -->","yoast_head_json":{"title":"Polityka prywatno\u015bci - Anagen shop","robots":{"index":"index","follow":"follow","max-snippet":"max-snippet:-1","max-image-preview":"max-image-preview:large","max-video-preview":"max-video-preview:-1"},"canonical":"https:\/\/anagenshop.pl\/index.php\/polityka-prywatnosci\/","og_locale":"pl_PL","og_type":"article","og_title":"Polityka prywatno\u015bci - Anagen shop","og_description":"I. Postanowienia wst\u0119pne \u00a7 1Poj\u0119cia pisane wielkimi literami maj\u0105 znaczenie nadane im w&nbsp;Regulaminie sklepu internetowego anagenshop.pl, przy czym poj\u0119cie Klienta oznacza w&nbsp;zale\u017cno\u015bci od kontekstu Klienta lub&nbsp;internaut\u0119 odwiedzaj\u0105cego strony Sklepu.\u00a7 2Anagen shop Pawe\u0142 Bazarewski ul. Sybirak\u00f3w 16\/36. 15-204 Bia\u0142ystok NIP:9662010048 anagenshop.pl&nbsp;zwany dalej \u201eSprzedawc\u0105\u201d, wprowadza niniejsz\u0105 Polityk\u0119 Prywatno\u015bci i&nbsp;Plik\u00f3w Cookies, zwan\u0105 dalej \u201ePolityk\u0105\u201d. II. Dane osobowe \u00a7 [&hellip;]","og_url":"https:\/\/anagenshop.pl\/index.php\/polityka-prywatnosci\/","og_site_name":"Anagen shop","article_publisher":"https:\/\/www.facebook.com\/Anagenshop\/?locale=pl_PL","article_modified_time":"2026-02-08T19:48:33+00:00","twitter_card":"summary_large_image","twitter_misc":{"Szacowany czas czytania":"7 minut"},"schema":{"@context":"https:\/\/schema.org","@graph":[{"@type":"WebPage","@id":"https:\/\/anagenshop.pl\/index.php\/polityka-prywatnosci\/","url":"https:\/\/anagenshop.pl\/index.php\/polityka-prywatnosci\/","name":"Polityka prywatno\u015bci - Anagen shop","isPartOf":{"@id":"https:\/\/anagenshop.pl\/#website"},"datePublished":"2026-02-06T14:05:07+00:00","dateModified":"2026-02-08T19:48:33+00:00","breadcrumb":{"@id":"https:\/\/anagenshop.pl\/index.php\/polityka-prywatnosci\/#breadcrumb"},"inLanguage":"pl-PL","potentialAction":[{"@type":"ReadAction","target":["https:\/\/anagenshop.pl\/index.php\/polityka-prywatnosci\/"]}]},{"@type":"BreadcrumbList","@id":"https:\/\/anagenshop.pl\/index.php\/polityka-prywatnosci\/#breadcrumb","itemListElement":[{"@type":"ListItem","position":1,"name":"Strona g\u0142\u00f3wna","item":"https:\/\/anagenshop.pl\/"},{"@type":"ListItem","position":2,"name":"Polityka prywatno\u015bci"}]},{"@type":"WebSite","@id":"https:\/\/anagenshop.pl\/#website","url":"https:\/\/anagenshop.pl\/","name":"Anagen shop","description":"Produkty do stylizacji rz\u0119s i brwi, akcesoria i wyposa\u017cenie","publisher":{"@id":"https:\/\/anagenshop.pl\/#organization"},"potentialAction":[{"@type":"SearchAction","target":{"@type":"EntryPoint","urlTemplate":"https:\/\/anagenshop.pl\/?s={search_term_string}"},"query-input":{"@type":"PropertyValueSpecification","valueRequired":true,"valueName":"search_term_string"}}],"inLanguage":"pl-PL"},{"@type":"Organization","@id":"https:\/\/anagenshop.pl\/#organization","name":"Anagen shop","url":"https:\/\/anagenshop.pl\/","logo":{"@type":"ImageObject","inLanguage":"pl-PL","@id":"https:\/\/anagenshop.pl\/#\/schema\/logo\/image\/","url":"https:\/\/anagenshop.pl\/wp-content\/uploads\/2026\/02\/cropped-Znak-wodny-sklep-1.png","contentUrl":"https:\/\/anagenshop.pl\/wp-content\/uploads\/2026\/02\/cropped-Znak-wodny-sklep-1.png","width":1847,"height":517,"caption":"Anagen shop"},"image":{"@id":"https:\/\/anagenshop.pl\/#\/schema\/logo\/image\/"},"sameAs":["https:\/\/www.facebook.com\/Anagenshop\/?locale=pl_PL","https:\/\/www.instagram.com\/anagenshop\/"]}]}},"jetpack_sharing_enabled":true,"_links":{"self":[{"href":"https:\/\/anagenshop.pl\/index.php\/wp-json\/wp\/v2\/pages\/3","targetHints":{"allow":["GET"]}}],"collection":[{"href":"https:\/\/anagenshop.pl\/index.php\/wp-json\/wp\/v2\/pages"}],"about":[{"href":"https:\/\/anagenshop.pl\/index.php\/wp-json\/wp\/v2\/types\/page"}],"author":[{"embeddable":true,"href":"https:\/\/anagenshop.pl\/index.php\/wp-json\/wp\/v2\/users\/1"}],"replies":[{"embeddable":true,"href":"https:\/\/anagenshop.pl\/index.php\/wp-json\/wp\/v2\/comments?post=3"}],"version-history":[{"count":1,"href":"https:\/\/anagenshop.pl\/index.php\/wp-json\/wp\/v2\/pages\/3\/revisions"}],"predecessor-version":[{"id":430,"href":"https:\/\/anagenshop.pl\/index.php\/wp-json\/wp\/v2\/pages\/3\/revisions\/430"}],"wp:attachment":[{"href":"https:\/\/anagenshop.pl\/index.php\/wp-json\/wp\/v2\/media?parent=3"}],"curies":[{"name":"wp","href":"https:\/\/api.w.org\/{rel}","templated":true}]}}