{"id":585,"date":"2026-02-15T20:33:09","date_gmt":"2026-02-15T19:33:09","guid":{"rendered":"https:\/\/anagenshop.pl?page_id=585"},"modified":"2026-02-15T20:33:54","modified_gmt":"2026-02-15T19:33:54","slug":"czas-i-koszt-dostawy","status":"publish","type":"page","link":"https:\/\/anagenshop.pl\/index.php\/czas-i-koszt-dostawy\/","title":{"rendered":"Czas i koszt dostawy"},"content":{"rendered":"\n<details class=\"wp-block-details is-layout-flow wp-block-details-is-layout-flow\"><summary><strong>Koszt dostawy<\/strong>\u00a0jest uzale\u017cniony od wybranej metody dostawy oraz sposobu p\u0142atno\u015bci (przedp\u0142ata lub p\u0142atno\u015b\u0107 za pobraniem).\u00a0<\/summary>\n<figure class=\"wp-block-table\"><table class=\"has-fixed-layout\"><tbody><tr><td>Metoda Dostawy<\/td><td>P\u0142atno\u015b\u0107 Online\/Przelew<\/td><td>Pobranie<\/td><td>Czas Dostawy<\/td><\/tr><tr><td>Kurier Inpost<\/td><td>19,90 z\u0142<\/td><td>29,90 z\u0142<\/td><td>do 48H<\/td><\/tr><tr><td>Paczkomat Inpost<\/td><td>19,90 z\u0142<\/td><td>&#8211;<\/td><td>do 48H<\/td><\/tr><\/tbody><\/table><\/figure>\n<\/details>\n\n\n\n<p>Na ca\u0142kowity czas realizacji zam\u00f3wienia sk\u0142ada si\u0119 czas potrzebny do wysy\u0142ki produktu (podany na stronie produktu) oraz czas dostawy. Je\u015bli produkt znajduje si\u0119 w naszym magazynie to realizacja zam\u00f3wienia (wraz z dostaw\u0105) wynosi od 2-5 dni roboczych.<\/p>\n\n\n\n<p><\/p>\n","protected":false},"excerpt":{"rendered":"<p>Na ca\u0142kowity czas realizacji zam\u00f3wienia sk\u0142ada si\u0119 czas potrzebny do wysy\u0142ki produktu (podany na stronie produktu) oraz czas dostawy. Je\u015bli produkt znajduje si\u0119 w naszym magazynie to realizacja zam\u00f3wienia (wraz z dostaw\u0105) wynosi od 2-5 dni roboczych.<\/p>\n","protected":false},"author":1,"featured_media":0,"parent":0,"menu_order":0,"comment_status":"closed","ping_status":"closed","template":"","meta":{"_kadence_starter_templates_imported_post":false,"footnotes":""},"class_list":["post-585","page","type-page","status-publish","hentry"],"yoast_head":"<!-- This site is optimized with the Yoast SEO plugin v27.4 - https:\/\/yoast.com\/product\/yoast-seo-wordpress\/ -->\n<title>Czas i koszt dostawy - Anagen shop<\/title>\n<meta name=\"robots\" content=\"index, follow, max-snippet:-1, max-image-preview:large, max-video-preview:-1\" \/>\n<link rel=\"canonical\" href=\"https:\/\/anagenshop.pl\/index.php\/czas-i-koszt-dostawy\/\" \/>\n<meta property=\"og:locale\" content=\"pl_PL\" \/>\n<meta property=\"og:type\" content=\"article\" \/>\n<meta property=\"og:title\" content=\"Czas i koszt dostawy - Anagen shop\" \/>\n<meta property=\"og:description\" content=\"Na ca\u0142kowity czas realizacji zam\u00f3wienia sk\u0142ada si\u0119 czas potrzebny do wysy\u0142ki produktu (podany na stronie produktu) oraz czas dostawy. Je\u015bli produkt znajduje si\u0119 w naszym magazynie to realizacja zam\u00f3wienia (wraz z dostaw\u0105) wynosi od 2-5 dni roboczych.\" \/>\n<meta property=\"og:url\" content=\"https:\/\/anagenshop.pl\/index.php\/czas-i-koszt-dostawy\/\" \/>\n<meta property=\"og:site_name\" content=\"Anagen shop\" \/>\n<meta property=\"article:publisher\" content=\"https:\/\/www.facebook.com\/Anagenshop\/?locale=pl_PL\" \/>\n<meta property=\"article:modified_time\" content=\"2026-02-15T19:33:54+00:00\" \/>\n<meta name=\"twitter:card\" content=\"summary_large_image\" \/>\n<script type=\"application\/ld+json\" class=\"yoast-schema-graph\">{\"@context\":\"https:\\\/\\\/schema.org\",\"@graph\":[{\"@type\":\"WebPage\",\"@id\":\"https:\\\/\\\/anagenshop.pl\\\/index.php\\\/czas-i-koszt-dostawy\\\/\",\"url\":\"https:\\\/\\\/anagenshop.pl\\\/index.php\\\/czas-i-koszt-dostawy\\\/\",\"name\":\"Czas i koszt dostawy - Anagen shop\",\"isPartOf\":{\"@id\":\"https:\\\/\\\/anagenshop.pl\\\/#website\"},\"datePublished\":\"2026-02-15T19:33:09+00:00\",\"dateModified\":\"2026-02-15T19:33:54+00:00\",\"breadcrumb\":{\"@id\":\"https:\\\/\\\/anagenshop.pl\\\/index.php\\\/czas-i-koszt-dostawy\\\/#breadcrumb\"},\"inLanguage\":\"pl-PL\",\"potentialAction\":[{\"@type\":\"ReadAction\",\"target\":[\"https:\\\/\\\/anagenshop.pl\\\/index.php\\\/czas-i-koszt-dostawy\\\/\"]}]},{\"@type\":\"BreadcrumbList\",\"@id\":\"https:\\\/\\\/anagenshop.pl\\\/index.php\\\/czas-i-koszt-dostawy\\\/#breadcrumb\",\"itemListElement\":[{\"@type\":\"ListItem\",\"position\":1,\"name\":\"Strona g\u0142\u00f3wna\",\"item\":\"https:\\\/\\\/anagenshop.pl\\\/\"},{\"@type\":\"ListItem\",\"position\":2,\"name\":\"Czas i koszt dostawy\"}]},{\"@type\":\"WebSite\",\"@id\":\"https:\\\/\\\/anagenshop.pl\\\/#website\",\"url\":\"https:\\\/\\\/anagenshop.pl\\\/\",\"name\":\"Anagen shop\",\"description\":\"Produkty do stylizacji rz\u0119s i brwi, akcesoria i wyposa\u017cenie\",\"publisher\":{\"@id\":\"https:\\\/\\\/anagenshop.pl\\\/#organization\"},\"potentialAction\":[{\"@type\":\"SearchAction\",\"target\":{\"@type\":\"EntryPoint\",\"urlTemplate\":\"https:\\\/\\\/anagenshop.pl\\\/?s={search_term_string}\"},\"query-input\":{\"@type\":\"PropertyValueSpecification\",\"valueRequired\":true,\"valueName\":\"search_term_string\"}}],\"inLanguage\":\"pl-PL\"},{\"@type\":\"Organization\",\"@id\":\"https:\\\/\\\/anagenshop.pl\\\/#organization\",\"name\":\"Anagen shop\",\"url\":\"https:\\\/\\\/anagenshop.pl\\\/\",\"logo\":{\"@type\":\"ImageObject\",\"inLanguage\":\"pl-PL\",\"@id\":\"https:\\\/\\\/anagenshop.pl\\\/#\\\/schema\\\/logo\\\/image\\\/\",\"url\":\"https:\\\/\\\/anagenshop.pl\\\/wp-content\\\/uploads\\\/2026\\\/02\\\/cropped-Znak-wodny-sklep-1.png\",\"contentUrl\":\"https:\\\/\\\/anagenshop.pl\\\/wp-content\\\/uploads\\\/2026\\\/02\\\/cropped-Znak-wodny-sklep-1.png\",\"width\":1847,\"height\":517,\"caption\":\"Anagen shop\"},\"image\":{\"@id\":\"https:\\\/\\\/anagenshop.pl\\\/#\\\/schema\\\/logo\\\/image\\\/\"},\"sameAs\":[\"https:\\\/\\\/www.facebook.com\\\/Anagenshop\\\/?locale=pl_PL\",\"https:\\\/\\\/www.instagram.com\\\/anagenshop\\\/\"]}]}<\/script>\n<!-- \/ Yoast SEO plugin. -->","yoast_head_json":{"title":"Czas i koszt dostawy - Anagen shop","robots":{"index":"index","follow":"follow","max-snippet":"max-snippet:-1","max-image-preview":"max-image-preview:large","max-video-preview":"max-video-preview:-1"},"canonical":"https:\/\/anagenshop.pl\/index.php\/czas-i-koszt-dostawy\/","og_locale":"pl_PL","og_type":"article","og_title":"Czas i koszt dostawy - Anagen shop","og_description":"Na ca\u0142kowity czas realizacji zam\u00f3wienia sk\u0142ada si\u0119 czas potrzebny do wysy\u0142ki produktu (podany na stronie produktu) oraz czas dostawy. Je\u015bli produkt znajduje si\u0119 w naszym magazynie to realizacja zam\u00f3wienia (wraz z dostaw\u0105) wynosi od 2-5 dni roboczych.","og_url":"https:\/\/anagenshop.pl\/index.php\/czas-i-koszt-dostawy\/","og_site_name":"Anagen shop","article_publisher":"https:\/\/www.facebook.com\/Anagenshop\/?locale=pl_PL","article_modified_time":"2026-02-15T19:33:54+00:00","twitter_card":"summary_large_image","schema":{"@context":"https:\/\/schema.org","@graph":[{"@type":"WebPage","@id":"https:\/\/anagenshop.pl\/index.php\/czas-i-koszt-dostawy\/","url":"https:\/\/anagenshop.pl\/index.php\/czas-i-koszt-dostawy\/","name":"Czas i koszt dostawy - Anagen shop","isPartOf":{"@id":"https:\/\/anagenshop.pl\/#website"},"datePublished":"2026-02-15T19:33:09+00:00","dateModified":"2026-02-15T19:33:54+00:00","breadcrumb":{"@id":"https:\/\/anagenshop.pl\/index.php\/czas-i-koszt-dostawy\/#breadcrumb"},"inLanguage":"pl-PL","potentialAction":[{"@type":"ReadAction","target":["https:\/\/anagenshop.pl\/index.php\/czas-i-koszt-dostawy\/"]}]},{"@type":"BreadcrumbList","@id":"https:\/\/anagenshop.pl\/index.php\/czas-i-koszt-dostawy\/#breadcrumb","itemListElement":[{"@type":"ListItem","position":1,"name":"Strona g\u0142\u00f3wna","item":"https:\/\/anagenshop.pl\/"},{"@type":"ListItem","position":2,"name":"Czas i koszt dostawy"}]},{"@type":"WebSite","@id":"https:\/\/anagenshop.pl\/#website","url":"https:\/\/anagenshop.pl\/","name":"Anagen shop","description":"Produkty do stylizacji rz\u0119s i brwi, akcesoria i wyposa\u017cenie","publisher":{"@id":"https:\/\/anagenshop.pl\/#organization"},"potentialAction":[{"@type":"SearchAction","target":{"@type":"EntryPoint","urlTemplate":"https:\/\/anagenshop.pl\/?s={search_term_string}"},"query-input":{"@type":"PropertyValueSpecification","valueRequired":true,"valueName":"search_term_string"}}],"inLanguage":"pl-PL"},{"@type":"Organization","@id":"https:\/\/anagenshop.pl\/#organization","name":"Anagen shop","url":"https:\/\/anagenshop.pl\/","logo":{"@type":"ImageObject","inLanguage":"pl-PL","@id":"https:\/\/anagenshop.pl\/#\/schema\/logo\/image\/","url":"https:\/\/anagenshop.pl\/wp-content\/uploads\/2026\/02\/cropped-Znak-wodny-sklep-1.png","contentUrl":"https:\/\/anagenshop.pl\/wp-content\/uploads\/2026\/02\/cropped-Znak-wodny-sklep-1.png","width":1847,"height":517,"caption":"Anagen shop"},"image":{"@id":"https:\/\/anagenshop.pl\/#\/schema\/logo\/image\/"},"sameAs":["https:\/\/www.facebook.com\/Anagenshop\/?locale=pl_PL","https:\/\/www.instagram.com\/anagenshop\/"]}]}},"jetpack_sharing_enabled":true,"_links":{"self":[{"href":"https:\/\/anagenshop.pl\/index.php\/wp-json\/wp\/v2\/pages\/585","targetHints":{"allow":["GET"]}}],"collection":[{"href":"https:\/\/anagenshop.pl\/index.php\/wp-json\/wp\/v2\/pages"}],"about":[{"href":"https:\/\/anagenshop.pl\/index.php\/wp-json\/wp\/v2\/types\/page"}],"author":[{"embeddable":true,"href":"https:\/\/anagenshop.pl\/index.php\/wp-json\/wp\/v2\/users\/1"}],"replies":[{"embeddable":true,"href":"https:\/\/anagenshop.pl\/index.php\/wp-json\/wp\/v2\/comments?post=585"}],"version-history":[{"count":2,"href":"https:\/\/anagenshop.pl\/index.php\/wp-json\/wp\/v2\/pages\/585\/revisions"}],"predecessor-version":[{"id":587,"href":"https:\/\/anagenshop.pl\/index.php\/wp-json\/wp\/v2\/pages\/585\/revisions\/587"}],"wp:attachment":[{"href":"https:\/\/anagenshop.pl\/index.php\/wp-json\/wp\/v2\/media?parent=585"}],"curies":[{"name":"wp","href":"https:\/\/api.w.org\/{rel}","templated":true}]}}