{"id":588,"date":"2026-02-15T20:35:37","date_gmt":"2026-02-15T19:35:37","guid":{"rendered":"https:\/\/anagenshop.pl?page_id=588"},"modified":"2026-02-15T20:35:38","modified_gmt":"2026-02-15T19:35:38","slug":"czas-realizacji-zamowienia","status":"publish","type":"page","link":"https:\/\/anagenshop.pl\/index.php\/czas-realizacji-zamowienia\/","title":{"rendered":"Czas realizacji zam\u00f3wienia"},"content":{"rendered":"\n<p>Na stronie produktu znajdziesz dok\u0142adna informacje o czasie, jaki potrzebujemy, aby przygotowa\u0107 produkt do wysy\u0142ki. Realizacj\u0119 zam\u00f3wienia rozpoczynamy od razu po otrzymaniu p\u0142atno\u015bci. W przypadku p\u0142atno\u015bci przelewem tradycyjnym, czas realizacji zam\u00f3wienia wyd\u0142u\u017ca si\u0119 o czas potrzebny na zaksi\u0119gowanie p\u0142atno\u015bci.&nbsp;<\/p>\n\n\n\n<p>Czas reazliacji zam\u00f3wie\u0144 mo\u017ce by\u0107 d\u0142u\u017cszy w czasie trwania akcji promocyjnych.&nbsp;<\/p>\n\n\n\n<p>Po skompletowaniu ca\u0142ego Twojego zam\u00f3wienia, paczka zostanie spakowana i przekazana firmie kurierskiej. Czas dostawy zale\u017cy od wybranego przewo\u017anika, rodzaju przesy\u0142ki oraz adresu odbiorcy. Zazwyczaj zajmuje to do 2 dni roboczych. Je\u017celi wybra\u0142e\u015b odbi\u00f3r zam\u00f3wienia do automatu Paczkomat\u00ae InPost, przesy\u0142ka znajdzie si\u0119 w wybranym przez Ciebie punkcie w przeci\u0105gu kilku (zazwyczaj do 5) dni roboczych od momentu nadania. Na Tw\u00f3j adres e-mail, podany przy sk\u0142adniu zam\u00f3wienia, otrzymasz potwierdzenie wysy\u0142ki paczki.&nbsp;<\/p>\n","protected":false},"excerpt":{"rendered":"<p>Na stronie produktu znajdziesz dok\u0142adna informacje o czasie, jaki potrzebujemy, aby przygotowa\u0107 produkt do wysy\u0142ki. Realizacj\u0119 zam\u00f3wienia rozpoczynamy od razu po otrzymaniu p\u0142atno\u015bci. W przypadku p\u0142atno\u015bci przelewem tradycyjnym, czas realizacji zam\u00f3wienia wyd\u0142u\u017ca si\u0119 o czas potrzebny na zaksi\u0119gowanie p\u0142atno\u015bci.&nbsp; Czas reazliacji zam\u00f3wie\u0144 mo\u017ce by\u0107 d\u0142u\u017cszy w czasie trwania akcji promocyjnych.&nbsp; Po skompletowaniu ca\u0142ego Twojego zam\u00f3wienia, [&hellip;]<\/p>\n","protected":false},"author":1,"featured_media":0,"parent":0,"menu_order":0,"comment_status":"closed","ping_status":"closed","template":"","meta":{"_kadence_starter_templates_imported_post":false,"footnotes":""},"class_list":["post-588","page","type-page","status-publish","hentry"],"yoast_head":"<!-- This site is optimized with the Yoast SEO plugin v27.4 - https:\/\/yoast.com\/product\/yoast-seo-wordpress\/ -->\n<title>Czas realizacji zam\u00f3wienia - Anagen shop<\/title>\n<meta name=\"robots\" content=\"index, follow, max-snippet:-1, max-image-preview:large, max-video-preview:-1\" \/>\n<link rel=\"canonical\" href=\"https:\/\/anagenshop.pl\/index.php\/czas-realizacji-zamowienia\/\" \/>\n<meta property=\"og:locale\" content=\"pl_PL\" \/>\n<meta property=\"og:type\" content=\"article\" \/>\n<meta property=\"og:title\" content=\"Czas realizacji zam\u00f3wienia - Anagen shop\" \/>\n<meta property=\"og:description\" content=\"Na stronie produktu znajdziesz dok\u0142adna informacje o czasie, jaki potrzebujemy, aby przygotowa\u0107 produkt do wysy\u0142ki. Realizacj\u0119 zam\u00f3wienia rozpoczynamy od razu po otrzymaniu p\u0142atno\u015bci. W przypadku p\u0142atno\u015bci przelewem tradycyjnym, czas realizacji zam\u00f3wienia wyd\u0142u\u017ca si\u0119 o czas potrzebny na zaksi\u0119gowanie p\u0142atno\u015bci.&nbsp; Czas reazliacji zam\u00f3wie\u0144 mo\u017ce by\u0107 d\u0142u\u017cszy w czasie trwania akcji promocyjnych.&nbsp; Po skompletowaniu ca\u0142ego Twojego zam\u00f3wienia, [&hellip;]\" \/>\n<meta property=\"og:url\" content=\"https:\/\/anagenshop.pl\/index.php\/czas-realizacji-zamowienia\/\" \/>\n<meta property=\"og:site_name\" content=\"Anagen shop\" \/>\n<meta property=\"article:publisher\" content=\"https:\/\/www.facebook.com\/Anagenshop\/?locale=pl_PL\" \/>\n<meta property=\"article:modified_time\" content=\"2026-02-15T19:35:38+00:00\" \/>\n<meta name=\"twitter:card\" content=\"summary_large_image\" \/>\n<meta name=\"twitter:label1\" content=\"Szacowany czas czytania\" \/>\n\t<meta name=\"twitter:data1\" content=\"1 minuta\" \/>\n<script type=\"application\/ld+json\" class=\"yoast-schema-graph\">{\"@context\":\"https:\\\/\\\/schema.org\",\"@graph\":[{\"@type\":\"WebPage\",\"@id\":\"https:\\\/\\\/anagenshop.pl\\\/index.php\\\/czas-realizacji-zamowienia\\\/\",\"url\":\"https:\\\/\\\/anagenshop.pl\\\/index.php\\\/czas-realizacji-zamowienia\\\/\",\"name\":\"Czas realizacji zam\u00f3wienia - Anagen shop\",\"isPartOf\":{\"@id\":\"https:\\\/\\\/anagenshop.pl\\\/#website\"},\"datePublished\":\"2026-02-15T19:35:37+00:00\",\"dateModified\":\"2026-02-15T19:35:38+00:00\",\"breadcrumb\":{\"@id\":\"https:\\\/\\\/anagenshop.pl\\\/index.php\\\/czas-realizacji-zamowienia\\\/#breadcrumb\"},\"inLanguage\":\"pl-PL\",\"potentialAction\":[{\"@type\":\"ReadAction\",\"target\":[\"https:\\\/\\\/anagenshop.pl\\\/index.php\\\/czas-realizacji-zamowienia\\\/\"]}]},{\"@type\":\"BreadcrumbList\",\"@id\":\"https:\\\/\\\/anagenshop.pl\\\/index.php\\\/czas-realizacji-zamowienia\\\/#breadcrumb\",\"itemListElement\":[{\"@type\":\"ListItem\",\"position\":1,\"name\":\"Strona g\u0142\u00f3wna\",\"item\":\"https:\\\/\\\/anagenshop.pl\\\/\"},{\"@type\":\"ListItem\",\"position\":2,\"name\":\"Czas realizacji zam\u00f3wienia\"}]},{\"@type\":\"WebSite\",\"@id\":\"https:\\\/\\\/anagenshop.pl\\\/#website\",\"url\":\"https:\\\/\\\/anagenshop.pl\\\/\",\"name\":\"Anagen shop\",\"description\":\"Produkty do stylizacji rz\u0119s i brwi, akcesoria i wyposa\u017cenie\",\"publisher\":{\"@id\":\"https:\\\/\\\/anagenshop.pl\\\/#organization\"},\"potentialAction\":[{\"@type\":\"SearchAction\",\"target\":{\"@type\":\"EntryPoint\",\"urlTemplate\":\"https:\\\/\\\/anagenshop.pl\\\/?s={search_term_string}\"},\"query-input\":{\"@type\":\"PropertyValueSpecification\",\"valueRequired\":true,\"valueName\":\"search_term_string\"}}],\"inLanguage\":\"pl-PL\"},{\"@type\":\"Organization\",\"@id\":\"https:\\\/\\\/anagenshop.pl\\\/#organization\",\"name\":\"Anagen shop\",\"url\":\"https:\\\/\\\/anagenshop.pl\\\/\",\"logo\":{\"@type\":\"ImageObject\",\"inLanguage\":\"pl-PL\",\"@id\":\"https:\\\/\\\/anagenshop.pl\\\/#\\\/schema\\\/logo\\\/image\\\/\",\"url\":\"https:\\\/\\\/anagenshop.pl\\\/wp-content\\\/uploads\\\/2026\\\/02\\\/cropped-Znak-wodny-sklep-1.png\",\"contentUrl\":\"https:\\\/\\\/anagenshop.pl\\\/wp-content\\\/uploads\\\/2026\\\/02\\\/cropped-Znak-wodny-sklep-1.png\",\"width\":1847,\"height\":517,\"caption\":\"Anagen shop\"},\"image\":{\"@id\":\"https:\\\/\\\/anagenshop.pl\\\/#\\\/schema\\\/logo\\\/image\\\/\"},\"sameAs\":[\"https:\\\/\\\/www.facebook.com\\\/Anagenshop\\\/?locale=pl_PL\",\"https:\\\/\\\/www.instagram.com\\\/anagenshop\\\/\"]}]}<\/script>\n<!-- \/ Yoast SEO plugin. -->","yoast_head_json":{"title":"Czas realizacji zam\u00f3wienia - Anagen shop","robots":{"index":"index","follow":"follow","max-snippet":"max-snippet:-1","max-image-preview":"max-image-preview:large","max-video-preview":"max-video-preview:-1"},"canonical":"https:\/\/anagenshop.pl\/index.php\/czas-realizacji-zamowienia\/","og_locale":"pl_PL","og_type":"article","og_title":"Czas realizacji zam\u00f3wienia - Anagen shop","og_description":"Na stronie produktu znajdziesz dok\u0142adna informacje o czasie, jaki potrzebujemy, aby przygotowa\u0107 produkt do wysy\u0142ki. Realizacj\u0119 zam\u00f3wienia rozpoczynamy od razu po otrzymaniu p\u0142atno\u015bci. W przypadku p\u0142atno\u015bci przelewem tradycyjnym, czas realizacji zam\u00f3wienia wyd\u0142u\u017ca si\u0119 o czas potrzebny na zaksi\u0119gowanie p\u0142atno\u015bci.&nbsp; Czas reazliacji zam\u00f3wie\u0144 mo\u017ce by\u0107 d\u0142u\u017cszy w czasie trwania akcji promocyjnych.&nbsp; Po skompletowaniu ca\u0142ego Twojego zam\u00f3wienia, [&hellip;]","og_url":"https:\/\/anagenshop.pl\/index.php\/czas-realizacji-zamowienia\/","og_site_name":"Anagen shop","article_publisher":"https:\/\/www.facebook.com\/Anagenshop\/?locale=pl_PL","article_modified_time":"2026-02-15T19:35:38+00:00","twitter_card":"summary_large_image","twitter_misc":{"Szacowany czas czytania":"1 minuta"},"schema":{"@context":"https:\/\/schema.org","@graph":[{"@type":"WebPage","@id":"https:\/\/anagenshop.pl\/index.php\/czas-realizacji-zamowienia\/","url":"https:\/\/anagenshop.pl\/index.php\/czas-realizacji-zamowienia\/","name":"Czas realizacji zam\u00f3wienia - Anagen shop","isPartOf":{"@id":"https:\/\/anagenshop.pl\/#website"},"datePublished":"2026-02-15T19:35:37+00:00","dateModified":"2026-02-15T19:35:38+00:00","breadcrumb":{"@id":"https:\/\/anagenshop.pl\/index.php\/czas-realizacji-zamowienia\/#breadcrumb"},"inLanguage":"pl-PL","potentialAction":[{"@type":"ReadAction","target":["https:\/\/anagenshop.pl\/index.php\/czas-realizacji-zamowienia\/"]}]},{"@type":"BreadcrumbList","@id":"https:\/\/anagenshop.pl\/index.php\/czas-realizacji-zamowienia\/#breadcrumb","itemListElement":[{"@type":"ListItem","position":1,"name":"Strona g\u0142\u00f3wna","item":"https:\/\/anagenshop.pl\/"},{"@type":"ListItem","position":2,"name":"Czas realizacji zam\u00f3wienia"}]},{"@type":"WebSite","@id":"https:\/\/anagenshop.pl\/#website","url":"https:\/\/anagenshop.pl\/","name":"Anagen shop","description":"Produkty do stylizacji rz\u0119s i brwi, akcesoria i wyposa\u017cenie","publisher":{"@id":"https:\/\/anagenshop.pl\/#organization"},"potentialAction":[{"@type":"SearchAction","target":{"@type":"EntryPoint","urlTemplate":"https:\/\/anagenshop.pl\/?s={search_term_string}"},"query-input":{"@type":"PropertyValueSpecification","valueRequired":true,"valueName":"search_term_string"}}],"inLanguage":"pl-PL"},{"@type":"Organization","@id":"https:\/\/anagenshop.pl\/#organization","name":"Anagen shop","url":"https:\/\/anagenshop.pl\/","logo":{"@type":"ImageObject","inLanguage":"pl-PL","@id":"https:\/\/anagenshop.pl\/#\/schema\/logo\/image\/","url":"https:\/\/anagenshop.pl\/wp-content\/uploads\/2026\/02\/cropped-Znak-wodny-sklep-1.png","contentUrl":"https:\/\/anagenshop.pl\/wp-content\/uploads\/2026\/02\/cropped-Znak-wodny-sklep-1.png","width":1847,"height":517,"caption":"Anagen shop"},"image":{"@id":"https:\/\/anagenshop.pl\/#\/schema\/logo\/image\/"},"sameAs":["https:\/\/www.facebook.com\/Anagenshop\/?locale=pl_PL","https:\/\/www.instagram.com\/anagenshop\/"]}]}},"jetpack_sharing_enabled":true,"_links":{"self":[{"href":"https:\/\/anagenshop.pl\/index.php\/wp-json\/wp\/v2\/pages\/588","targetHints":{"allow":["GET"]}}],"collection":[{"href":"https:\/\/anagenshop.pl\/index.php\/wp-json\/wp\/v2\/pages"}],"about":[{"href":"https:\/\/anagenshop.pl\/index.php\/wp-json\/wp\/v2\/types\/page"}],"author":[{"embeddable":true,"href":"https:\/\/anagenshop.pl\/index.php\/wp-json\/wp\/v2\/users\/1"}],"replies":[{"embeddable":true,"href":"https:\/\/anagenshop.pl\/index.php\/wp-json\/wp\/v2\/comments?post=588"}],"version-history":[{"count":1,"href":"https:\/\/anagenshop.pl\/index.php\/wp-json\/wp\/v2\/pages\/588\/revisions"}],"predecessor-version":[{"id":589,"href":"https:\/\/anagenshop.pl\/index.php\/wp-json\/wp\/v2\/pages\/588\/revisions\/589"}],"wp:attachment":[{"href":"https:\/\/anagenshop.pl\/index.php\/wp-json\/wp\/v2\/media?parent=588"}],"curies":[{"name":"wp","href":"https:\/\/api.w.org\/{rel}","templated":true}]}}