{"id":592,"date":"2026-02-15T20:41:36","date_gmt":"2026-02-15T19:41:36","guid":{"rendered":"https:\/\/anagenshop.pl?page_id=592"},"modified":"2026-02-15T20:41:36","modified_gmt":"2026-02-15T19:41:36","slug":"o-firmie","status":"publish","type":"page","link":"https:\/\/anagenshop.pl\/index.php\/o-firmie\/","title":{"rendered":"O firmie"},"content":{"rendered":"\n<p>Anagenshop funkcjonuje od 2016 roku. Wsp\u00f3\u0142pracujemy z wieloma firmami rozwijaj\u0105cych produkty do stylizacji rz\u0119s i brwi.<\/p>\n\n\n\n<p>Wyr\u00f3\u017cniamy si\u0119 w\u0142asn\u0105 seri\u0105 produkt\u00f3w popart\u0105 wysokiej jako\u015bci produkcj\u0105 oraz \u0142atwo\u015bci\u0105 w pracy codziennej.<\/p>\n\n\n\n<p>Firm\u0105 od pocz\u0105tku zarz\u0105dza Pawe\u0142 Bazarewski, specjalista sprzeda\u017cy, marketing manager oraz monta\u017cysta nagra\u0144 wideo.<\/p>\n\n\n\n<p>Sklep dzia\u0142a w formie ONLINE z mo\u017cliwo\u015bci\u0105 dostawy na terenie miasta i ustalonym wcze\u015bniej odbiorem osobistym.<\/p>\n\n\n\n<p>W Bia\u0142ymstoku zam\u00f3wienia dowozimy od poniedzia\u0142ku do pi\u0105tku w r\u00f3\u017cnych godzinach.<\/p>\n\n\n\n<p>Wystarczy z\u0142o\u017cy\u0107 zam\u00f3wienie i zaznaczy\u0107 dostaw\u0119 na terenie miasta.<\/p>\n\n\n\n<p><img fetchpriority=\"high\" decoding=\"async\" width=\"1199\" height=\"800\" class=\"wp-image-593\" style=\"width: 1199px;\" src=\"https:\/\/anagenshop.pl\/wp-content\/uploads\/2026\/02\/IMG_1328.png\" alt=\"\" srcset=\"https:\/\/anagenshop.pl\/wp-content\/uploads\/2026\/02\/IMG_1328.png 1900w, https:\/\/anagenshop.pl\/wp-content\/uploads\/2026\/02\/IMG_1328-300x200.png 300w, https:\/\/anagenshop.pl\/wp-content\/uploads\/2026\/02\/IMG_1328-1024x683.png 1024w, https:\/\/anagenshop.pl\/wp-content\/uploads\/2026\/02\/IMG_1328-768x512.png 768w, https:\/\/anagenshop.pl\/wp-content\/uploads\/2026\/02\/IMG_1328-1536x1024.png 1536w, https:\/\/anagenshop.pl\/wp-content\/uploads\/2026\/02\/IMG_1328-1320x880.png 1320w, https:\/\/anagenshop.pl\/wp-content\/uploads\/2026\/02\/IMG_1328-600x400.png 600w\" sizes=\"(max-width: 1199px) 100vw, 1199px\" \/><\/p>\n","protected":false},"excerpt":{"rendered":"<p>Anagenshop funkcjonuje od 2016 roku. Wsp\u00f3\u0142pracujemy z wieloma firmami rozwijaj\u0105cych produkty do stylizacji rz\u0119s i brwi. Wyr\u00f3\u017cniamy si\u0119 w\u0142asn\u0105 seri\u0105 produkt\u00f3w popart\u0105 wysokiej jako\u015bci produkcj\u0105 oraz \u0142atwo\u015bci\u0105 w pracy codziennej. Firm\u0105 od pocz\u0105tku zarz\u0105dza Pawe\u0142 Bazarewski, specjalista sprzeda\u017cy, marketing manager oraz monta\u017cysta nagra\u0144 wideo. Sklep dzia\u0142a w formie ONLINE z mo\u017cliwo\u015bci\u0105 dostawy na terenie miasta [&hellip;]<\/p>\n","protected":false},"author":1,"featured_media":0,"parent":0,"menu_order":0,"comment_status":"closed","ping_status":"closed","template":"","meta":{"_kadence_starter_templates_imported_post":false,"footnotes":""},"class_list":["post-592","page","type-page","status-publish","hentry"],"yoast_head":"<!-- This site is optimized with the Yoast SEO plugin v27.4 - https:\/\/yoast.com\/product\/yoast-seo-wordpress\/ -->\n<title>O firmie - Anagen shop<\/title>\n<meta name=\"robots\" content=\"index, follow, max-snippet:-1, max-image-preview:large, max-video-preview:-1\" \/>\n<link rel=\"canonical\" href=\"https:\/\/anagenshop.pl\/index.php\/o-firmie\/\" \/>\n<meta property=\"og:locale\" content=\"pl_PL\" \/>\n<meta property=\"og:type\" content=\"article\" \/>\n<meta property=\"og:title\" content=\"O firmie - Anagen shop\" \/>\n<meta property=\"og:description\" content=\"Anagenshop funkcjonuje od 2016 roku. Wsp\u00f3\u0142pracujemy z wieloma firmami rozwijaj\u0105cych produkty do stylizacji rz\u0119s i brwi. Wyr\u00f3\u017cniamy si\u0119 w\u0142asn\u0105 seri\u0105 produkt\u00f3w popart\u0105 wysokiej jako\u015bci produkcj\u0105 oraz \u0142atwo\u015bci\u0105 w pracy codziennej. Firm\u0105 od pocz\u0105tku zarz\u0105dza Pawe\u0142 Bazarewski, specjalista sprzeda\u017cy, marketing manager oraz monta\u017cysta nagra\u0144 wideo. Sklep dzia\u0142a w formie ONLINE z mo\u017cliwo\u015bci\u0105 dostawy na terenie miasta [&hellip;]\" \/>\n<meta property=\"og:url\" content=\"https:\/\/anagenshop.pl\/index.php\/o-firmie\/\" \/>\n<meta property=\"og:site_name\" content=\"Anagen shop\" \/>\n<meta property=\"article:publisher\" content=\"https:\/\/www.facebook.com\/Anagenshop\/?locale=pl_PL\" \/>\n<meta property=\"og:image\" content=\"https:\/\/anagenshop.pl\/wp-content\/uploads\/2026\/02\/IMG_1328.png\" \/>\n<meta name=\"twitter:card\" content=\"summary_large_image\" \/>\n<meta name=\"twitter:label1\" content=\"Szacowany czas czytania\" \/>\n\t<meta name=\"twitter:data1\" content=\"1 minuta\" \/>\n<script type=\"application\/ld+json\" class=\"yoast-schema-graph\">{\"@context\":\"https:\\\/\\\/schema.org\",\"@graph\":[{\"@type\":\"WebPage\",\"@id\":\"https:\\\/\\\/anagenshop.pl\\\/index.php\\\/o-firmie\\\/\",\"url\":\"https:\\\/\\\/anagenshop.pl\\\/index.php\\\/o-firmie\\\/\",\"name\":\"O firmie - Anagen shop\",\"isPartOf\":{\"@id\":\"https:\\\/\\\/anagenshop.pl\\\/#website\"},\"primaryImageOfPage\":{\"@id\":\"https:\\\/\\\/anagenshop.pl\\\/index.php\\\/o-firmie\\\/#primaryimage\"},\"image\":{\"@id\":\"https:\\\/\\\/anagenshop.pl\\\/index.php\\\/o-firmie\\\/#primaryimage\"},\"thumbnailUrl\":\"https:\\\/\\\/anagenshop.pl\\\/wp-content\\\/uploads\\\/2026\\\/02\\\/IMG_1328.png\",\"datePublished\":\"2026-02-15T19:41:36+00:00\",\"breadcrumb\":{\"@id\":\"https:\\\/\\\/anagenshop.pl\\\/index.php\\\/o-firmie\\\/#breadcrumb\"},\"inLanguage\":\"pl-PL\",\"potentialAction\":[{\"@type\":\"ReadAction\",\"target\":[\"https:\\\/\\\/anagenshop.pl\\\/index.php\\\/o-firmie\\\/\"]}]},{\"@type\":\"ImageObject\",\"inLanguage\":\"pl-PL\",\"@id\":\"https:\\\/\\\/anagenshop.pl\\\/index.php\\\/o-firmie\\\/#primaryimage\",\"url\":\"https:\\\/\\\/anagenshop.pl\\\/wp-content\\\/uploads\\\/2026\\\/02\\\/IMG_1328.png\",\"contentUrl\":\"https:\\\/\\\/anagenshop.pl\\\/wp-content\\\/uploads\\\/2026\\\/02\\\/IMG_1328.png\",\"width\":1900,\"height\":1267},{\"@type\":\"BreadcrumbList\",\"@id\":\"https:\\\/\\\/anagenshop.pl\\\/index.php\\\/o-firmie\\\/#breadcrumb\",\"itemListElement\":[{\"@type\":\"ListItem\",\"position\":1,\"name\":\"Strona g\u0142\u00f3wna\",\"item\":\"https:\\\/\\\/anagenshop.pl\\\/\"},{\"@type\":\"ListItem\",\"position\":2,\"name\":\"O firmie\"}]},{\"@type\":\"WebSite\",\"@id\":\"https:\\\/\\\/anagenshop.pl\\\/#website\",\"url\":\"https:\\\/\\\/anagenshop.pl\\\/\",\"name\":\"Anagen shop\",\"description\":\"Produkty do stylizacji rz\u0119s i brwi, akcesoria i wyposa\u017cenie\",\"publisher\":{\"@id\":\"https:\\\/\\\/anagenshop.pl\\\/#organization\"},\"potentialAction\":[{\"@type\":\"SearchAction\",\"target\":{\"@type\":\"EntryPoint\",\"urlTemplate\":\"https:\\\/\\\/anagenshop.pl\\\/?s={search_term_string}\"},\"query-input\":{\"@type\":\"PropertyValueSpecification\",\"valueRequired\":true,\"valueName\":\"search_term_string\"}}],\"inLanguage\":\"pl-PL\"},{\"@type\":\"Organization\",\"@id\":\"https:\\\/\\\/anagenshop.pl\\\/#organization\",\"name\":\"Anagen shop\",\"url\":\"https:\\\/\\\/anagenshop.pl\\\/\",\"logo\":{\"@type\":\"ImageObject\",\"inLanguage\":\"pl-PL\",\"@id\":\"https:\\\/\\\/anagenshop.pl\\\/#\\\/schema\\\/logo\\\/image\\\/\",\"url\":\"https:\\\/\\\/anagenshop.pl\\\/wp-content\\\/uploads\\\/2026\\\/02\\\/cropped-Znak-wodny-sklep-1.png\",\"contentUrl\":\"https:\\\/\\\/anagenshop.pl\\\/wp-content\\\/uploads\\\/2026\\\/02\\\/cropped-Znak-wodny-sklep-1.png\",\"width\":1847,\"height\":517,\"caption\":\"Anagen shop\"},\"image\":{\"@id\":\"https:\\\/\\\/anagenshop.pl\\\/#\\\/schema\\\/logo\\\/image\\\/\"},\"sameAs\":[\"https:\\\/\\\/www.facebook.com\\\/Anagenshop\\\/?locale=pl_PL\",\"https:\\\/\\\/www.instagram.com\\\/anagenshop\\\/\"]}]}<\/script>\n<!-- \/ Yoast SEO plugin. -->","yoast_head_json":{"title":"O firmie - Anagen shop","robots":{"index":"index","follow":"follow","max-snippet":"max-snippet:-1","max-image-preview":"max-image-preview:large","max-video-preview":"max-video-preview:-1"},"canonical":"https:\/\/anagenshop.pl\/index.php\/o-firmie\/","og_locale":"pl_PL","og_type":"article","og_title":"O firmie - Anagen shop","og_description":"Anagenshop funkcjonuje od 2016 roku. Wsp\u00f3\u0142pracujemy z wieloma firmami rozwijaj\u0105cych produkty do stylizacji rz\u0119s i brwi. Wyr\u00f3\u017cniamy si\u0119 w\u0142asn\u0105 seri\u0105 produkt\u00f3w popart\u0105 wysokiej jako\u015bci produkcj\u0105 oraz \u0142atwo\u015bci\u0105 w pracy codziennej. Firm\u0105 od pocz\u0105tku zarz\u0105dza Pawe\u0142 Bazarewski, specjalista sprzeda\u017cy, marketing manager oraz monta\u017cysta nagra\u0144 wideo. Sklep dzia\u0142a w formie ONLINE z mo\u017cliwo\u015bci\u0105 dostawy na terenie miasta [&hellip;]","og_url":"https:\/\/anagenshop.pl\/index.php\/o-firmie\/","og_site_name":"Anagen shop","article_publisher":"https:\/\/www.facebook.com\/Anagenshop\/?locale=pl_PL","og_image":[{"url":"https:\/\/anagenshop.pl\/wp-content\/uploads\/2026\/02\/IMG_1328.png","type":"","width":"","height":""}],"twitter_card":"summary_large_image","twitter_misc":{"Szacowany czas czytania":"1 minuta"},"schema":{"@context":"https:\/\/schema.org","@graph":[{"@type":"WebPage","@id":"https:\/\/anagenshop.pl\/index.php\/o-firmie\/","url":"https:\/\/anagenshop.pl\/index.php\/o-firmie\/","name":"O firmie - Anagen shop","isPartOf":{"@id":"https:\/\/anagenshop.pl\/#website"},"primaryImageOfPage":{"@id":"https:\/\/anagenshop.pl\/index.php\/o-firmie\/#primaryimage"},"image":{"@id":"https:\/\/anagenshop.pl\/index.php\/o-firmie\/#primaryimage"},"thumbnailUrl":"https:\/\/anagenshop.pl\/wp-content\/uploads\/2026\/02\/IMG_1328.png","datePublished":"2026-02-15T19:41:36+00:00","breadcrumb":{"@id":"https:\/\/anagenshop.pl\/index.php\/o-firmie\/#breadcrumb"},"inLanguage":"pl-PL","potentialAction":[{"@type":"ReadAction","target":["https:\/\/anagenshop.pl\/index.php\/o-firmie\/"]}]},{"@type":"ImageObject","inLanguage":"pl-PL","@id":"https:\/\/anagenshop.pl\/index.php\/o-firmie\/#primaryimage","url":"https:\/\/anagenshop.pl\/wp-content\/uploads\/2026\/02\/IMG_1328.png","contentUrl":"https:\/\/anagenshop.pl\/wp-content\/uploads\/2026\/02\/IMG_1328.png","width":1900,"height":1267},{"@type":"BreadcrumbList","@id":"https:\/\/anagenshop.pl\/index.php\/o-firmie\/#breadcrumb","itemListElement":[{"@type":"ListItem","position":1,"name":"Strona g\u0142\u00f3wna","item":"https:\/\/anagenshop.pl\/"},{"@type":"ListItem","position":2,"name":"O firmie"}]},{"@type":"WebSite","@id":"https:\/\/anagenshop.pl\/#website","url":"https:\/\/anagenshop.pl\/","name":"Anagen shop","description":"Produkty do stylizacji rz\u0119s i brwi, akcesoria i wyposa\u017cenie","publisher":{"@id":"https:\/\/anagenshop.pl\/#organization"},"potentialAction":[{"@type":"SearchAction","target":{"@type":"EntryPoint","urlTemplate":"https:\/\/anagenshop.pl\/?s={search_term_string}"},"query-input":{"@type":"PropertyValueSpecification","valueRequired":true,"valueName":"search_term_string"}}],"inLanguage":"pl-PL"},{"@type":"Organization","@id":"https:\/\/anagenshop.pl\/#organization","name":"Anagen shop","url":"https:\/\/anagenshop.pl\/","logo":{"@type":"ImageObject","inLanguage":"pl-PL","@id":"https:\/\/anagenshop.pl\/#\/schema\/logo\/image\/","url":"https:\/\/anagenshop.pl\/wp-content\/uploads\/2026\/02\/cropped-Znak-wodny-sklep-1.png","contentUrl":"https:\/\/anagenshop.pl\/wp-content\/uploads\/2026\/02\/cropped-Znak-wodny-sklep-1.png","width":1847,"height":517,"caption":"Anagen shop"},"image":{"@id":"https:\/\/anagenshop.pl\/#\/schema\/logo\/image\/"},"sameAs":["https:\/\/www.facebook.com\/Anagenshop\/?locale=pl_PL","https:\/\/www.instagram.com\/anagenshop\/"]}]}},"jetpack_sharing_enabled":true,"_links":{"self":[{"href":"https:\/\/anagenshop.pl\/index.php\/wp-json\/wp\/v2\/pages\/592","targetHints":{"allow":["GET"]}}],"collection":[{"href":"https:\/\/anagenshop.pl\/index.php\/wp-json\/wp\/v2\/pages"}],"about":[{"href":"https:\/\/anagenshop.pl\/index.php\/wp-json\/wp\/v2\/types\/page"}],"author":[{"embeddable":true,"href":"https:\/\/anagenshop.pl\/index.php\/wp-json\/wp\/v2\/users\/1"}],"replies":[{"embeddable":true,"href":"https:\/\/anagenshop.pl\/index.php\/wp-json\/wp\/v2\/comments?post=592"}],"version-history":[{"count":1,"href":"https:\/\/anagenshop.pl\/index.php\/wp-json\/wp\/v2\/pages\/592\/revisions"}],"predecessor-version":[{"id":594,"href":"https:\/\/anagenshop.pl\/index.php\/wp-json\/wp\/v2\/pages\/592\/revisions\/594"}],"wp:attachment":[{"href":"https:\/\/anagenshop.pl\/index.php\/wp-json\/wp\/v2\/media?parent=592"}],"curies":[{"name":"wp","href":"https:\/\/api.w.org\/{rel}","templated":true}]}}