{"id":1006,"date":"2026-02-24T14:22:43","date_gmt":"2026-02-24T13:22:43","guid":{"rendered":"https:\/\/anagenshop.pl?post_type=product&#038;p=1006"},"modified":"2026-04-21T12:29:35","modified_gmt":"2026-04-21T10:29:35","slug":"tasma-silikonowa-3m-szeroka","status":"publish","type":"product","link":"https:\/\/anagenshop.pl\/index.php\/produkt\/tasma-silikonowa-3m-szeroka\/","title":{"rendered":"Ta\u015bma Silikonowa 3M Szeroka"},"content":{"rendered":"<p class=\"def\">Silikonowa, antyalergiczna ta\u015bma do przed\u0142u\u017cania rz\u0119s<\/p>\n<p class=\"def\">Wykonana jest z\u00a0mi\u0119kkiego, antyalergicznego materia\u0142u, kt\u00f3ry nie uczula oka Twojej klientki podczas zabiegu przed\u0142u\u017cania rz\u0119s.<\/p>\n<p class=\"def\">Przeznaczona do zabezpieczenia dolnych rz\u0119s podczas aplikacji. Bardzo delikatna dla oczu, dok\u0142adnie przylega od sk\u00f3ry i\u00a0chroni dolne rz\u0119sy.<\/p>\n<p class=\"def\">Dzi\u0119ki swojej niezwyk\u0142ej formule nie podra\u017cnia oka podczas zabiegu, ca\u0142a ta\u015bma jest wykonana z\u00a0materia\u0142u, kt\u00f3ry idealnie sprawdza si\u0119 podczas przed\u0142u\u017cania rz\u0119s oraz\u00a0innych zabieg\u00f3w.<\/p>\n<p class=\"def\">Ta\u015bma antyalergiczna sprawdzi si\u0119 wspaniale r\u00f3wnie\u017c podczas zabiegu liftingu, laminacji oraz\u00a0botoxu.<\/p>\n<p class=\"def\">Ta\u015bma silikonowa bardzo dobrze przylega do dolnej powieki a\u00a0jednocze\u015bnie jest przyjemna przy odklejaniu.<\/p>\n<p class=\"def\">Dzi\u0119ki niej zapewnisz klientce komfort w\u00a0czasie ca\u0142ego zabiegu.<\/p>\n<p class=\"def\">Wymiary ta\u015bmy: 5 cm x 130 cm<\/p>\n<p class=\"def\">Mo\u017cesz zastosowa\u0107 ta\u015bm\u0119 wraz z\u00a0p\u0142atkami pod oczy.<\/p>\n<p class=\"def\">W naszej ofercie znajdziecie r\u00f3wnie\u017c no\u017cyczki, niezb\u0119dne narz\u0119dzie w ka\u017cdym salonie kosmetycznym.<\/p>\n","protected":false},"excerpt":{"rendered":"<p class=\"def\">Silikonowa, antyalergiczna ta\u015bma do przed\u0142u\u017cania rz\u0119s<\/p>\n<p class=\"def\">Wykonana jest z\u00a0mi\u0119kkiego, antyalergicznego materia\u0142u, kt\u00f3ry nie uczula oka Twojej klientki podczas zabiegu przed\u0142u\u017cania rz\u0119s.<\/p>\n","protected":false},"featured_media":1007,"template":"","meta":{"_kadence_starter_templates_imported_post":false},"product_brand":[],"product_cat":[31],"product_tag":[],"class_list":{"0":"post-1006","1":"product","2":"type-product","3":"status-publish","4":"has-post-thumbnail","6":"product_cat-akcesoria","8":"first","9":"instock","10":"taxable","11":"shipping-taxable","12":"purchasable","13":"product-type-simple"},"yoast_head":"<!-- This site is optimized with the Yoast SEO plugin v27.4 - https:\/\/yoast.com\/product\/yoast-seo-wordpress\/ -->\n<title>Ta\u015bma Silikonowa 3M Szeroka - Anagen shop<\/title>\n<meta name=\"robots\" content=\"index, follow, max-snippet:-1, max-image-preview:large, max-video-preview:-1\" \/>\n<link rel=\"canonical\" href=\"https:\/\/anagenshop.pl\/index.php\/produkt\/tasma-silikonowa-3m-szeroka\/\" \/>\n<meta property=\"og:locale\" content=\"pl_PL\" \/>\n<meta property=\"og:type\" content=\"article\" \/>\n<meta property=\"og:title\" content=\"Ta\u015bma Silikonowa 3M Szeroka - Anagen shop\" \/>\n<meta property=\"og:description\" content=\"Silikonowa, antyalergiczna ta\u015bma do przed\u0142u\u017cania rz\u0119s Wykonana jest z\u00a0mi\u0119kkiego, antyalergicznego materia\u0142u, kt\u00f3ry nie uczula oka Twojej klientki podczas zabiegu przed\u0142u\u017cania rz\u0119s.\" \/>\n<meta property=\"og:url\" content=\"https:\/\/anagenshop.pl\/index.php\/produkt\/tasma-silikonowa-3m-szeroka\/\" \/>\n<meta property=\"og:site_name\" content=\"Anagen shop\" \/>\n<meta property=\"article:publisher\" content=\"https:\/\/www.facebook.com\/Anagenshop\/?locale=pl_PL\" \/>\n<meta property=\"article:modified_time\" content=\"2026-04-21T10:29:35+00:00\" \/>\n<meta property=\"og:image\" content=\"https:\/\/anagenshop.pl\/wp-content\/uploads\/2026\/02\/silik2.jpg\" \/>\n\t<meta property=\"og:image:width\" content=\"600\" \/>\n\t<meta property=\"og:image:height\" content=\"600\" \/>\n\t<meta property=\"og:image:type\" content=\"image\/jpeg\" \/>\n<meta name=\"twitter:card\" content=\"summary_large_image\" \/>\n<meta name=\"twitter:label1\" content=\"Szacowany czas czytania\" \/>\n\t<meta name=\"twitter:data1\" content=\"1 minuta\" \/>\n<script type=\"application\/ld+json\" class=\"yoast-schema-graph\">{\"@context\":\"https:\\\/\\\/schema.org\",\"@graph\":[{\"@type\":\"WebPage\",\"@id\":\"https:\\\/\\\/anagenshop.pl\\\/index.php\\\/produkt\\\/tasma-silikonowa-3m-szeroka\\\/\",\"url\":\"https:\\\/\\\/anagenshop.pl\\\/index.php\\\/produkt\\\/tasma-silikonowa-3m-szeroka\\\/\",\"name\":\"Ta\u015bma Silikonowa 3M Szeroka - Anagen shop\",\"isPartOf\":{\"@id\":\"https:\\\/\\\/anagenshop.pl\\\/#website\"},\"primaryImageOfPage\":{\"@id\":\"https:\\\/\\\/anagenshop.pl\\\/index.php\\\/produkt\\\/tasma-silikonowa-3m-szeroka\\\/#primaryimage\"},\"image\":{\"@id\":\"https:\\\/\\\/anagenshop.pl\\\/index.php\\\/produkt\\\/tasma-silikonowa-3m-szeroka\\\/#primaryimage\"},\"thumbnailUrl\":\"https:\\\/\\\/anagenshop.pl\\\/wp-content\\\/uploads\\\/2026\\\/02\\\/silik2.jpg\",\"datePublished\":\"2026-02-24T13:22:43+00:00\",\"dateModified\":\"2026-04-21T10:29:35+00:00\",\"breadcrumb\":{\"@id\":\"https:\\\/\\\/anagenshop.pl\\\/index.php\\\/produkt\\\/tasma-silikonowa-3m-szeroka\\\/#breadcrumb\"},\"inLanguage\":\"pl-PL\",\"potentialAction\":[{\"@type\":\"ReadAction\",\"target\":[\"https:\\\/\\\/anagenshop.pl\\\/index.php\\\/produkt\\\/tasma-silikonowa-3m-szeroka\\\/\"]}]},{\"@type\":\"ImageObject\",\"inLanguage\":\"pl-PL\",\"@id\":\"https:\\\/\\\/anagenshop.pl\\\/index.php\\\/produkt\\\/tasma-silikonowa-3m-szeroka\\\/#primaryimage\",\"url\":\"https:\\\/\\\/anagenshop.pl\\\/wp-content\\\/uploads\\\/2026\\\/02\\\/silik2.jpg\",\"contentUrl\":\"https:\\\/\\\/anagenshop.pl\\\/wp-content\\\/uploads\\\/2026\\\/02\\\/silik2.jpg\",\"width\":600,\"height\":600},{\"@type\":\"BreadcrumbList\",\"@id\":\"https:\\\/\\\/anagenshop.pl\\\/index.php\\\/produkt\\\/tasma-silikonowa-3m-szeroka\\\/#breadcrumb\",\"itemListElement\":[{\"@type\":\"ListItem\",\"position\":1,\"name\":\"Strona g\u0142\u00f3wna\",\"item\":\"https:\\\/\\\/anagenshop.pl\\\/\"},{\"@type\":\"ListItem\",\"position\":2,\"name\":\"Sklep\",\"item\":\"https:\\\/\\\/anagenshop.pl\\\/\"},{\"@type\":\"ListItem\",\"position\":3,\"name\":\"Ta\u015bma Silikonowa 3M Szeroka\"}]},{\"@type\":\"WebSite\",\"@id\":\"https:\\\/\\\/anagenshop.pl\\\/#website\",\"url\":\"https:\\\/\\\/anagenshop.pl\\\/\",\"name\":\"Anagen shop\",\"description\":\"Produkty do stylizacji rz\u0119s i brwi, akcesoria i wyposa\u017cenie\",\"publisher\":{\"@id\":\"https:\\\/\\\/anagenshop.pl\\\/#organization\"},\"potentialAction\":[{\"@type\":\"SearchAction\",\"target\":{\"@type\":\"EntryPoint\",\"urlTemplate\":\"https:\\\/\\\/anagenshop.pl\\\/?s={search_term_string}\"},\"query-input\":{\"@type\":\"PropertyValueSpecification\",\"valueRequired\":true,\"valueName\":\"search_term_string\"}}],\"inLanguage\":\"pl-PL\"},{\"@type\":\"Organization\",\"@id\":\"https:\\\/\\\/anagenshop.pl\\\/#organization\",\"name\":\"Anagen shop\",\"url\":\"https:\\\/\\\/anagenshop.pl\\\/\",\"logo\":{\"@type\":\"ImageObject\",\"inLanguage\":\"pl-PL\",\"@id\":\"https:\\\/\\\/anagenshop.pl\\\/#\\\/schema\\\/logo\\\/image\\\/\",\"url\":\"https:\\\/\\\/anagenshop.pl\\\/wp-content\\\/uploads\\\/2026\\\/02\\\/cropped-Znak-wodny-sklep-1.png\",\"contentUrl\":\"https:\\\/\\\/anagenshop.pl\\\/wp-content\\\/uploads\\\/2026\\\/02\\\/cropped-Znak-wodny-sklep-1.png\",\"width\":1847,\"height\":517,\"caption\":\"Anagen shop\"},\"image\":{\"@id\":\"https:\\\/\\\/anagenshop.pl\\\/#\\\/schema\\\/logo\\\/image\\\/\"},\"sameAs\":[\"https:\\\/\\\/www.facebook.com\\\/Anagenshop\\\/?locale=pl_PL\",\"https:\\\/\\\/www.instagram.com\\\/anagenshop\\\/\"]}]}<\/script>\n<!-- \/ Yoast SEO plugin. -->","yoast_head_json":{"title":"Ta\u015bma Silikonowa 3M Szeroka - Anagen shop","robots":{"index":"index","follow":"follow","max-snippet":"max-snippet:-1","max-image-preview":"max-image-preview:large","max-video-preview":"max-video-preview:-1"},"canonical":"https:\/\/anagenshop.pl\/index.php\/produkt\/tasma-silikonowa-3m-szeroka\/","og_locale":"pl_PL","og_type":"article","og_title":"Ta\u015bma Silikonowa 3M Szeroka - Anagen shop","og_description":"Silikonowa, antyalergiczna ta\u015bma do przed\u0142u\u017cania rz\u0119s Wykonana jest z\u00a0mi\u0119kkiego, antyalergicznego materia\u0142u, kt\u00f3ry nie uczula oka Twojej klientki podczas zabiegu przed\u0142u\u017cania rz\u0119s.","og_url":"https:\/\/anagenshop.pl\/index.php\/produkt\/tasma-silikonowa-3m-szeroka\/","og_site_name":"Anagen shop","article_publisher":"https:\/\/www.facebook.com\/Anagenshop\/?locale=pl_PL","article_modified_time":"2026-04-21T10:29:35+00:00","og_image":[{"width":600,"height":600,"url":"https:\/\/anagenshop.pl\/wp-content\/uploads\/2026\/02\/silik2.jpg","type":"image\/jpeg"}],"twitter_card":"summary_large_image","twitter_misc":{"Szacowany czas czytania":"1 minuta"},"schema":{"@context":"https:\/\/schema.org","@graph":[{"@type":"WebPage","@id":"https:\/\/anagenshop.pl\/index.php\/produkt\/tasma-silikonowa-3m-szeroka\/","url":"https:\/\/anagenshop.pl\/index.php\/produkt\/tasma-silikonowa-3m-szeroka\/","name":"Ta\u015bma Silikonowa 3M Szeroka - Anagen shop","isPartOf":{"@id":"https:\/\/anagenshop.pl\/#website"},"primaryImageOfPage":{"@id":"https:\/\/anagenshop.pl\/index.php\/produkt\/tasma-silikonowa-3m-szeroka\/#primaryimage"},"image":{"@id":"https:\/\/anagenshop.pl\/index.php\/produkt\/tasma-silikonowa-3m-szeroka\/#primaryimage"},"thumbnailUrl":"https:\/\/anagenshop.pl\/wp-content\/uploads\/2026\/02\/silik2.jpg","datePublished":"2026-02-24T13:22:43+00:00","dateModified":"2026-04-21T10:29:35+00:00","breadcrumb":{"@id":"https:\/\/anagenshop.pl\/index.php\/produkt\/tasma-silikonowa-3m-szeroka\/#breadcrumb"},"inLanguage":"pl-PL","potentialAction":[{"@type":"ReadAction","target":["https:\/\/anagenshop.pl\/index.php\/produkt\/tasma-silikonowa-3m-szeroka\/"]}]},{"@type":"ImageObject","inLanguage":"pl-PL","@id":"https:\/\/anagenshop.pl\/index.php\/produkt\/tasma-silikonowa-3m-szeroka\/#primaryimage","url":"https:\/\/anagenshop.pl\/wp-content\/uploads\/2026\/02\/silik2.jpg","contentUrl":"https:\/\/anagenshop.pl\/wp-content\/uploads\/2026\/02\/silik2.jpg","width":600,"height":600},{"@type":"BreadcrumbList","@id":"https:\/\/anagenshop.pl\/index.php\/produkt\/tasma-silikonowa-3m-szeroka\/#breadcrumb","itemListElement":[{"@type":"ListItem","position":1,"name":"Strona g\u0142\u00f3wna","item":"https:\/\/anagenshop.pl\/"},{"@type":"ListItem","position":2,"name":"Sklep","item":"https:\/\/anagenshop.pl\/"},{"@type":"ListItem","position":3,"name":"Ta\u015bma Silikonowa 3M Szeroka"}]},{"@type":"WebSite","@id":"https:\/\/anagenshop.pl\/#website","url":"https:\/\/anagenshop.pl\/","name":"Anagen shop","description":"Produkty do stylizacji rz\u0119s i brwi, akcesoria i wyposa\u017cenie","publisher":{"@id":"https:\/\/anagenshop.pl\/#organization"},"potentialAction":[{"@type":"SearchAction","target":{"@type":"EntryPoint","urlTemplate":"https:\/\/anagenshop.pl\/?s={search_term_string}"},"query-input":{"@type":"PropertyValueSpecification","valueRequired":true,"valueName":"search_term_string"}}],"inLanguage":"pl-PL"},{"@type":"Organization","@id":"https:\/\/anagenshop.pl\/#organization","name":"Anagen shop","url":"https:\/\/anagenshop.pl\/","logo":{"@type":"ImageObject","inLanguage":"pl-PL","@id":"https:\/\/anagenshop.pl\/#\/schema\/logo\/image\/","url":"https:\/\/anagenshop.pl\/wp-content\/uploads\/2026\/02\/cropped-Znak-wodny-sklep-1.png","contentUrl":"https:\/\/anagenshop.pl\/wp-content\/uploads\/2026\/02\/cropped-Znak-wodny-sklep-1.png","width":1847,"height":517,"caption":"Anagen shop"},"image":{"@id":"https:\/\/anagenshop.pl\/#\/schema\/logo\/image\/"},"sameAs":["https:\/\/www.facebook.com\/Anagenshop\/?locale=pl_PL","https:\/\/www.instagram.com\/anagenshop\/"]}]}},"jetpack_sharing_enabled":true,"_links":{"self":[{"href":"https:\/\/anagenshop.pl\/index.php\/wp-json\/wp\/v2\/product\/1006","targetHints":{"allow":["GET"]}}],"collection":[{"href":"https:\/\/anagenshop.pl\/index.php\/wp-json\/wp\/v2\/product"}],"about":[{"href":"https:\/\/anagenshop.pl\/index.php\/wp-json\/wp\/v2\/types\/product"}],"version-history":[{"count":1,"href":"https:\/\/anagenshop.pl\/index.php\/wp-json\/wp\/v2\/product\/1006\/revisions"}],"predecessor-version":[{"id":1009,"href":"https:\/\/anagenshop.pl\/index.php\/wp-json\/wp\/v2\/product\/1006\/revisions\/1009"}],"wp:featuredmedia":[{"embeddable":true,"href":"https:\/\/anagenshop.pl\/index.php\/wp-json\/wp\/v2\/media\/1007"}],"wp:attachment":[{"href":"https:\/\/anagenshop.pl\/index.php\/wp-json\/wp\/v2\/media?parent=1006"}],"wp:term":[{"taxonomy":"product_brand","embeddable":true,"href":"https:\/\/anagenshop.pl\/index.php\/wp-json\/wp\/v2\/product_brand?post=1006"},{"taxonomy":"product_cat","embeddable":true,"href":"https:\/\/anagenshop.pl\/index.php\/wp-json\/wp\/v2\/product_cat?post=1006"},{"taxonomy":"product_tag","embeddable":true,"href":"https:\/\/anagenshop.pl\/index.php\/wp-json\/wp\/v2\/product_tag?post=1006"}],"curies":[{"name":"wp","href":"https:\/\/api.w.org\/{rel}","templated":true}]}}