{"id":1020,"date":"2026-02-24T14:37:45","date_gmt":"2026-02-24T13:37:45","guid":{"rendered":"https:\/\/anagenshop.pl?post_type=product&#038;p=1020"},"modified":"2026-02-24T15:01:54","modified_gmt":"2026-02-24T14:01:54","slug":"aminolixir-koncentrat-regenerujacy-do-brwi-i-rzes-20ml","status":"publish","type":"product","link":"https:\/\/anagenshop.pl\/index.php\/produkt\/aminolixir-koncentrat-regenerujacy-do-brwi-i-rzes-20ml\/","title":{"rendered":"Aminolixir Koncentrat Regeneruj\u0105cy do brwi i rz\u0119s 20ML"},"content":{"rendered":"<h2>AMINOLIXIR<\/h2>\n<h2><strong>Chcesz, \u017ceby brwi i rz\u0119sy wygl\u0105da\u0142y zdrowo, by\u0142y mocne i l\u015bni\u0105ce?\u00a0AminoLixir\u00a0to magiczny eliksir dla Twoich w\u0142osk\u00f3w!\u00a0 Stworzony z mi\u0142o\u015bci\u0105 do rz\u0119s i brwi, ten profesjonalny koncentrat aminokwasowy sprawia, \u017ce w\u0142oski s\u0105 mocniejsze, g\u0142adsze i pi\u0119knie nawil\u017cone. AminoLixir doskonale regeneruje po zabiegach, takich jak laminacja, przed\u0142u\u017canie czy farbowanie, dzi\u0119ki czemu rz\u0119sy i brwi b\u0119d\u0105 gotowe na ka\u017cdy dzie\u0144!\u00a0<\/strong><\/h2>\n<h3><strong>Dlaczego AminoLixir jest tak wspania\u0142y?<\/strong><\/h3>\n<p>W\u0142osy s\u0105 zbudowane g\u0142\u00f3wnie z\u00a0<strong>keratyny<\/strong>, a keratyna to aminokwasy!\u00a0 Nasz koncentrat dostarcza najwa\u017cniejsze aminokwasy \u2013 takie jak\u00a0<strong>cysteina, lizyna i metionina<\/strong>\u00a0\u2013 kt\u00f3re wzmacniaj\u0105 w\u0142osy od \u015brodka. Dzi\u0119ki temu rz\u0119sy i brwi staj\u0105 si\u0119 bardziej odporne na uszkodzenia, \u0142amliwo\u015b\u0107 i przesuszenie. AminoLixir dzia\u0142a jak magiczny opatrunek, kt\u00f3ry regeneruje w\u0142oski nawet po najbardziej intensywnych zabiegach!<\/p>\n<p><strong>Czym AminoLixir Ci\u0119 oczaruje?<\/strong><\/p>\n<ul>\n<li><strong>Moc regeneracji<\/strong>: aminokwasy (cysteina, lizyna i metionina) naprawiaj\u0105 w\u0142oski od wewn\u0105trz, dzi\u0119ki czemu s\u0105 silniejsze i bardziej spr\u0119\u017cyste!<\/li>\n<li><strong>Supernawil\u017cenie<\/strong>: Zawarto\u015b\u0107\u00a0<strong>kwasu hialuronowego<\/strong>\u00a0i\u00a0<strong>betainy<\/strong>\u00a0sprawia, \u017ce w\u0142oski s\u0105 mi\u0119kkie i l\u015bni\u0105ce jak nigdy dot\u0105d! Nawil\u017cenie na najwy\u017cszym poziomie to brak \u0142amliwo\u015bci.<\/li>\n<li><strong>Ochrona przed \u015bwiatem<\/strong>: Promienie UV, makija\u017c, codzienna stylizacja \u2013 to wszystko nie b\u0119dzie straszne dzi\u0119ki AminoLixir, kt\u00f3ry tworzy na w\u0142oskach niewidzialn\u0105 warstw\u0119 ochronn\u0105!<\/li>\n<li><strong>Elastyczno\u015b\u0107 i si\u0142a<\/strong>: AminoLixir wzmacnia w\u0142oski i nadaje im elastyczno\u015b\u0107, wi\u0119c s\u0105 odporne na uszkodzenia i wygl\u0105daj\u0105 bosko ka\u017cdego dnia!<\/li>\n<li><strong>Wzrost i od\u017cywienie<\/strong>: AminoLixir nie tylko odbudowuje, ale tak\u017ce wspiera zdrowy wzrost nowych, mocnych w\u0142osk\u00f3w. To doskona\u0142y spos\u00f3b na od\u017cywienie rz\u0119s i brwi, kt\u00f3re naprawd\u0119 zas\u0142uguj\u0105 na najlepsze!<\/li>\n<\/ul>\n<h3><strong>Co kryje si\u0119 w tej magicznej buteleczce?<\/strong><\/h3>\n<ol>\n<li><strong>Betaina<\/strong>: Superbohater nawil\u017cenia!\u00a0 Zatrzymuje wod\u0119 w kom\u00f3rkach, dzi\u0119ki czemu rz\u0119sy i brwi staj\u0105 si\u0119 mi\u0119ciutkie i zdrowe!<\/li>\n<li><strong>Aminokwasy<\/strong>: Prawdziwa esencja odbudowy!\u00a0 To one wnikaj\u0105 w struktur\u0119 w\u0142osa, wzmacniaj\u0105c go od \u015brodka.\u00a0<strong>Cysteina<\/strong>,\u00a0<strong>lizyna<\/strong>\u00a0i\u00a0<strong>metionina<\/strong>\u00a0naprawiaj\u0105 zniszczenia spowodowane stylizacj\u0105 czy farbowaniem, sprawiaj\u0105c, \u017ce rz\u0119sy i brwi staj\u0105 si\u0119 silniejsze i bardziej odporne na \u0142amliwo\u015b\u0107.\u00a0\u00a0<strong>Prolina<\/strong>\u00a0i\u00a0<strong>glicyna<\/strong>\u00a0dbaj\u0105 o ich elastyczno\u015b\u0107, co sprawia, \u017ce s\u0105 bardziej spr\u0119\u017cyste i mniej podatne na uszkodzenia. Dzi\u0119ki nim Twoje w\u0142oski b\u0119d\u0105 pi\u0119kne, zdrowe i l\u015bni\u0105ce!<\/li>\n<li><strong>Kwas hialuronowy<\/strong>: Kr\u00f3l nawil\u017cenia\u00a0 \u2013 wi\u0105\u017ce wod\u0119 we w\u0142oskach, co sprawia, \u017ce s\u0105 g\u0142adkie i l\u015bni\u0105ce!<\/li>\n<li><strong>Prodew 500<\/strong>: Zaawansowany kompleks sk\u0142adnik\u00f3w od\u017cywczych, kt\u00f3ry chroni w\u0142oski przed zniszczeniami i sprawia, \u017ce s\u0105 mocne i zdrowe!<\/li>\n<\/ol>\n<h3><strong>Kiedy stosowa\u0107 AminoLixir?<\/strong><\/h3>\n<ul>\n<li><strong>Po laminacji<\/strong>: Twoje brwi i rz\u0119sy zas\u0142uguj\u0105 na regeneracj\u0119 po chemicznych zabiegach \u2013 AminoLixir odbuduje je, nawil\u017cy i sprawi, \u017ce b\u0119d\u0105 wygl\u0105da\u0107 perfekcyjnie!<\/li>\n<li><strong>Po przed\u0142u\u017caniu rz\u0119s<\/strong>: Naturalne rz\u0119sy mog\u0105 by\u0107 os\u0142abione? AminoLixir szybko przywr\u00f3ci im zdrowie i pi\u0119kno!<\/li>\n<li><strong>Po farbowaniu<\/strong>: W\u0142osy cz\u0119sto s\u0105 suche i zniszczone po koloryzacji \u2013 nasz koncentrat je zregeneruje i nawil\u017cy, a efekty b\u0119d\u0105 osza\u0142amiaj\u0105ce!<\/li>\n<li><strong>Po hennie<\/strong>: AminoLixir wzmocni kolor i nawil\u017cy w\u0142oski, dzi\u0119ki czemu efekt zabiegu b\u0119dzie d\u0142ugotrwa\u0142y i pi\u0119kny!<\/li>\n<li><strong>Na co dzie\u0144<\/strong>: Codzienne stosowanie AminoLixiru sprawi, \u017ce Twoje brwi i rz\u0119sy b\u0119d\u0105 wygl\u0105da\u0107 ol\u015bniewaj\u0105co ka\u017cdego dnia!<\/li>\n<\/ul>\n<p><strong>Jak u\u017cywa\u0107?<\/strong><br \/>\nNanie\u015b odrobin\u0119 AminoLixiru na brwi i rz\u0119sy po zabiegach, takich jak laminacja czy farbowanie, i pozostaw do wch\u0142oni\u0119cia \u2013 nie zmywaj! Aby uzyska\u0107 najlepsze rezultaty, stosuj codziennie przez 1-2 miesi\u0105ce. Nadaje si\u0119 zar\u00f3wno do u\u017cytku\u00a0<strong>profesjonalnego<\/strong>, jak i\u00a0<strong>domowego<\/strong>.<\/p>\n<p>Twoje brwi i rz\u0119sy zas\u0142uguj\u0105 na najlepsz\u0105 piel\u0119gnacj\u0119!\u00a0 Dzi\u0119ki\u00a0<strong>AminoLixir<\/strong>\u00a0b\u0119d\u0105 nie tylko pi\u0119knie wygl\u0105da\u0107, ale tak\u017ce b\u0119d\u0105 zdrowe, mocne i l\u015bni\u0105ce. Regularne stosowanie tego magicznego eliksiru zapewni Twoim w\u0142oskom d\u0142ugotrwa\u0142\u0105 regeneracj\u0119, nawil\u017cenie i ochron\u0119, dzi\u0119ki czemu b\u0119dziesz cieszy\u0107 si\u0119 ich pi\u0119knem ka\u017cdego dnia!<\/p>\n<p>Pojemno\u015b\u0107 20ml<\/p>\n","protected":false},"excerpt":{"rendered":"<p>Aqua, Betaine, Glycerin, Methylpropanediol, Biotinoyl Tripeptide-1, Sodium Hyaluronate, Sodium PCA, Sodium Lactate, Arginine, Aspartic Acid, PCA, Glycine, Alanine, Serine, Valine, Proline, Threonine, Isoleucine, Histidine, Phenylalanine, Panthenol, Trehalose, Xanthan gum, Pentylene Glycol, Glycol Distearate, Steareth-4, Sodium Benzoate, Lactic Acid, Caprylyl Glycol, Phenoxyethanol, PEG-12 Dimethicone, Ethylhexylglycerin, Parfum, Cl14720<\/p>\n","protected":false},"featured_media":1021,"template":"","meta":{"_kadence_starter_templates_imported_post":false},"product_brand":[],"product_cat":[27,32],"product_tag":[],"class_list":{"0":"post-1020","1":"product","2":"type-product","3":"status-publish","4":"has-post-thumbnail","6":"product_cat-brwi","7":"product_cat-laminacja","9":"first","10":"outofstock","11":"taxable","12":"shipping-taxable","13":"purchasable","14":"product-type-simple"},"yoast_head":"<!-- This site is optimized with the Yoast SEO plugin v27.4 - https:\/\/yoast.com\/product\/yoast-seo-wordpress\/ -->\n<title>Aminolixir Koncentrat Regeneruj\u0105cy do brwi i rz\u0119s 20ML - Anagen shop<\/title>\n<meta name=\"robots\" content=\"index, follow, max-snippet:-1, max-image-preview:large, max-video-preview:-1\" \/>\n<link rel=\"canonical\" href=\"https:\/\/anagenshop.pl\/index.php\/produkt\/aminolixir-koncentrat-regenerujacy-do-brwi-i-rzes-20ml\/\" \/>\n<meta property=\"og:locale\" content=\"pl_PL\" \/>\n<meta property=\"og:type\" content=\"article\" \/>\n<meta property=\"og:title\" content=\"Aminolixir Koncentrat Regeneruj\u0105cy do brwi i rz\u0119s 20ML - Anagen shop\" \/>\n<meta property=\"og:description\" content=\"Aqua, Betaine, Glycerin, Methylpropanediol, Biotinoyl Tripeptide-1, Sodium Hyaluronate, Sodium PCA, Sodium Lactate, Arginine, Aspartic Acid, PCA, Glycine, Alanine, Serine, Valine, Proline, Threonine, Isoleucine, Histidine, Phenylalanine, Panthenol, Trehalose, Xanthan gum, Pentylene Glycol, Glycol Distearate, Steareth-4, Sodium Benzoate, Lactic Acid, Caprylyl Glycol, Phenoxyethanol, PEG-12 Dimethicone, Ethylhexylglycerin, Parfum, Cl14720\" \/>\n<meta property=\"og:url\" content=\"https:\/\/anagenshop.pl\/index.php\/produkt\/aminolixir-koncentrat-regenerujacy-do-brwi-i-rzes-20ml\/\" \/>\n<meta property=\"og:site_name\" content=\"Anagen shop\" \/>\n<meta property=\"article:publisher\" content=\"https:\/\/www.facebook.com\/Anagenshop\/?locale=pl_PL\" \/>\n<meta property=\"article:modified_time\" content=\"2026-02-24T14:01:54+00:00\" \/>\n<meta property=\"og:image\" content=\"https:\/\/anagenshop.pl\/wp-content\/uploads\/2026\/02\/amino2.jpg\" \/>\n\t<meta property=\"og:image:width\" content=\"1080\" \/>\n\t<meta property=\"og:image:height\" content=\"1080\" \/>\n\t<meta property=\"og:image:type\" content=\"image\/jpeg\" \/>\n<meta name=\"twitter:card\" content=\"summary_large_image\" \/>\n<meta name=\"twitter:label1\" content=\"Szacowany czas czytania\" \/>\n\t<meta name=\"twitter:data1\" content=\"4 minuty\" \/>\n<script type=\"application\/ld+json\" class=\"yoast-schema-graph\">{\"@context\":\"https:\\\/\\\/schema.org\",\"@graph\":[{\"@type\":\"WebPage\",\"@id\":\"https:\\\/\\\/anagenshop.pl\\\/index.php\\\/produkt\\\/aminolixir-koncentrat-regenerujacy-do-brwi-i-rzes-20ml\\\/\",\"url\":\"https:\\\/\\\/anagenshop.pl\\\/index.php\\\/produkt\\\/aminolixir-koncentrat-regenerujacy-do-brwi-i-rzes-20ml\\\/\",\"name\":\"Aminolixir Koncentrat Regeneruj\u0105cy do brwi i rz\u0119s 20ML - Anagen shop\",\"isPartOf\":{\"@id\":\"https:\\\/\\\/anagenshop.pl\\\/#website\"},\"primaryImageOfPage\":{\"@id\":\"https:\\\/\\\/anagenshop.pl\\\/index.php\\\/produkt\\\/aminolixir-koncentrat-regenerujacy-do-brwi-i-rzes-20ml\\\/#primaryimage\"},\"image\":{\"@id\":\"https:\\\/\\\/anagenshop.pl\\\/index.php\\\/produkt\\\/aminolixir-koncentrat-regenerujacy-do-brwi-i-rzes-20ml\\\/#primaryimage\"},\"thumbnailUrl\":\"https:\\\/\\\/anagenshop.pl\\\/wp-content\\\/uploads\\\/2026\\\/02\\\/amino2.jpg\",\"datePublished\":\"2026-02-24T13:37:45+00:00\",\"dateModified\":\"2026-02-24T14:01:54+00:00\",\"breadcrumb\":{\"@id\":\"https:\\\/\\\/anagenshop.pl\\\/index.php\\\/produkt\\\/aminolixir-koncentrat-regenerujacy-do-brwi-i-rzes-20ml\\\/#breadcrumb\"},\"inLanguage\":\"pl-PL\",\"potentialAction\":[{\"@type\":\"ReadAction\",\"target\":[\"https:\\\/\\\/anagenshop.pl\\\/index.php\\\/produkt\\\/aminolixir-koncentrat-regenerujacy-do-brwi-i-rzes-20ml\\\/\"]}]},{\"@type\":\"ImageObject\",\"inLanguage\":\"pl-PL\",\"@id\":\"https:\\\/\\\/anagenshop.pl\\\/index.php\\\/produkt\\\/aminolixir-koncentrat-regenerujacy-do-brwi-i-rzes-20ml\\\/#primaryimage\",\"url\":\"https:\\\/\\\/anagenshop.pl\\\/wp-content\\\/uploads\\\/2026\\\/02\\\/amino2.jpg\",\"contentUrl\":\"https:\\\/\\\/anagenshop.pl\\\/wp-content\\\/uploads\\\/2026\\\/02\\\/amino2.jpg\",\"width\":1080,\"height\":1080},{\"@type\":\"BreadcrumbList\",\"@id\":\"https:\\\/\\\/anagenshop.pl\\\/index.php\\\/produkt\\\/aminolixir-koncentrat-regenerujacy-do-brwi-i-rzes-20ml\\\/#breadcrumb\",\"itemListElement\":[{\"@type\":\"ListItem\",\"position\":1,\"name\":\"Strona g\u0142\u00f3wna\",\"item\":\"https:\\\/\\\/anagenshop.pl\\\/\"},{\"@type\":\"ListItem\",\"position\":2,\"name\":\"Sklep\",\"item\":\"https:\\\/\\\/anagenshop.pl\\\/\"},{\"@type\":\"ListItem\",\"position\":3,\"name\":\"Aminolixir Koncentrat Regeneruj\u0105cy do brwi i rz\u0119s 20ML\"}]},{\"@type\":\"WebSite\",\"@id\":\"https:\\\/\\\/anagenshop.pl\\\/#website\",\"url\":\"https:\\\/\\\/anagenshop.pl\\\/\",\"name\":\"Anagen shop\",\"description\":\"Produkty do stylizacji rz\u0119s i brwi, akcesoria i wyposa\u017cenie\",\"publisher\":{\"@id\":\"https:\\\/\\\/anagenshop.pl\\\/#organization\"},\"potentialAction\":[{\"@type\":\"SearchAction\",\"target\":{\"@type\":\"EntryPoint\",\"urlTemplate\":\"https:\\\/\\\/anagenshop.pl\\\/?s={search_term_string}\"},\"query-input\":{\"@type\":\"PropertyValueSpecification\",\"valueRequired\":true,\"valueName\":\"search_term_string\"}}],\"inLanguage\":\"pl-PL\"},{\"@type\":\"Organization\",\"@id\":\"https:\\\/\\\/anagenshop.pl\\\/#organization\",\"name\":\"Anagen shop\",\"url\":\"https:\\\/\\\/anagenshop.pl\\\/\",\"logo\":{\"@type\":\"ImageObject\",\"inLanguage\":\"pl-PL\",\"@id\":\"https:\\\/\\\/anagenshop.pl\\\/#\\\/schema\\\/logo\\\/image\\\/\",\"url\":\"https:\\\/\\\/anagenshop.pl\\\/wp-content\\\/uploads\\\/2026\\\/02\\\/cropped-Znak-wodny-sklep-1.png\",\"contentUrl\":\"https:\\\/\\\/anagenshop.pl\\\/wp-content\\\/uploads\\\/2026\\\/02\\\/cropped-Znak-wodny-sklep-1.png\",\"width\":1847,\"height\":517,\"caption\":\"Anagen shop\"},\"image\":{\"@id\":\"https:\\\/\\\/anagenshop.pl\\\/#\\\/schema\\\/logo\\\/image\\\/\"},\"sameAs\":[\"https:\\\/\\\/www.facebook.com\\\/Anagenshop\\\/?locale=pl_PL\",\"https:\\\/\\\/www.instagram.com\\\/anagenshop\\\/\"]}]}<\/script>\n<!-- \/ Yoast SEO plugin. -->","yoast_head_json":{"title":"Aminolixir Koncentrat Regeneruj\u0105cy do brwi i rz\u0119s 20ML - Anagen shop","robots":{"index":"index","follow":"follow","max-snippet":"max-snippet:-1","max-image-preview":"max-image-preview:large","max-video-preview":"max-video-preview:-1"},"canonical":"https:\/\/anagenshop.pl\/index.php\/produkt\/aminolixir-koncentrat-regenerujacy-do-brwi-i-rzes-20ml\/","og_locale":"pl_PL","og_type":"article","og_title":"Aminolixir Koncentrat Regeneruj\u0105cy do brwi i rz\u0119s 20ML - Anagen shop","og_description":"Aqua, Betaine, Glycerin, Methylpropanediol, Biotinoyl Tripeptide-1, Sodium Hyaluronate, Sodium PCA, Sodium Lactate, Arginine, Aspartic Acid, PCA, Glycine, Alanine, Serine, Valine, Proline, Threonine, Isoleucine, Histidine, Phenylalanine, Panthenol, Trehalose, Xanthan gum, Pentylene Glycol, Glycol Distearate, Steareth-4, Sodium Benzoate, Lactic Acid, Caprylyl Glycol, Phenoxyethanol, PEG-12 Dimethicone, Ethylhexylglycerin, Parfum, Cl14720","og_url":"https:\/\/anagenshop.pl\/index.php\/produkt\/aminolixir-koncentrat-regenerujacy-do-brwi-i-rzes-20ml\/","og_site_name":"Anagen shop","article_publisher":"https:\/\/www.facebook.com\/Anagenshop\/?locale=pl_PL","article_modified_time":"2026-02-24T14:01:54+00:00","og_image":[{"width":1080,"height":1080,"url":"https:\/\/anagenshop.pl\/wp-content\/uploads\/2026\/02\/amino2.jpg","type":"image\/jpeg"}],"twitter_card":"summary_large_image","twitter_misc":{"Szacowany czas czytania":"4 minuty"},"schema":{"@context":"https:\/\/schema.org","@graph":[{"@type":"WebPage","@id":"https:\/\/anagenshop.pl\/index.php\/produkt\/aminolixir-koncentrat-regenerujacy-do-brwi-i-rzes-20ml\/","url":"https:\/\/anagenshop.pl\/index.php\/produkt\/aminolixir-koncentrat-regenerujacy-do-brwi-i-rzes-20ml\/","name":"Aminolixir Koncentrat Regeneruj\u0105cy do brwi i rz\u0119s 20ML - Anagen shop","isPartOf":{"@id":"https:\/\/anagenshop.pl\/#website"},"primaryImageOfPage":{"@id":"https:\/\/anagenshop.pl\/index.php\/produkt\/aminolixir-koncentrat-regenerujacy-do-brwi-i-rzes-20ml\/#primaryimage"},"image":{"@id":"https:\/\/anagenshop.pl\/index.php\/produkt\/aminolixir-koncentrat-regenerujacy-do-brwi-i-rzes-20ml\/#primaryimage"},"thumbnailUrl":"https:\/\/anagenshop.pl\/wp-content\/uploads\/2026\/02\/amino2.jpg","datePublished":"2026-02-24T13:37:45+00:00","dateModified":"2026-02-24T14:01:54+00:00","breadcrumb":{"@id":"https:\/\/anagenshop.pl\/index.php\/produkt\/aminolixir-koncentrat-regenerujacy-do-brwi-i-rzes-20ml\/#breadcrumb"},"inLanguage":"pl-PL","potentialAction":[{"@type":"ReadAction","target":["https:\/\/anagenshop.pl\/index.php\/produkt\/aminolixir-koncentrat-regenerujacy-do-brwi-i-rzes-20ml\/"]}]},{"@type":"ImageObject","inLanguage":"pl-PL","@id":"https:\/\/anagenshop.pl\/index.php\/produkt\/aminolixir-koncentrat-regenerujacy-do-brwi-i-rzes-20ml\/#primaryimage","url":"https:\/\/anagenshop.pl\/wp-content\/uploads\/2026\/02\/amino2.jpg","contentUrl":"https:\/\/anagenshop.pl\/wp-content\/uploads\/2026\/02\/amino2.jpg","width":1080,"height":1080},{"@type":"BreadcrumbList","@id":"https:\/\/anagenshop.pl\/index.php\/produkt\/aminolixir-koncentrat-regenerujacy-do-brwi-i-rzes-20ml\/#breadcrumb","itemListElement":[{"@type":"ListItem","position":1,"name":"Strona g\u0142\u00f3wna","item":"https:\/\/anagenshop.pl\/"},{"@type":"ListItem","position":2,"name":"Sklep","item":"https:\/\/anagenshop.pl\/"},{"@type":"ListItem","position":3,"name":"Aminolixir Koncentrat Regeneruj\u0105cy do brwi i rz\u0119s 20ML"}]},{"@type":"WebSite","@id":"https:\/\/anagenshop.pl\/#website","url":"https:\/\/anagenshop.pl\/","name":"Anagen shop","description":"Produkty do stylizacji rz\u0119s i brwi, akcesoria i wyposa\u017cenie","publisher":{"@id":"https:\/\/anagenshop.pl\/#organization"},"potentialAction":[{"@type":"SearchAction","target":{"@type":"EntryPoint","urlTemplate":"https:\/\/anagenshop.pl\/?s={search_term_string}"},"query-input":{"@type":"PropertyValueSpecification","valueRequired":true,"valueName":"search_term_string"}}],"inLanguage":"pl-PL"},{"@type":"Organization","@id":"https:\/\/anagenshop.pl\/#organization","name":"Anagen shop","url":"https:\/\/anagenshop.pl\/","logo":{"@type":"ImageObject","inLanguage":"pl-PL","@id":"https:\/\/anagenshop.pl\/#\/schema\/logo\/image\/","url":"https:\/\/anagenshop.pl\/wp-content\/uploads\/2026\/02\/cropped-Znak-wodny-sklep-1.png","contentUrl":"https:\/\/anagenshop.pl\/wp-content\/uploads\/2026\/02\/cropped-Znak-wodny-sklep-1.png","width":1847,"height":517,"caption":"Anagen shop"},"image":{"@id":"https:\/\/anagenshop.pl\/#\/schema\/logo\/image\/"},"sameAs":["https:\/\/www.facebook.com\/Anagenshop\/?locale=pl_PL","https:\/\/www.instagram.com\/anagenshop\/"]}]}},"jetpack_sharing_enabled":true,"_links":{"self":[{"href":"https:\/\/anagenshop.pl\/index.php\/wp-json\/wp\/v2\/product\/1020","targetHints":{"allow":["GET"]}}],"collection":[{"href":"https:\/\/anagenshop.pl\/index.php\/wp-json\/wp\/v2\/product"}],"about":[{"href":"https:\/\/anagenshop.pl\/index.php\/wp-json\/wp\/v2\/types\/product"}],"version-history":[{"count":1,"href":"https:\/\/anagenshop.pl\/index.php\/wp-json\/wp\/v2\/product\/1020\/revisions"}],"predecessor-version":[{"id":1023,"href":"https:\/\/anagenshop.pl\/index.php\/wp-json\/wp\/v2\/product\/1020\/revisions\/1023"}],"wp:featuredmedia":[{"embeddable":true,"href":"https:\/\/anagenshop.pl\/index.php\/wp-json\/wp\/v2\/media\/1021"}],"wp:attachment":[{"href":"https:\/\/anagenshop.pl\/index.php\/wp-json\/wp\/v2\/media?parent=1020"}],"wp:term":[{"taxonomy":"product_brand","embeddable":true,"href":"https:\/\/anagenshop.pl\/index.php\/wp-json\/wp\/v2\/product_brand?post=1020"},{"taxonomy":"product_cat","embeddable":true,"href":"https:\/\/anagenshop.pl\/index.php\/wp-json\/wp\/v2\/product_cat?post=1020"},{"taxonomy":"product_tag","embeddable":true,"href":"https:\/\/anagenshop.pl\/index.php\/wp-json\/wp\/v2\/product_tag?post=1020"}],"curies":[{"name":"wp","href":"https:\/\/api.w.org\/{rel}","templated":true}]}}