{"id":1055,"date":"2026-02-24T15:34:41","date_gmt":"2026-02-24T14:34:41","guid":{"rendered":"https:\/\/anagenshop.pl?post_type=product&#038;p=1055"},"modified":"2026-02-24T15:34:41","modified_gmt":"2026-02-24T14:34:41","slug":"pojemnik-pianotworczy","status":"publish","type":"product","link":"https:\/\/anagenshop.pl\/index.php\/produkt\/pojemnik-pianotworczy\/","title":{"rendered":"Pojemnik Pianotw\u00f3rczy"},"content":{"rendered":"<h2 class=\"def\"><span class=\"def\">Profesjonalny pojemnik pianotw\u00f3rczy<\/span><\/h2>\n<p class=\"def\">\n<p class=\"def\"><span class=\"def\">Nowy produkt Noble Lashes pozwoli Ci na\u00a0stworzenie w\u0142asnego szamponu do rz\u0119s dla Twojej klientki.\u00a0<\/span><\/p>\n<p class=\"def\"><span class=\"def\">Aplikator z\u00a0pompk\u0105, w\u00a0kt\u00f3ry jest wyposa\u017cony\u00a0pojemnik pianotw\u00f3rczy u\u0142atwia aplikacj\u0119 szamponu na\u00a0rz\u0119sy klientki.\u00a0<\/span><\/p>\n<p class=\"def\"><span class=\"def\">Zapewnij sobie wygod\u0119 i\u00a0wysok\u0105 jako\u015b\u0107 us\u0142ug.\u00a0<\/span><\/p>\n<p class=\"def\"><span class=\"def\">Wybierz pojemnik\u00a0 w duecie z szamponem!<\/span><\/p>\n<p class=\"def\"><span class=\"def\">\u00a0<\/span><\/p>\n<p class=\"def\"><span class=\"def\">Pojemnik jest przezroczysty i\u00a0zdobiony z\u0142otymi elementami.\u00a0<\/span><\/p>\n<p class=\"def\"><span class=\"def\">Pojemno\u015b\u0107 pojemnika to 30 ml.\u00a0<\/span><\/p>\n","protected":false},"excerpt":{"rendered":"<p>Profesjonalny pojemnik pianotw\u00f3rczy Nowy produkt Noble Lashes pozwoli Ci na\u00a0stworzenie w\u0142asnego szamponu do rz\u0119s dla Twojej klientki.\u00a0 Aplikator z\u00a0pompk\u0105, w\u00a0kt\u00f3ry jest wyposa\u017cony\u00a0pojemnik pianotw\u00f3rczy u\u0142atwia aplikacj\u0119 szamponu na\u00a0rz\u0119sy klientki.\u00a0 Zapewnij sobie wygod\u0119 i\u00a0wysok\u0105 jako\u015b\u0107 us\u0142ug.\u00a0 Wybierz pojemnik\u00a0 w duecie z szamponem! \u00a0 Pojemnik jest przezroczysty i\u00a0zdobiony z\u0142otymi elementami.\u00a0 Pojemno\u015b\u0107 pojemnika to 30 ml.\u00a0<\/p>\n","protected":false},"featured_media":1056,"template":"","meta":{"_kadence_starter_templates_imported_post":false},"product_brand":[],"product_cat":[31],"product_tag":[],"class_list":{"0":"post-1055","1":"product","2":"type-product","3":"status-publish","4":"has-post-thumbnail","6":"product_cat-akcesoria","8":"first","9":"instock","10":"taxable","11":"shipping-taxable","12":"purchasable","13":"product-type-simple"},"yoast_head":"<!-- This site is optimized with the Yoast SEO plugin v27.4 - https:\/\/yoast.com\/product\/yoast-seo-wordpress\/ -->\n<title>Pojemnik Pianotw\u00f3rczy - Anagen shop<\/title>\n<meta name=\"robots\" content=\"index, follow, max-snippet:-1, max-image-preview:large, max-video-preview:-1\" \/>\n<link rel=\"canonical\" href=\"https:\/\/anagenshop.pl\/index.php\/produkt\/pojemnik-pianotworczy\/\" \/>\n<meta property=\"og:locale\" content=\"pl_PL\" \/>\n<meta property=\"og:type\" content=\"article\" \/>\n<meta property=\"og:title\" content=\"Pojemnik Pianotw\u00f3rczy - Anagen shop\" \/>\n<meta property=\"og:description\" content=\"Profesjonalny pojemnik pianotw\u00f3rczy Nowy produkt Noble Lashes pozwoli Ci na\u00a0stworzenie w\u0142asnego szamponu do rz\u0119s dla Twojej klientki.\u00a0 Aplikator z\u00a0pompk\u0105, w\u00a0kt\u00f3ry jest wyposa\u017cony\u00a0pojemnik pianotw\u00f3rczy u\u0142atwia aplikacj\u0119 szamponu na\u00a0rz\u0119sy klientki.\u00a0 Zapewnij sobie wygod\u0119 i\u00a0wysok\u0105 jako\u015b\u0107 us\u0142ug.\u00a0 Wybierz pojemnik\u00a0 w duecie z szamponem! \u00a0 Pojemnik jest przezroczysty i\u00a0zdobiony z\u0142otymi elementami.\u00a0 Pojemno\u015b\u0107 pojemnika to 30 ml.\u00a0\" \/>\n<meta property=\"og:url\" content=\"https:\/\/anagenshop.pl\/index.php\/produkt\/pojemnik-pianotworczy\/\" \/>\n<meta property=\"og:site_name\" content=\"Anagen shop\" \/>\n<meta property=\"article:publisher\" content=\"https:\/\/www.facebook.com\/Anagenshop\/?locale=pl_PL\" \/>\n<meta property=\"og:image\" content=\"https:\/\/anagenshop.pl\/wp-content\/uploads\/2026\/02\/Pojemnik-Pianotworczy_204_600.jpg\" \/>\n\t<meta property=\"og:image:width\" content=\"600\" \/>\n\t<meta property=\"og:image:height\" content=\"600\" \/>\n\t<meta property=\"og:image:type\" content=\"image\/jpeg\" \/>\n<meta name=\"twitter:card\" content=\"summary_large_image\" \/>\n<meta name=\"twitter:label1\" content=\"Szacowany czas czytania\" \/>\n\t<meta name=\"twitter:data1\" content=\"1 minuta\" \/>\n<script type=\"application\/ld+json\" class=\"yoast-schema-graph\">{\"@context\":\"https:\\\/\\\/schema.org\",\"@graph\":[{\"@type\":\"WebPage\",\"@id\":\"https:\\\/\\\/anagenshop.pl\\\/index.php\\\/produkt\\\/pojemnik-pianotworczy\\\/\",\"url\":\"https:\\\/\\\/anagenshop.pl\\\/index.php\\\/produkt\\\/pojemnik-pianotworczy\\\/\",\"name\":\"Pojemnik Pianotw\u00f3rczy - Anagen shop\",\"isPartOf\":{\"@id\":\"https:\\\/\\\/anagenshop.pl\\\/#website\"},\"primaryImageOfPage\":{\"@id\":\"https:\\\/\\\/anagenshop.pl\\\/index.php\\\/produkt\\\/pojemnik-pianotworczy\\\/#primaryimage\"},\"image\":{\"@id\":\"https:\\\/\\\/anagenshop.pl\\\/index.php\\\/produkt\\\/pojemnik-pianotworczy\\\/#primaryimage\"},\"thumbnailUrl\":\"https:\\\/\\\/anagenshop.pl\\\/wp-content\\\/uploads\\\/2026\\\/02\\\/Pojemnik-Pianotworczy_204_600.jpg\",\"datePublished\":\"2026-02-24T14:34:41+00:00\",\"breadcrumb\":{\"@id\":\"https:\\\/\\\/anagenshop.pl\\\/index.php\\\/produkt\\\/pojemnik-pianotworczy\\\/#breadcrumb\"},\"inLanguage\":\"pl-PL\",\"potentialAction\":[{\"@type\":\"ReadAction\",\"target\":[\"https:\\\/\\\/anagenshop.pl\\\/index.php\\\/produkt\\\/pojemnik-pianotworczy\\\/\"]}]},{\"@type\":\"ImageObject\",\"inLanguage\":\"pl-PL\",\"@id\":\"https:\\\/\\\/anagenshop.pl\\\/index.php\\\/produkt\\\/pojemnik-pianotworczy\\\/#primaryimage\",\"url\":\"https:\\\/\\\/anagenshop.pl\\\/wp-content\\\/uploads\\\/2026\\\/02\\\/Pojemnik-Pianotworczy_204_600.jpg\",\"contentUrl\":\"https:\\\/\\\/anagenshop.pl\\\/wp-content\\\/uploads\\\/2026\\\/02\\\/Pojemnik-Pianotworczy_204_600.jpg\",\"width\":600,\"height\":600},{\"@type\":\"BreadcrumbList\",\"@id\":\"https:\\\/\\\/anagenshop.pl\\\/index.php\\\/produkt\\\/pojemnik-pianotworczy\\\/#breadcrumb\",\"itemListElement\":[{\"@type\":\"ListItem\",\"position\":1,\"name\":\"Strona g\u0142\u00f3wna\",\"item\":\"https:\\\/\\\/anagenshop.pl\\\/\"},{\"@type\":\"ListItem\",\"position\":2,\"name\":\"Sklep\",\"item\":\"https:\\\/\\\/anagenshop.pl\\\/\"},{\"@type\":\"ListItem\",\"position\":3,\"name\":\"Pojemnik Pianotw\u00f3rczy\"}]},{\"@type\":\"WebSite\",\"@id\":\"https:\\\/\\\/anagenshop.pl\\\/#website\",\"url\":\"https:\\\/\\\/anagenshop.pl\\\/\",\"name\":\"Anagen shop\",\"description\":\"Produkty do stylizacji rz\u0119s i brwi, akcesoria i wyposa\u017cenie\",\"publisher\":{\"@id\":\"https:\\\/\\\/anagenshop.pl\\\/#organization\"},\"potentialAction\":[{\"@type\":\"SearchAction\",\"target\":{\"@type\":\"EntryPoint\",\"urlTemplate\":\"https:\\\/\\\/anagenshop.pl\\\/?s={search_term_string}\"},\"query-input\":{\"@type\":\"PropertyValueSpecification\",\"valueRequired\":true,\"valueName\":\"search_term_string\"}}],\"inLanguage\":\"pl-PL\"},{\"@type\":\"Organization\",\"@id\":\"https:\\\/\\\/anagenshop.pl\\\/#organization\",\"name\":\"Anagen shop\",\"url\":\"https:\\\/\\\/anagenshop.pl\\\/\",\"logo\":{\"@type\":\"ImageObject\",\"inLanguage\":\"pl-PL\",\"@id\":\"https:\\\/\\\/anagenshop.pl\\\/#\\\/schema\\\/logo\\\/image\\\/\",\"url\":\"https:\\\/\\\/anagenshop.pl\\\/wp-content\\\/uploads\\\/2026\\\/02\\\/cropped-Znak-wodny-sklep-1.png\",\"contentUrl\":\"https:\\\/\\\/anagenshop.pl\\\/wp-content\\\/uploads\\\/2026\\\/02\\\/cropped-Znak-wodny-sklep-1.png\",\"width\":1847,\"height\":517,\"caption\":\"Anagen shop\"},\"image\":{\"@id\":\"https:\\\/\\\/anagenshop.pl\\\/#\\\/schema\\\/logo\\\/image\\\/\"},\"sameAs\":[\"https:\\\/\\\/www.facebook.com\\\/Anagenshop\\\/?locale=pl_PL\",\"https:\\\/\\\/www.instagram.com\\\/anagenshop\\\/\"]}]}<\/script>\n<!-- \/ Yoast SEO plugin. -->","yoast_head_json":{"title":"Pojemnik Pianotw\u00f3rczy - Anagen shop","robots":{"index":"index","follow":"follow","max-snippet":"max-snippet:-1","max-image-preview":"max-image-preview:large","max-video-preview":"max-video-preview:-1"},"canonical":"https:\/\/anagenshop.pl\/index.php\/produkt\/pojemnik-pianotworczy\/","og_locale":"pl_PL","og_type":"article","og_title":"Pojemnik Pianotw\u00f3rczy - Anagen shop","og_description":"Profesjonalny pojemnik pianotw\u00f3rczy Nowy produkt Noble Lashes pozwoli Ci na\u00a0stworzenie w\u0142asnego szamponu do rz\u0119s dla Twojej klientki.\u00a0 Aplikator z\u00a0pompk\u0105, w\u00a0kt\u00f3ry jest wyposa\u017cony\u00a0pojemnik pianotw\u00f3rczy u\u0142atwia aplikacj\u0119 szamponu na\u00a0rz\u0119sy klientki.\u00a0 Zapewnij sobie wygod\u0119 i\u00a0wysok\u0105 jako\u015b\u0107 us\u0142ug.\u00a0 Wybierz pojemnik\u00a0 w duecie z szamponem! \u00a0 Pojemnik jest przezroczysty i\u00a0zdobiony z\u0142otymi elementami.\u00a0 Pojemno\u015b\u0107 pojemnika to 30 ml.\u00a0","og_url":"https:\/\/anagenshop.pl\/index.php\/produkt\/pojemnik-pianotworczy\/","og_site_name":"Anagen shop","article_publisher":"https:\/\/www.facebook.com\/Anagenshop\/?locale=pl_PL","og_image":[{"width":600,"height":600,"url":"https:\/\/anagenshop.pl\/wp-content\/uploads\/2026\/02\/Pojemnik-Pianotworczy_204_600.jpg","type":"image\/jpeg"}],"twitter_card":"summary_large_image","twitter_misc":{"Szacowany czas czytania":"1 minuta"},"schema":{"@context":"https:\/\/schema.org","@graph":[{"@type":"WebPage","@id":"https:\/\/anagenshop.pl\/index.php\/produkt\/pojemnik-pianotworczy\/","url":"https:\/\/anagenshop.pl\/index.php\/produkt\/pojemnik-pianotworczy\/","name":"Pojemnik Pianotw\u00f3rczy - Anagen shop","isPartOf":{"@id":"https:\/\/anagenshop.pl\/#website"},"primaryImageOfPage":{"@id":"https:\/\/anagenshop.pl\/index.php\/produkt\/pojemnik-pianotworczy\/#primaryimage"},"image":{"@id":"https:\/\/anagenshop.pl\/index.php\/produkt\/pojemnik-pianotworczy\/#primaryimage"},"thumbnailUrl":"https:\/\/anagenshop.pl\/wp-content\/uploads\/2026\/02\/Pojemnik-Pianotworczy_204_600.jpg","datePublished":"2026-02-24T14:34:41+00:00","breadcrumb":{"@id":"https:\/\/anagenshop.pl\/index.php\/produkt\/pojemnik-pianotworczy\/#breadcrumb"},"inLanguage":"pl-PL","potentialAction":[{"@type":"ReadAction","target":["https:\/\/anagenshop.pl\/index.php\/produkt\/pojemnik-pianotworczy\/"]}]},{"@type":"ImageObject","inLanguage":"pl-PL","@id":"https:\/\/anagenshop.pl\/index.php\/produkt\/pojemnik-pianotworczy\/#primaryimage","url":"https:\/\/anagenshop.pl\/wp-content\/uploads\/2026\/02\/Pojemnik-Pianotworczy_204_600.jpg","contentUrl":"https:\/\/anagenshop.pl\/wp-content\/uploads\/2026\/02\/Pojemnik-Pianotworczy_204_600.jpg","width":600,"height":600},{"@type":"BreadcrumbList","@id":"https:\/\/anagenshop.pl\/index.php\/produkt\/pojemnik-pianotworczy\/#breadcrumb","itemListElement":[{"@type":"ListItem","position":1,"name":"Strona g\u0142\u00f3wna","item":"https:\/\/anagenshop.pl\/"},{"@type":"ListItem","position":2,"name":"Sklep","item":"https:\/\/anagenshop.pl\/"},{"@type":"ListItem","position":3,"name":"Pojemnik Pianotw\u00f3rczy"}]},{"@type":"WebSite","@id":"https:\/\/anagenshop.pl\/#website","url":"https:\/\/anagenshop.pl\/","name":"Anagen shop","description":"Produkty do stylizacji rz\u0119s i brwi, akcesoria i wyposa\u017cenie","publisher":{"@id":"https:\/\/anagenshop.pl\/#organization"},"potentialAction":[{"@type":"SearchAction","target":{"@type":"EntryPoint","urlTemplate":"https:\/\/anagenshop.pl\/?s={search_term_string}"},"query-input":{"@type":"PropertyValueSpecification","valueRequired":true,"valueName":"search_term_string"}}],"inLanguage":"pl-PL"},{"@type":"Organization","@id":"https:\/\/anagenshop.pl\/#organization","name":"Anagen shop","url":"https:\/\/anagenshop.pl\/","logo":{"@type":"ImageObject","inLanguage":"pl-PL","@id":"https:\/\/anagenshop.pl\/#\/schema\/logo\/image\/","url":"https:\/\/anagenshop.pl\/wp-content\/uploads\/2026\/02\/cropped-Znak-wodny-sklep-1.png","contentUrl":"https:\/\/anagenshop.pl\/wp-content\/uploads\/2026\/02\/cropped-Znak-wodny-sklep-1.png","width":1847,"height":517,"caption":"Anagen shop"},"image":{"@id":"https:\/\/anagenshop.pl\/#\/schema\/logo\/image\/"},"sameAs":["https:\/\/www.facebook.com\/Anagenshop\/?locale=pl_PL","https:\/\/www.instagram.com\/anagenshop\/"]}]}},"jetpack_sharing_enabled":true,"_links":{"self":[{"href":"https:\/\/anagenshop.pl\/index.php\/wp-json\/wp\/v2\/product\/1055","targetHints":{"allow":["GET"]}}],"collection":[{"href":"https:\/\/anagenshop.pl\/index.php\/wp-json\/wp\/v2\/product"}],"about":[{"href":"https:\/\/anagenshop.pl\/index.php\/wp-json\/wp\/v2\/types\/product"}],"version-history":[{"count":1,"href":"https:\/\/anagenshop.pl\/index.php\/wp-json\/wp\/v2\/product\/1055\/revisions"}],"predecessor-version":[{"id":1058,"href":"https:\/\/anagenshop.pl\/index.php\/wp-json\/wp\/v2\/product\/1055\/revisions\/1058"}],"wp:featuredmedia":[{"embeddable":true,"href":"https:\/\/anagenshop.pl\/index.php\/wp-json\/wp\/v2\/media\/1056"}],"wp:attachment":[{"href":"https:\/\/anagenshop.pl\/index.php\/wp-json\/wp\/v2\/media?parent=1055"}],"wp:term":[{"taxonomy":"product_brand","embeddable":true,"href":"https:\/\/anagenshop.pl\/index.php\/wp-json\/wp\/v2\/product_brand?post=1055"},{"taxonomy":"product_cat","embeddable":true,"href":"https:\/\/anagenshop.pl\/index.php\/wp-json\/wp\/v2\/product_cat?post=1055"},{"taxonomy":"product_tag","embeddable":true,"href":"https:\/\/anagenshop.pl\/index.php\/wp-json\/wp\/v2\/product_tag?post=1055"}],"curies":[{"name":"wp","href":"https:\/\/api.w.org\/{rel}","templated":true}]}}