{"id":1065,"date":"2026-02-24T15:39:31","date_gmt":"2026-02-24T14:39:31","guid":{"rendered":"https:\/\/anagenshop.pl?post_type=product&#038;p=1065"},"modified":"2026-04-10T14:56:50","modified_gmt":"2026-04-10T12:56:50","slug":"szampon-pure-lashbrow","status":"publish","type":"product","link":"https:\/\/anagenshop.pl\/index.php\/produkt\/szampon-pure-lashbrow\/","title":{"rendered":"Szampon Pure Lash&#038;Brow"},"content":{"rendered":"<h2 class=\"def\">Profesjonalny szampon do rz\u0119s Pure Lash &amp; Brow<\/h2>\n<p class=\"def\">Przed przyst\u0105pieniem do zabiegu stylizacji rz\u0119s i\u00a0brwi istotnym elementem przygotowa\u0144 jest dok\u0142adne oczyszczenie delikatnych w\u0142osk\u00f3w i\u00a0sk\u00f3ry. Profesjonalny szampon do rz\u0119s Pure Lash &amp; Brow to produkt, kt\u00f3ry nie tylko pomo\u017ce usun\u0105\u0107 brud, ale\u00a0i\u00a0doskonale<span class=\"def\">\u00a0<\/span><strong class=\"def\">wzmocni<\/strong><span class=\"def\">\u00a0<\/span>i\u00a0<strong class=\"def\">od\u017cywi<\/strong><span class=\"def\">\u00a0<\/span>naturalne rz\u0119sy. Kosmetyk nadaje si\u0119 tak\u017ce do codziennej piel\u0119gnacji przed\u0142u\u017conych rz\u0119s,<span class=\"def\">\u00a0<\/span><strong class=\"def\">regeneruje<\/strong><span class=\"def\">\u00a0<\/span>i\u00a0<strong class=\"def\">chroni<\/strong><span class=\"def\">\u00a0<\/span>\u0142uski naturalnych w\u0142osk\u00f3w, wzmacniaj\u0105c r\u00f3wnie\u017c ich cebulki. Szampon<span class=\"def\">\u00a0<\/span><strong class=\"def\">nie zawiera paraben\u00f3w ani\u00a0substancji SLES,<\/strong><span class=\"def\">\u00a0<\/span>dlatego\u00a0jest odpowiedni tak\u017ce dla wra\u017cliwych oczu i\u00a0cery. Doskonale sprawdzi si\u0119 w\u00a0salonach stylizacji rz\u0119s jako \u015brodek przygotowuj\u0105cy do zabieg\u00f3w, jak te\u017c w\u00a0domowej, codziennej piel\u0119gnacji rz\u0119s przed\u0142u\u017conych.<\/p>\n<h2 class=\"def\">Naturalne sk\u0142adniki o\u00a0cennych w\u0142a\u015bciwo\u015bciach<\/h2>\n<p class=\"def\">Szampon do rz\u0119s Pure Lash &amp; Brow ma w\u00a0swoim sk\u0142adzie cenne wyci\u0105gi ro\u015blinne, kt\u00f3re wp\u0142ywaj\u0105 korzystnie na\u00a0struktur\u0119 rz\u0119s oraz\u00a0sk\u00f3r\u0119 powiek. W\u015br\u00f3d nich znajduje si\u0119<span class=\"def\">\u00a0<\/span><strong class=\"def\">olejek z\u00a0drzewa herbacianego<\/strong><span class=\"def\">\u00a0<\/span>o\u00a0w\u0142a\u015bciwo\u015bciach przeciwbakteryjnych i\u00a0przeciwgrzybiczych, kt\u00f3ry normalizuje prac\u0119 gruczo\u0142\u00f3w \u0142ojowych oraz\u00a0wzmacnia cebulki w\u0142osowe.<span class=\"def\">\u00a0<\/span><strong class=\"def\">Ekstrakt z\u00a0owsa<\/strong><span class=\"def\">\u00a0<\/span>od\u017cywia i\u00a0zmi\u0119kcza sk\u00f3r\u0119, zapobiega jej podra\u017cnieniom oraz\u00a0odpowiednio nawil\u017ca rz\u0119sy i\u00a0brwi. Polecany dla cery wra\u017cliwej zwi\u0119ksza barier\u0119 ochronn\u0105 nask\u00f3rka. Znajduj\u0105ca si\u0119 w\u00a0szamponie<span class=\"def\">\u00a0<\/span><strong class=\"def\">keratyna<\/strong><span class=\"def\">\u00a0<\/span>wzmacnia, pogrubia i\u00a0nab\u0142yszcza w\u0142oski, zapobiega ich \u0142amliwo\u015bci oraz\u00a0regeneruje powsta\u0142e ubytki w\u00a0g\u0142\u0119bi struktury w\u0142osa. Szampon do rz\u0119s Pure Lash &amp; Brow zosta\u0142 przebadany okulistycznie i\u00a0<strong class=\"def\">nie powoduje podra\u017cnie\u0144<\/strong><span class=\"def\">\u00a0<\/span>ani \u0142zawienia. Zawarto\u015b\u0107 saszetki nale\u017cy wla\u0107 do pojemnika pianotw\u00f3rczego o pojemno\u015bci 30 ml i dope\u0142ni\u0107 wod\u0105.<\/p>\n","protected":false},"excerpt":{"rendered":"<p>Szampon do rz\u0119s Pure Lash &amp; Brow ma w\u00a0swoim sk\u0142adzie cenne wyci\u0105gi ro\u015blinne, kt\u00f3re wp\u0142ywaj\u0105 korzystnie na\u00a0struktur\u0119 rz\u0119s oraz\u00a0sk\u00f3r\u0119 powiek. W\u015br\u00f3d nich znajduje si\u0119<span class=\"def\">\u00a0<\/span><strong class=\"def\">olejek z\u00a0drzewa herbacianego<\/strong><span class=\"def\">\u00a0<\/span>o\u00a0w\u0142a\u015bciwo\u015bciach przeciwbakteryjnych i\u00a0przeciwgrzybiczych,<\/p>\n","protected":false},"featured_media":1066,"template":"","meta":{"_kadence_starter_templates_imported_post":false},"product_brand":[],"product_cat":[31],"product_tag":[],"class_list":{"0":"post-1065","1":"product","2":"type-product","3":"status-publish","4":"has-post-thumbnail","6":"product_cat-akcesoria","8":"first","9":"instock","10":"taxable","11":"shipping-taxable","12":"purchasable","13":"product-type-simple"},"yoast_head":"<!-- This site is optimized with the Yoast SEO plugin v27.4 - https:\/\/yoast.com\/product\/yoast-seo-wordpress\/ -->\n<title>Szampon Pure Lash&amp;Brow - Anagen shop<\/title>\n<meta name=\"robots\" content=\"index, follow, max-snippet:-1, max-image-preview:large, max-video-preview:-1\" \/>\n<link rel=\"canonical\" href=\"https:\/\/anagenshop.pl\/index.php\/produkt\/szampon-pure-lashbrow\/\" \/>\n<meta property=\"og:locale\" content=\"pl_PL\" \/>\n<meta property=\"og:type\" content=\"article\" \/>\n<meta property=\"og:title\" content=\"Szampon Pure Lash&amp;Brow - Anagen shop\" \/>\n<meta property=\"og:description\" content=\"Szampon do rz\u0119s Pure Lash &amp; Brow ma w\u00a0swoim sk\u0142adzie cenne wyci\u0105gi ro\u015blinne, kt\u00f3re wp\u0142ywaj\u0105 korzystnie na\u00a0struktur\u0119 rz\u0119s oraz\u00a0sk\u00f3r\u0119 powiek. W\u015br\u00f3d nich znajduje si\u0119\u00a0olejek z\u00a0drzewa herbacianego\u00a0o\u00a0w\u0142a\u015bciwo\u015bciach przeciwbakteryjnych i\u00a0przeciwgrzybiczych,\" \/>\n<meta property=\"og:url\" content=\"https:\/\/anagenshop.pl\/index.php\/produkt\/szampon-pure-lashbrow\/\" \/>\n<meta property=\"og:site_name\" content=\"Anagen shop\" \/>\n<meta property=\"article:publisher\" content=\"https:\/\/www.facebook.com\/Anagenshop\/?locale=pl_PL\" \/>\n<meta property=\"article:modified_time\" content=\"2026-04-10T12:56:50+00:00\" \/>\n<meta property=\"og:image\" content=\"https:\/\/anagenshop.pl\/wp-content\/uploads\/2026\/02\/Szampon-Pure-LashBrow_203_600.jpg\" \/>\n\t<meta property=\"og:image:width\" content=\"600\" \/>\n\t<meta property=\"og:image:height\" content=\"600\" \/>\n\t<meta property=\"og:image:type\" content=\"image\/jpeg\" \/>\n<meta name=\"twitter:card\" content=\"summary_large_image\" \/>\n<meta name=\"twitter:label1\" content=\"Szacowany czas czytania\" \/>\n\t<meta name=\"twitter:data1\" content=\"2 minuty\" \/>\n<script type=\"application\/ld+json\" class=\"yoast-schema-graph\">{\"@context\":\"https:\\\/\\\/schema.org\",\"@graph\":[{\"@type\":\"WebPage\",\"@id\":\"https:\\\/\\\/anagenshop.pl\\\/index.php\\\/produkt\\\/szampon-pure-lashbrow\\\/\",\"url\":\"https:\\\/\\\/anagenshop.pl\\\/index.php\\\/produkt\\\/szampon-pure-lashbrow\\\/\",\"name\":\"Szampon Pure Lash&Brow - Anagen shop\",\"isPartOf\":{\"@id\":\"https:\\\/\\\/anagenshop.pl\\\/#website\"},\"primaryImageOfPage\":{\"@id\":\"https:\\\/\\\/anagenshop.pl\\\/index.php\\\/produkt\\\/szampon-pure-lashbrow\\\/#primaryimage\"},\"image\":{\"@id\":\"https:\\\/\\\/anagenshop.pl\\\/index.php\\\/produkt\\\/szampon-pure-lashbrow\\\/#primaryimage\"},\"thumbnailUrl\":\"https:\\\/\\\/anagenshop.pl\\\/wp-content\\\/uploads\\\/2026\\\/02\\\/Szampon-Pure-LashBrow_203_600.jpg\",\"datePublished\":\"2026-02-24T14:39:31+00:00\",\"dateModified\":\"2026-04-10T12:56:50+00:00\",\"breadcrumb\":{\"@id\":\"https:\\\/\\\/anagenshop.pl\\\/index.php\\\/produkt\\\/szampon-pure-lashbrow\\\/#breadcrumb\"},\"inLanguage\":\"pl-PL\",\"potentialAction\":[{\"@type\":\"ReadAction\",\"target\":[\"https:\\\/\\\/anagenshop.pl\\\/index.php\\\/produkt\\\/szampon-pure-lashbrow\\\/\"]}]},{\"@type\":\"ImageObject\",\"inLanguage\":\"pl-PL\",\"@id\":\"https:\\\/\\\/anagenshop.pl\\\/index.php\\\/produkt\\\/szampon-pure-lashbrow\\\/#primaryimage\",\"url\":\"https:\\\/\\\/anagenshop.pl\\\/wp-content\\\/uploads\\\/2026\\\/02\\\/Szampon-Pure-LashBrow_203_600.jpg\",\"contentUrl\":\"https:\\\/\\\/anagenshop.pl\\\/wp-content\\\/uploads\\\/2026\\\/02\\\/Szampon-Pure-LashBrow_203_600.jpg\",\"width\":600,\"height\":600},{\"@type\":\"BreadcrumbList\",\"@id\":\"https:\\\/\\\/anagenshop.pl\\\/index.php\\\/produkt\\\/szampon-pure-lashbrow\\\/#breadcrumb\",\"itemListElement\":[{\"@type\":\"ListItem\",\"position\":1,\"name\":\"Strona g\u0142\u00f3wna\",\"item\":\"https:\\\/\\\/anagenshop.pl\\\/\"},{\"@type\":\"ListItem\",\"position\":2,\"name\":\"Sklep\",\"item\":\"https:\\\/\\\/anagenshop.pl\\\/\"},{\"@type\":\"ListItem\",\"position\":3,\"name\":\"Szampon Pure Lash&#038;Brow\"}]},{\"@type\":\"WebSite\",\"@id\":\"https:\\\/\\\/anagenshop.pl\\\/#website\",\"url\":\"https:\\\/\\\/anagenshop.pl\\\/\",\"name\":\"Anagen shop\",\"description\":\"Produkty do stylizacji rz\u0119s i brwi, akcesoria i wyposa\u017cenie\",\"publisher\":{\"@id\":\"https:\\\/\\\/anagenshop.pl\\\/#organization\"},\"potentialAction\":[{\"@type\":\"SearchAction\",\"target\":{\"@type\":\"EntryPoint\",\"urlTemplate\":\"https:\\\/\\\/anagenshop.pl\\\/?s={search_term_string}\"},\"query-input\":{\"@type\":\"PropertyValueSpecification\",\"valueRequired\":true,\"valueName\":\"search_term_string\"}}],\"inLanguage\":\"pl-PL\"},{\"@type\":\"Organization\",\"@id\":\"https:\\\/\\\/anagenshop.pl\\\/#organization\",\"name\":\"Anagen shop\",\"url\":\"https:\\\/\\\/anagenshop.pl\\\/\",\"logo\":{\"@type\":\"ImageObject\",\"inLanguage\":\"pl-PL\",\"@id\":\"https:\\\/\\\/anagenshop.pl\\\/#\\\/schema\\\/logo\\\/image\\\/\",\"url\":\"https:\\\/\\\/anagenshop.pl\\\/wp-content\\\/uploads\\\/2026\\\/02\\\/cropped-Znak-wodny-sklep-1.png\",\"contentUrl\":\"https:\\\/\\\/anagenshop.pl\\\/wp-content\\\/uploads\\\/2026\\\/02\\\/cropped-Znak-wodny-sklep-1.png\",\"width\":1847,\"height\":517,\"caption\":\"Anagen shop\"},\"image\":{\"@id\":\"https:\\\/\\\/anagenshop.pl\\\/#\\\/schema\\\/logo\\\/image\\\/\"},\"sameAs\":[\"https:\\\/\\\/www.facebook.com\\\/Anagenshop\\\/?locale=pl_PL\",\"https:\\\/\\\/www.instagram.com\\\/anagenshop\\\/\"]}]}<\/script>\n<!-- \/ Yoast SEO plugin. -->","yoast_head_json":{"title":"Szampon Pure Lash&Brow - Anagen shop","robots":{"index":"index","follow":"follow","max-snippet":"max-snippet:-1","max-image-preview":"max-image-preview:large","max-video-preview":"max-video-preview:-1"},"canonical":"https:\/\/anagenshop.pl\/index.php\/produkt\/szampon-pure-lashbrow\/","og_locale":"pl_PL","og_type":"article","og_title":"Szampon Pure Lash&Brow - Anagen shop","og_description":"Szampon do rz\u0119s Pure Lash &amp; Brow ma w\u00a0swoim sk\u0142adzie cenne wyci\u0105gi ro\u015blinne, kt\u00f3re wp\u0142ywaj\u0105 korzystnie na\u00a0struktur\u0119 rz\u0119s oraz\u00a0sk\u00f3r\u0119 powiek. W\u015br\u00f3d nich znajduje si\u0119\u00a0olejek z\u00a0drzewa herbacianego\u00a0o\u00a0w\u0142a\u015bciwo\u015bciach przeciwbakteryjnych i\u00a0przeciwgrzybiczych,","og_url":"https:\/\/anagenshop.pl\/index.php\/produkt\/szampon-pure-lashbrow\/","og_site_name":"Anagen shop","article_publisher":"https:\/\/www.facebook.com\/Anagenshop\/?locale=pl_PL","article_modified_time":"2026-04-10T12:56:50+00:00","og_image":[{"width":600,"height":600,"url":"https:\/\/anagenshop.pl\/wp-content\/uploads\/2026\/02\/Szampon-Pure-LashBrow_203_600.jpg","type":"image\/jpeg"}],"twitter_card":"summary_large_image","twitter_misc":{"Szacowany czas czytania":"2 minuty"},"schema":{"@context":"https:\/\/schema.org","@graph":[{"@type":"WebPage","@id":"https:\/\/anagenshop.pl\/index.php\/produkt\/szampon-pure-lashbrow\/","url":"https:\/\/anagenshop.pl\/index.php\/produkt\/szampon-pure-lashbrow\/","name":"Szampon Pure Lash&Brow - Anagen shop","isPartOf":{"@id":"https:\/\/anagenshop.pl\/#website"},"primaryImageOfPage":{"@id":"https:\/\/anagenshop.pl\/index.php\/produkt\/szampon-pure-lashbrow\/#primaryimage"},"image":{"@id":"https:\/\/anagenshop.pl\/index.php\/produkt\/szampon-pure-lashbrow\/#primaryimage"},"thumbnailUrl":"https:\/\/anagenshop.pl\/wp-content\/uploads\/2026\/02\/Szampon-Pure-LashBrow_203_600.jpg","datePublished":"2026-02-24T14:39:31+00:00","dateModified":"2026-04-10T12:56:50+00:00","breadcrumb":{"@id":"https:\/\/anagenshop.pl\/index.php\/produkt\/szampon-pure-lashbrow\/#breadcrumb"},"inLanguage":"pl-PL","potentialAction":[{"@type":"ReadAction","target":["https:\/\/anagenshop.pl\/index.php\/produkt\/szampon-pure-lashbrow\/"]}]},{"@type":"ImageObject","inLanguage":"pl-PL","@id":"https:\/\/anagenshop.pl\/index.php\/produkt\/szampon-pure-lashbrow\/#primaryimage","url":"https:\/\/anagenshop.pl\/wp-content\/uploads\/2026\/02\/Szampon-Pure-LashBrow_203_600.jpg","contentUrl":"https:\/\/anagenshop.pl\/wp-content\/uploads\/2026\/02\/Szampon-Pure-LashBrow_203_600.jpg","width":600,"height":600},{"@type":"BreadcrumbList","@id":"https:\/\/anagenshop.pl\/index.php\/produkt\/szampon-pure-lashbrow\/#breadcrumb","itemListElement":[{"@type":"ListItem","position":1,"name":"Strona g\u0142\u00f3wna","item":"https:\/\/anagenshop.pl\/"},{"@type":"ListItem","position":2,"name":"Sklep","item":"https:\/\/anagenshop.pl\/"},{"@type":"ListItem","position":3,"name":"Szampon Pure Lash&#038;Brow"}]},{"@type":"WebSite","@id":"https:\/\/anagenshop.pl\/#website","url":"https:\/\/anagenshop.pl\/","name":"Anagen shop","description":"Produkty do stylizacji rz\u0119s i brwi, akcesoria i wyposa\u017cenie","publisher":{"@id":"https:\/\/anagenshop.pl\/#organization"},"potentialAction":[{"@type":"SearchAction","target":{"@type":"EntryPoint","urlTemplate":"https:\/\/anagenshop.pl\/?s={search_term_string}"},"query-input":{"@type":"PropertyValueSpecification","valueRequired":true,"valueName":"search_term_string"}}],"inLanguage":"pl-PL"},{"@type":"Organization","@id":"https:\/\/anagenshop.pl\/#organization","name":"Anagen shop","url":"https:\/\/anagenshop.pl\/","logo":{"@type":"ImageObject","inLanguage":"pl-PL","@id":"https:\/\/anagenshop.pl\/#\/schema\/logo\/image\/","url":"https:\/\/anagenshop.pl\/wp-content\/uploads\/2026\/02\/cropped-Znak-wodny-sklep-1.png","contentUrl":"https:\/\/anagenshop.pl\/wp-content\/uploads\/2026\/02\/cropped-Znak-wodny-sklep-1.png","width":1847,"height":517,"caption":"Anagen shop"},"image":{"@id":"https:\/\/anagenshop.pl\/#\/schema\/logo\/image\/"},"sameAs":["https:\/\/www.facebook.com\/Anagenshop\/?locale=pl_PL","https:\/\/www.instagram.com\/anagenshop\/"]}]}},"jetpack_sharing_enabled":true,"_links":{"self":[{"href":"https:\/\/anagenshop.pl\/index.php\/wp-json\/wp\/v2\/product\/1065","targetHints":{"allow":["GET"]}}],"collection":[{"href":"https:\/\/anagenshop.pl\/index.php\/wp-json\/wp\/v2\/product"}],"about":[{"href":"https:\/\/anagenshop.pl\/index.php\/wp-json\/wp\/v2\/types\/product"}],"version-history":[{"count":1,"href":"https:\/\/anagenshop.pl\/index.php\/wp-json\/wp\/v2\/product\/1065\/revisions"}],"predecessor-version":[{"id":1068,"href":"https:\/\/anagenshop.pl\/index.php\/wp-json\/wp\/v2\/product\/1065\/revisions\/1068"}],"wp:featuredmedia":[{"embeddable":true,"href":"https:\/\/anagenshop.pl\/index.php\/wp-json\/wp\/v2\/media\/1066"}],"wp:attachment":[{"href":"https:\/\/anagenshop.pl\/index.php\/wp-json\/wp\/v2\/media?parent=1065"}],"wp:term":[{"taxonomy":"product_brand","embeddable":true,"href":"https:\/\/anagenshop.pl\/index.php\/wp-json\/wp\/v2\/product_brand?post=1065"},{"taxonomy":"product_cat","embeddable":true,"href":"https:\/\/anagenshop.pl\/index.php\/wp-json\/wp\/v2\/product_cat?post=1065"},{"taxonomy":"product_tag","embeddable":true,"href":"https:\/\/anagenshop.pl\/index.php\/wp-json\/wp\/v2\/product_tag?post=1065"}],"curies":[{"name":"wp","href":"https:\/\/api.w.org\/{rel}","templated":true}]}}