{"id":1082,"date":"2026-02-24T15:51:24","date_gmt":"2026-02-24T14:51:24","guid":{"rendered":"https:\/\/anagenshop.pl?post_type=product&#038;p=1082"},"modified":"2026-02-26T18:41:28","modified_gmt":"2026-02-26T17:41:28","slug":"zestaw-saszetek-do-laminacji-rzes-i-brwi-next-gen-z-ulotka-korean-classic","status":"publish","type":"product","link":"https:\/\/anagenshop.pl\/index.php\/produkt\/zestaw-saszetek-do-laminacji-rzes-i-brwi-next-gen-z-ulotka-korean-classic\/","title":{"rendered":"Zestaw saszetek do laminacji rz\u0119s i brwi NEXT GEN z ulotk\u0105 Korean &#038; Classic"},"content":{"rendered":"<h2><a href=\"https:\/\/www.pimpmylashes.pl\/rzesy\/lifting-rzes\/preparaty-do-liftingu\/\"><strong>Zestaw saszetek do laminacji rz\u0119s i brwi NEXT GEN<\/strong><\/a><\/h2>\n<p>Profesjonalny zestaw do laminacji rz\u0119s i brwi, kt\u00f3ry \u0142\u0105czy innowacyjne technologie TGA i cysteaminow\u0105, umo\u017cliwiaj\u0105c modelowanie, utrwalenie i regeneracj\u0119 w\u0142osa. Idealny do r\u00f3\u017cnych typ\u00f3w w\u0142osk\u00f3w \u2013 od delikatnych po mocne i grube.<\/p>\n<h3><strong>Zestaw zawiera:<\/strong><\/h3>\n<ul>\n<li><a href=\"https:\/\/www.pimpmylashes.pl\/preparat-do-laminacji-brwi-i-rzes-step-1-activate-tga-next-gen-lamination-lashbrow-2ml-pimp-my-lashes\/\"><strong>Step 1 \u2013 Preparat z kwasem tioglikolowym<\/strong><\/a><br \/>\nProfesjonalny preparat do pierwszego etapu laminacji. Rozlu\u017ania wi\u0105zania w\u0142osa, nadaj\u0105c mu nowy kszta\u0142t. Zawiera proteiny, aminokwasy i aloes, kt\u00f3re odbudowuj\u0105 i intensywnie nawil\u017caj\u0105. Idealny do mocnych efekt\u00f3w i grubych w\u0142osk\u00f3w.<\/li>\n<li><a href=\"https:\/\/www.pimpmylashes.pl\/preparat-do-koreanskiej-laminacji-brwi-i-rzes-step-1-activate-cysteamine-pink-next-gen-lamination-lashbrow-2ml-pimp-my-lashes\/\"><strong>Step 1 \u2013 Preparat z cysteamin\u0105 (Korean Inspired)<\/strong><\/a><br \/>\nDelikatnie zmienia kszta\u0142t w\u0142osa, zachowuj\u0105c jego elastyczno\u015b\u0107 i zdrowy wygl\u0105d. Zawiera aminokwasy, oleje i ekstrakty ro\u015blinne. Sprawdzi si\u0119 w ka\u017cdym rodzaju w\u0142osa brwi i rz\u0119s.<\/li>\n<li><a href=\"https:\/\/www.pimpmylashes.pl\/preparat-do-laminacji-rzes-i-brwi-stabilize-2-next-gen-lamination-lashbrow-2ml-pimp-my-lashes\/\"><strong>Step 2 \u2013 Preparat utrwalaj\u0105cy (<span class=\"a_GcMg font-feature-liga-off font-feature-clig-off font-feature-calt-off text-decoration-none text-strikethrough-none\">Stabilize 2)<\/span><\/strong><\/a><br \/>\nUtrwala kszta\u0142t w\u0142osa i odbudowuje mostki dwusiarczkowe. Przywraca elastyczno\u015b\u0107, blask i trwa\u0142y efekt. Kompatybilny z technologiami TGA i cysteaminow\u0105.<\/li>\n<li><a href=\"https:\/\/www.pimpmylashes.pl\/preparat-regenerujacy-do-rzes-i-brwi-repair-next-gen-lamination-lashbrow-2ml-pimp-my-lashes\/\"><strong>Step 3 \u2013 Repair \/ Protein Restore<\/strong><\/a><br \/>\nRegeneruj\u0105cy preparat o g\u0119stej, \u017celowej konsystencji. Zawiera hydrolizowane bia\u0142ka ro\u015blinne (wega\u0144sk\u0105 keratyn\u0119), pantenol i aloes. Wzmacnia, wyg\u0142adza i intensywnie nawil\u017ca w\u0142os, przywracaj\u0105c mu zdrowy po\u0142ysk.<\/li>\n<\/ul>\n<h3><strong>Dodatkowe informacje:<\/strong><\/h3>\n<p>Ka\u017cdy preparat dost\u0119pny jest w wygodnych saszetkach o pojemno\u015bci\u00a0<strong>2 ml<\/strong>.<\/p>\n<p>\u2022 Kompletny zestaw\u00a0<strong>Next Gen Lamination<\/strong>\u00a0z do\u0142\u0105czonym\u00a0<strong><a href=\"https:\/\/www.pimpmylashes.pl\/puder-zageszczajaco-klejacy-next-gen-lamination-powder-5g-pimp-my-lashes\/\">pudrem zag\u0119szczaj\u0105co-klej\u0105cym<\/a>\u00a0(Next Gen Lamination Powder) (bez ulotki)<\/strong><br \/>\n\u2022 Wersja podstawowa wy\u0142\u0105cznie saszetki + ulotka<br \/>\n\u2022\u00a0<a href=\"https:\/\/www.pimpmylashes.pl\/puder-zageszczajaco-klejacy-next-gen-lamination-powder-5g-pimp-my-lashes\/\"><strong>Next Gen Lamination Powder<\/strong><\/a>\u00a0dost\u0119pny tak\u017ce jako\u00a0<strong>produkt pojedynczy<\/strong><br \/>\n\u2022\u00a0<strong>Saszetki sprzedawane oddzielnie \u2013 ka\u017cda osobno<\/strong><\/p>\n<p>Profesjonalna jako\u015b\u0107\u00a0<strong>NEXT GEN<\/strong>\u00a0to gwarancja trwa\u0142ych efekt\u00f3w i zdrowego wygl\u0105du w\u0142osa. Produkt przeznaczony wy\u0142\u0105cznie do u\u017cytku profesjonalnego. Nale\u017cy stosowa\u0107 zgodnie z instrukcj\u0105. Wymagane u\u017cycie r\u0119kawic ochronnych oraz wykonanie testu sk\u00f3rnego przed zabiegiem.<\/p>\n<p>&nbsp;<\/p>\n<p><strong>Sk\u0142adniki | Ingredients INCI:\u00a0<\/strong><\/p>\n<p><span class=\"a_GcMg font-feature-liga-off font-feature-clig-off font-feature-calt-off text-decoration-none text-strikethrough-none\"><strong>Activate TGA 1:<\/strong>\u00a0Aqua, Ammonium thioglycolate, Cetearyl Alcohol, Ceteareth-25, Parfum, Methylpropanediol, Hydrolyzed Vegetable Protein, Hydrolyzed Pea Protein, Aloe Barbadensis Leaf Juice, Sodium PCA, Sodium Lactate, Arginine, Aspartic Acid, PCA, Glycine, Alanine, Serine, Valine, Proline, Threonine, Isoleucine, Histidine, Phenylalanine, Potassium Cetyl Phosphate, Sodium Benzoate, Potassium Sorbate, Caprylyl Glycol, Phenoxyethanol, Ammonia, Linalool, Hexamethylindanopyran<\/span><\/p>\n<p><strong><span class=\"a_GcMg font-feature-liga-off font-feature-clig-off font-feature-calt-off text-decoration-none text-strikethrough-none\">Activate CYSTEAMINE PINK 1:\u00a0<\/span><\/strong><span class=\"a_GcMg font-feature-liga-off font-feature-clig-off font-feature-calt-off text-decoration-none text-strikethrough-none\">Aqua, Aminomethyl Propanol, Ceteareth-25, Cysteamine HCL, Cetearyl Alcohol, Glycerin, PCA, Polyquaternium-6, Phenoxyethanol, Paraffinum Liquidum, Anemarrhena Asphodeloides Root Extract, Isatis Tinctoria Seed Oil, Proline, Histidine, Aspartic Acid, Tocopherol, Sodium PCA, Dimethicone, Propylene Glycol, Laureth-3, Citric Acid, Sodium Lactate, Tetrasodium EDTA, Rubus Idaeus Seed Oil, Olus Oil, Vaccinium Macrocarpon Fruit, CI 45100.<\/span><\/p>\n<p><strong><span class=\"a_GcMg font-feature-liga-off font-feature-clig-off font-feature-calt-off text-decoration-none text-strikethrough-none\">Stabilize 2:\u00a0<\/span><\/strong><span class=\"a_GcMg font-feature-liga-off font-feature-clig-off font-feature-calt-off text-decoration-none text-strikethrough-none\">Aqua, Cetearyl Alcohol, Hydrogen Peroxide, Ceteareth-25, Potassium Cetyl Phosphate, Sodium Phytate, Phosphoric Acid.<\/span><\/p>\n<p><strong><span class=\"a_GcMg font-feature-liga-off font-feature-clig-off font-feature-calt-off text-decoration-none text-strikethrough-none\">Repair:\u00a0<\/span><\/strong><span class=\"a_GcMg font-feature-liga-off font-feature-clig-off font-feature-calt-off text-decoration-none text-strikethrough-none\">Aqua, Glycerin, Betaine, Methylpropanediol, Panthenol, Hydrolyzed Vegetable Protein, Hydrolyzed Pea Protein, Olea Europaea Callus Culture Lysate, Aloe Barbadensis Leaf Juice, Saccharide Isomerate, Glycine Soja Germ Extract, Triticum Vulgare Germ Extract, Caprylyl Glycol, Cyamopsis Tetragonoloba Gum, Butylene Glycol, Carbomer, Citric Acid, Pentylene Glycol, Sodium Citrate, Phenoxyethanol, Polysorbate 20, Sodium Benzoate, Potassium Sorbate, Cyclodextrin, Xanthan Gum, Phytic Acid, Parfum, Sodium Hydroxide, Tocopherol, Hexamethylindanopyran, Limonene.<\/span><\/p>\n","protected":false},"excerpt":{"rendered":"<p>Profesjonalny zestaw do laminacji rz\u0119s i brwi, kt\u00f3ry \u0142\u0105czy innowacyjne technologie TGA i cysteaminow\u0105, umo\u017cliwiaj\u0105c modelowanie, utrwalenie i regeneracj\u0119 w\u0142osa. Idealny do r\u00f3\u017cnych typ\u00f3w w\u0142osk\u00f3w \u2013 od delikatnych po mocne i grube.<\/p>\n","protected":false},"featured_media":1083,"template":"","meta":{"_kadence_starter_templates_imported_post":false},"product_brand":[],"product_cat":[32],"product_tag":[],"class_list":{"0":"post-1082","1":"product","2":"type-product","3":"status-publish","4":"has-post-thumbnail","6":"product_cat-laminacja","7":"product_shipping_class-srednie","9":"first","10":"instock","11":"taxable","12":"shipping-taxable","13":"purchasable","14":"product-type-simple"},"yoast_head":"<!-- This site is optimized with the Yoast SEO plugin v27.4 - https:\/\/yoast.com\/product\/yoast-seo-wordpress\/ -->\n<title>Zestaw saszetek do laminacji rz\u0119s i brwi NEXT GEN z ulotk\u0105 Korean &amp; Classic - Anagen shop<\/title>\n<meta name=\"robots\" content=\"index, follow, max-snippet:-1, max-image-preview:large, max-video-preview:-1\" \/>\n<link rel=\"canonical\" href=\"https:\/\/anagenshop.pl\/index.php\/produkt\/zestaw-saszetek-do-laminacji-rzes-i-brwi-next-gen-z-ulotka-korean-classic\/\" \/>\n<meta property=\"og:locale\" content=\"pl_PL\" \/>\n<meta property=\"og:type\" content=\"article\" \/>\n<meta property=\"og:title\" content=\"Zestaw saszetek do laminacji rz\u0119s i brwi NEXT GEN z ulotk\u0105 Korean &amp; Classic - Anagen shop\" \/>\n<meta property=\"og:description\" content=\"Profesjonalny zestaw do laminacji rz\u0119s i brwi, kt\u00f3ry \u0142\u0105czy innowacyjne technologie TGA i cysteaminow\u0105, umo\u017cliwiaj\u0105c modelowanie, utrwalenie i regeneracj\u0119 w\u0142osa. Idealny do r\u00f3\u017cnych typ\u00f3w w\u0142osk\u00f3w \u2013 od delikatnych po mocne i grube.\" \/>\n<meta property=\"og:url\" content=\"https:\/\/anagenshop.pl\/index.php\/produkt\/zestaw-saszetek-do-laminacji-rzes-i-brwi-next-gen-z-ulotka-korean-classic\/\" \/>\n<meta property=\"og:site_name\" content=\"Anagen shop\" \/>\n<meta property=\"article:publisher\" content=\"https:\/\/www.facebook.com\/Anagenshop\/?locale=pl_PL\" \/>\n<meta property=\"article:modified_time\" content=\"2026-02-26T17:41:28+00:00\" \/>\n<meta property=\"og:image\" content=\"https:\/\/anagenshop.pl\/wp-content\/uploads\/2026\/02\/p1-1.webp\" \/>\n\t<meta property=\"og:image:width\" content=\"1080\" \/>\n\t<meta property=\"og:image:height\" content=\"1080\" \/>\n\t<meta property=\"og:image:type\" content=\"image\/webp\" \/>\n<meta name=\"twitter:card\" content=\"summary_large_image\" \/>\n<meta name=\"twitter:label1\" content=\"Szacowany czas czytania\" \/>\n\t<meta name=\"twitter:data1\" content=\"3 minuty\" \/>\n<script type=\"application\/ld+json\" class=\"yoast-schema-graph\">{\"@context\":\"https:\\\/\\\/schema.org\",\"@graph\":[{\"@type\":\"WebPage\",\"@id\":\"https:\\\/\\\/anagenshop.pl\\\/index.php\\\/produkt\\\/zestaw-saszetek-do-laminacji-rzes-i-brwi-next-gen-z-ulotka-korean-classic\\\/\",\"url\":\"https:\\\/\\\/anagenshop.pl\\\/index.php\\\/produkt\\\/zestaw-saszetek-do-laminacji-rzes-i-brwi-next-gen-z-ulotka-korean-classic\\\/\",\"name\":\"Zestaw saszetek do laminacji rz\u0119s i brwi NEXT GEN z ulotk\u0105 Korean & Classic - Anagen shop\",\"isPartOf\":{\"@id\":\"https:\\\/\\\/anagenshop.pl\\\/#website\"},\"primaryImageOfPage\":{\"@id\":\"https:\\\/\\\/anagenshop.pl\\\/index.php\\\/produkt\\\/zestaw-saszetek-do-laminacji-rzes-i-brwi-next-gen-z-ulotka-korean-classic\\\/#primaryimage\"},\"image\":{\"@id\":\"https:\\\/\\\/anagenshop.pl\\\/index.php\\\/produkt\\\/zestaw-saszetek-do-laminacji-rzes-i-brwi-next-gen-z-ulotka-korean-classic\\\/#primaryimage\"},\"thumbnailUrl\":\"https:\\\/\\\/anagenshop.pl\\\/wp-content\\\/uploads\\\/2026\\\/02\\\/p1-1.webp\",\"datePublished\":\"2026-02-24T14:51:24+00:00\",\"dateModified\":\"2026-02-26T17:41:28+00:00\",\"breadcrumb\":{\"@id\":\"https:\\\/\\\/anagenshop.pl\\\/index.php\\\/produkt\\\/zestaw-saszetek-do-laminacji-rzes-i-brwi-next-gen-z-ulotka-korean-classic\\\/#breadcrumb\"},\"inLanguage\":\"pl-PL\",\"potentialAction\":[{\"@type\":\"ReadAction\",\"target\":[\"https:\\\/\\\/anagenshop.pl\\\/index.php\\\/produkt\\\/zestaw-saszetek-do-laminacji-rzes-i-brwi-next-gen-z-ulotka-korean-classic\\\/\"]}]},{\"@type\":\"ImageObject\",\"inLanguage\":\"pl-PL\",\"@id\":\"https:\\\/\\\/anagenshop.pl\\\/index.php\\\/produkt\\\/zestaw-saszetek-do-laminacji-rzes-i-brwi-next-gen-z-ulotka-korean-classic\\\/#primaryimage\",\"url\":\"https:\\\/\\\/anagenshop.pl\\\/wp-content\\\/uploads\\\/2026\\\/02\\\/p1-1.webp\",\"contentUrl\":\"https:\\\/\\\/anagenshop.pl\\\/wp-content\\\/uploads\\\/2026\\\/02\\\/p1-1.webp\",\"width\":1080,\"height\":1080},{\"@type\":\"BreadcrumbList\",\"@id\":\"https:\\\/\\\/anagenshop.pl\\\/index.php\\\/produkt\\\/zestaw-saszetek-do-laminacji-rzes-i-brwi-next-gen-z-ulotka-korean-classic\\\/#breadcrumb\",\"itemListElement\":[{\"@type\":\"ListItem\",\"position\":1,\"name\":\"Strona g\u0142\u00f3wna\",\"item\":\"https:\\\/\\\/anagenshop.pl\\\/\"},{\"@type\":\"ListItem\",\"position\":2,\"name\":\"Sklep\",\"item\":\"https:\\\/\\\/anagenshop.pl\\\/\"},{\"@type\":\"ListItem\",\"position\":3,\"name\":\"Zestaw saszetek do laminacji rz\u0119s i brwi NEXT GEN z ulotk\u0105 Korean &#038; Classic\"}]},{\"@type\":\"WebSite\",\"@id\":\"https:\\\/\\\/anagenshop.pl\\\/#website\",\"url\":\"https:\\\/\\\/anagenshop.pl\\\/\",\"name\":\"Anagen shop\",\"description\":\"Produkty do stylizacji rz\u0119s i brwi, akcesoria i wyposa\u017cenie\",\"publisher\":{\"@id\":\"https:\\\/\\\/anagenshop.pl\\\/#organization\"},\"potentialAction\":[{\"@type\":\"SearchAction\",\"target\":{\"@type\":\"EntryPoint\",\"urlTemplate\":\"https:\\\/\\\/anagenshop.pl\\\/?s={search_term_string}\"},\"query-input\":{\"@type\":\"PropertyValueSpecification\",\"valueRequired\":true,\"valueName\":\"search_term_string\"}}],\"inLanguage\":\"pl-PL\"},{\"@type\":\"Organization\",\"@id\":\"https:\\\/\\\/anagenshop.pl\\\/#organization\",\"name\":\"Anagen shop\",\"url\":\"https:\\\/\\\/anagenshop.pl\\\/\",\"logo\":{\"@type\":\"ImageObject\",\"inLanguage\":\"pl-PL\",\"@id\":\"https:\\\/\\\/anagenshop.pl\\\/#\\\/schema\\\/logo\\\/image\\\/\",\"url\":\"https:\\\/\\\/anagenshop.pl\\\/wp-content\\\/uploads\\\/2026\\\/02\\\/cropped-Znak-wodny-sklep-1.png\",\"contentUrl\":\"https:\\\/\\\/anagenshop.pl\\\/wp-content\\\/uploads\\\/2026\\\/02\\\/cropped-Znak-wodny-sklep-1.png\",\"width\":1847,\"height\":517,\"caption\":\"Anagen shop\"},\"image\":{\"@id\":\"https:\\\/\\\/anagenshop.pl\\\/#\\\/schema\\\/logo\\\/image\\\/\"},\"sameAs\":[\"https:\\\/\\\/www.facebook.com\\\/Anagenshop\\\/?locale=pl_PL\",\"https:\\\/\\\/www.instagram.com\\\/anagenshop\\\/\"]}]}<\/script>\n<!-- \/ Yoast SEO plugin. -->","yoast_head_json":{"title":"Zestaw saszetek do laminacji rz\u0119s i brwi NEXT GEN z ulotk\u0105 Korean & Classic - Anagen shop","robots":{"index":"index","follow":"follow","max-snippet":"max-snippet:-1","max-image-preview":"max-image-preview:large","max-video-preview":"max-video-preview:-1"},"canonical":"https:\/\/anagenshop.pl\/index.php\/produkt\/zestaw-saszetek-do-laminacji-rzes-i-brwi-next-gen-z-ulotka-korean-classic\/","og_locale":"pl_PL","og_type":"article","og_title":"Zestaw saszetek do laminacji rz\u0119s i brwi NEXT GEN z ulotk\u0105 Korean & Classic - Anagen shop","og_description":"Profesjonalny zestaw do laminacji rz\u0119s i brwi, kt\u00f3ry \u0142\u0105czy innowacyjne technologie TGA i cysteaminow\u0105, umo\u017cliwiaj\u0105c modelowanie, utrwalenie i regeneracj\u0119 w\u0142osa. Idealny do r\u00f3\u017cnych typ\u00f3w w\u0142osk\u00f3w \u2013 od delikatnych po mocne i grube.","og_url":"https:\/\/anagenshop.pl\/index.php\/produkt\/zestaw-saszetek-do-laminacji-rzes-i-brwi-next-gen-z-ulotka-korean-classic\/","og_site_name":"Anagen shop","article_publisher":"https:\/\/www.facebook.com\/Anagenshop\/?locale=pl_PL","article_modified_time":"2026-02-26T17:41:28+00:00","og_image":[{"width":1080,"height":1080,"url":"https:\/\/anagenshop.pl\/wp-content\/uploads\/2026\/02\/p1-1.webp","type":"image\/webp"}],"twitter_card":"summary_large_image","twitter_misc":{"Szacowany czas czytania":"3 minuty"},"schema":{"@context":"https:\/\/schema.org","@graph":[{"@type":"WebPage","@id":"https:\/\/anagenshop.pl\/index.php\/produkt\/zestaw-saszetek-do-laminacji-rzes-i-brwi-next-gen-z-ulotka-korean-classic\/","url":"https:\/\/anagenshop.pl\/index.php\/produkt\/zestaw-saszetek-do-laminacji-rzes-i-brwi-next-gen-z-ulotka-korean-classic\/","name":"Zestaw saszetek do laminacji rz\u0119s i brwi NEXT GEN z ulotk\u0105 Korean & Classic - Anagen shop","isPartOf":{"@id":"https:\/\/anagenshop.pl\/#website"},"primaryImageOfPage":{"@id":"https:\/\/anagenshop.pl\/index.php\/produkt\/zestaw-saszetek-do-laminacji-rzes-i-brwi-next-gen-z-ulotka-korean-classic\/#primaryimage"},"image":{"@id":"https:\/\/anagenshop.pl\/index.php\/produkt\/zestaw-saszetek-do-laminacji-rzes-i-brwi-next-gen-z-ulotka-korean-classic\/#primaryimage"},"thumbnailUrl":"https:\/\/anagenshop.pl\/wp-content\/uploads\/2026\/02\/p1-1.webp","datePublished":"2026-02-24T14:51:24+00:00","dateModified":"2026-02-26T17:41:28+00:00","breadcrumb":{"@id":"https:\/\/anagenshop.pl\/index.php\/produkt\/zestaw-saszetek-do-laminacji-rzes-i-brwi-next-gen-z-ulotka-korean-classic\/#breadcrumb"},"inLanguage":"pl-PL","potentialAction":[{"@type":"ReadAction","target":["https:\/\/anagenshop.pl\/index.php\/produkt\/zestaw-saszetek-do-laminacji-rzes-i-brwi-next-gen-z-ulotka-korean-classic\/"]}]},{"@type":"ImageObject","inLanguage":"pl-PL","@id":"https:\/\/anagenshop.pl\/index.php\/produkt\/zestaw-saszetek-do-laminacji-rzes-i-brwi-next-gen-z-ulotka-korean-classic\/#primaryimage","url":"https:\/\/anagenshop.pl\/wp-content\/uploads\/2026\/02\/p1-1.webp","contentUrl":"https:\/\/anagenshop.pl\/wp-content\/uploads\/2026\/02\/p1-1.webp","width":1080,"height":1080},{"@type":"BreadcrumbList","@id":"https:\/\/anagenshop.pl\/index.php\/produkt\/zestaw-saszetek-do-laminacji-rzes-i-brwi-next-gen-z-ulotka-korean-classic\/#breadcrumb","itemListElement":[{"@type":"ListItem","position":1,"name":"Strona g\u0142\u00f3wna","item":"https:\/\/anagenshop.pl\/"},{"@type":"ListItem","position":2,"name":"Sklep","item":"https:\/\/anagenshop.pl\/"},{"@type":"ListItem","position":3,"name":"Zestaw saszetek do laminacji rz\u0119s i brwi NEXT GEN z ulotk\u0105 Korean &#038; Classic"}]},{"@type":"WebSite","@id":"https:\/\/anagenshop.pl\/#website","url":"https:\/\/anagenshop.pl\/","name":"Anagen shop","description":"Produkty do stylizacji rz\u0119s i brwi, akcesoria i wyposa\u017cenie","publisher":{"@id":"https:\/\/anagenshop.pl\/#organization"},"potentialAction":[{"@type":"SearchAction","target":{"@type":"EntryPoint","urlTemplate":"https:\/\/anagenshop.pl\/?s={search_term_string}"},"query-input":{"@type":"PropertyValueSpecification","valueRequired":true,"valueName":"search_term_string"}}],"inLanguage":"pl-PL"},{"@type":"Organization","@id":"https:\/\/anagenshop.pl\/#organization","name":"Anagen shop","url":"https:\/\/anagenshop.pl\/","logo":{"@type":"ImageObject","inLanguage":"pl-PL","@id":"https:\/\/anagenshop.pl\/#\/schema\/logo\/image\/","url":"https:\/\/anagenshop.pl\/wp-content\/uploads\/2026\/02\/cropped-Znak-wodny-sklep-1.png","contentUrl":"https:\/\/anagenshop.pl\/wp-content\/uploads\/2026\/02\/cropped-Znak-wodny-sklep-1.png","width":1847,"height":517,"caption":"Anagen shop"},"image":{"@id":"https:\/\/anagenshop.pl\/#\/schema\/logo\/image\/"},"sameAs":["https:\/\/www.facebook.com\/Anagenshop\/?locale=pl_PL","https:\/\/www.instagram.com\/anagenshop\/"]}]}},"jetpack_sharing_enabled":true,"_links":{"self":[{"href":"https:\/\/anagenshop.pl\/index.php\/wp-json\/wp\/v2\/product\/1082","targetHints":{"allow":["GET"]}}],"collection":[{"href":"https:\/\/anagenshop.pl\/index.php\/wp-json\/wp\/v2\/product"}],"about":[{"href":"https:\/\/anagenshop.pl\/index.php\/wp-json\/wp\/v2\/types\/product"}],"version-history":[{"count":1,"href":"https:\/\/anagenshop.pl\/index.php\/wp-json\/wp\/v2\/product\/1082\/revisions"}],"predecessor-version":[{"id":1087,"href":"https:\/\/anagenshop.pl\/index.php\/wp-json\/wp\/v2\/product\/1082\/revisions\/1087"}],"wp:featuredmedia":[{"embeddable":true,"href":"https:\/\/anagenshop.pl\/index.php\/wp-json\/wp\/v2\/media\/1083"}],"wp:attachment":[{"href":"https:\/\/anagenshop.pl\/index.php\/wp-json\/wp\/v2\/media?parent=1082"}],"wp:term":[{"taxonomy":"product_brand","embeddable":true,"href":"https:\/\/anagenshop.pl\/index.php\/wp-json\/wp\/v2\/product_brand?post=1082"},{"taxonomy":"product_cat","embeddable":true,"href":"https:\/\/anagenshop.pl\/index.php\/wp-json\/wp\/v2\/product_cat?post=1082"},{"taxonomy":"product_tag","embeddable":true,"href":"https:\/\/anagenshop.pl\/index.php\/wp-json\/wp\/v2\/product_tag?post=1082"}],"curies":[{"name":"wp","href":"https:\/\/api.w.org\/{rel}","templated":true}]}}