{"id":1594,"date":"2026-03-30T10:54:10","date_gmt":"2026-03-30T08:54:10","guid":{"rendered":"https:\/\/anagenshop.pl\/?post_type=product&#038;p=1594"},"modified":"2026-04-20T12:24:41","modified_gmt":"2026-04-20T10:24:41","slug":"tasma-nichiban-nichipore","status":"publish","type":"product","link":"https:\/\/anagenshop.pl\/index.php\/produkt\/tasma-nichiban-nichipore\/","title":{"rendered":"Ta\u015bma Nichiban Nichipore"},"content":{"rendered":"<h3 data-start=\"645\" data-end=\"694\">Ta\u015bma Nichiban Nichipore.<\/h3>\n<h3 data-start=\"645\" data-end=\"694\">Zastosowanie w\u00a0stylizacji rz\u0119s i\u00a0kosmetyce<\/h3>\n<p data-start=\"696\" data-end=\"743\">Ta\u015bma Nichipore doskonale sprawdza si\u0119 podczas:<\/p>\n<ul>\n<li><strong>podklejania dolnych rz\u0119s<\/strong>\u00a0w\u00a0trakcie przed\u0142u\u017cania rz\u0119s,<\/li>\n<li>zabezpieczania dolnych powiek,<\/li>\n<li>separacji rz\u0119s naturalnych,<\/li>\n<li>zabieg\u00f3w laminacji rz\u0119s i\u00a0brwi,<\/li>\n<li>makija\u017cu permanentnego i\u00a0innych zabieg\u00f3w kosmetycznych.<\/li>\n<\/ul>\n<p data-start=\"956\" data-end=\"1070\">Bia\u0142y kolor ta\u015bmy tworzy\u00a0<strong>idealne t\u0142o robocze<\/strong>, co u\u0142atwia\u00a0<strong>precyzyjn\u0105 aplikacj\u0119<\/strong>\u00a0i\u00a0kontrol\u0119 ka\u017cdego etapu stylizacji.<\/p>\n","protected":false},"excerpt":{"rendered":"<p>Ta\u015bma Nichiban Nichipore\u00a0to\u00a0<strong>wysokiej jako\u015bci japo\u0144ska ta\u015bma medyczna<\/strong>, szeroko wykorzystywana w\u00a0profesjonalnych salonach stylizacji rz\u0119s. Zosta\u0142a wykonana z\u00a0delikatnej w\u0142\u00f3kniny celulozowo-poliestrowej i\u00a0pokryta bezpiecznym, hipoalergicznym klejem akrylowym, dzi\u0119ki czemu idealnie nadaje si\u0119 do pracy w\u00a0wra\u017cliwych okolicach oczu.<\/p>\n","protected":false},"featured_media":1595,"template":"","meta":{"_kadence_starter_templates_imported_post":false},"product_brand":[],"product_cat":[31],"product_tag":[],"class_list":{"0":"post-1594","1":"product","2":"type-product","3":"status-publish","4":"has-post-thumbnail","6":"product_cat-akcesoria","8":"first","9":"instock","10":"taxable","11":"shipping-taxable","12":"purchasable","13":"product-type-simple"},"yoast_head":"<!-- This site is optimized with the Yoast SEO plugin v27.4 - https:\/\/yoast.com\/product\/yoast-seo-wordpress\/ -->\n<title>Ta\u015bma Nichiban Nichipore - Anagen shop<\/title>\n<meta name=\"description\" content=\"Ta\u015bma Nichiban Nichipore do podklejania rz\u0119s \u2013 profesjonalna ta\u015bma medyczna. Idealnie sprawuje si\u0119 w stylizacji rz\u0119s. Sk\u0142ad: W\u0142\u00f3knina Celulozowo-poliestrowa\" \/>\n<meta name=\"robots\" content=\"index, follow, max-snippet:-1, max-image-preview:large, max-video-preview:-1\" \/>\n<link rel=\"canonical\" href=\"https:\/\/anagenshop.pl\/index.php\/produkt\/tasma-nichiban-nichipore\/\" \/>\n<meta property=\"og:locale\" content=\"pl_PL\" \/>\n<meta property=\"og:type\" content=\"article\" \/>\n<meta property=\"og:title\" content=\"Ta\u015bma Nichiban Nichipore - Anagen shop\" \/>\n<meta property=\"og:description\" content=\"Ta\u015bma Nichiban Nichipore do podklejania rz\u0119s \u2013 profesjonalna ta\u015bma medyczna. Idealnie sprawuje si\u0119 w stylizacji rz\u0119s. Sk\u0142ad: W\u0142\u00f3knina Celulozowo-poliestrowa\" \/>\n<meta property=\"og:url\" content=\"https:\/\/anagenshop.pl\/index.php\/produkt\/tasma-nichiban-nichipore\/\" \/>\n<meta property=\"og:site_name\" content=\"Anagen shop\" \/>\n<meta property=\"article:publisher\" content=\"https:\/\/www.facebook.com\/Anagenshop\/?locale=pl_PL\" \/>\n<meta property=\"article:modified_time\" content=\"2026-04-20T10:24:41+00:00\" \/>\n<meta property=\"og:image\" content=\"https:\/\/anagenshop.pl\/wp-content\/uploads\/2026\/03\/nichiban.png\" \/>\n\t<meta property=\"og:image:width\" content=\"1000\" \/>\n\t<meta property=\"og:image:height\" content=\"1000\" \/>\n\t<meta property=\"og:image:type\" content=\"image\/png\" \/>\n<meta name=\"twitter:card\" content=\"summary_large_image\" \/>\n<meta name=\"twitter:label1\" content=\"Szacowany czas czytania\" \/>\n\t<meta name=\"twitter:data1\" content=\"1 minuta\" \/>\n<script type=\"application\/ld+json\" class=\"yoast-schema-graph\">{\"@context\":\"https:\\\/\\\/schema.org\",\"@graph\":[{\"@type\":\"WebPage\",\"@id\":\"https:\\\/\\\/anagenshop.pl\\\/index.php\\\/produkt\\\/tasma-nichiban-nichipore\\\/\",\"url\":\"https:\\\/\\\/anagenshop.pl\\\/index.php\\\/produkt\\\/tasma-nichiban-nichipore\\\/\",\"name\":\"Ta\u015bma Nichiban Nichipore - Anagen shop\",\"isPartOf\":{\"@id\":\"https:\\\/\\\/anagenshop.pl\\\/#website\"},\"primaryImageOfPage\":{\"@id\":\"https:\\\/\\\/anagenshop.pl\\\/index.php\\\/produkt\\\/tasma-nichiban-nichipore\\\/#primaryimage\"},\"image\":{\"@id\":\"https:\\\/\\\/anagenshop.pl\\\/index.php\\\/produkt\\\/tasma-nichiban-nichipore\\\/#primaryimage\"},\"thumbnailUrl\":\"https:\\\/\\\/anagenshop.pl\\\/wp-content\\\/uploads\\\/2026\\\/03\\\/nichiban.png\",\"datePublished\":\"2026-03-30T08:54:10+00:00\",\"dateModified\":\"2026-04-20T10:24:41+00:00\",\"description\":\"Ta\u015bma Nichiban Nichipore do podklejania rz\u0119s \u2013 profesjonalna ta\u015bma medyczna. Idealnie sprawuje si\u0119 w stylizacji rz\u0119s. Sk\u0142ad: W\u0142\u00f3knina Celulozowo-poliestrowa\",\"breadcrumb\":{\"@id\":\"https:\\\/\\\/anagenshop.pl\\\/index.php\\\/produkt\\\/tasma-nichiban-nichipore\\\/#breadcrumb\"},\"inLanguage\":\"pl-PL\",\"potentialAction\":[{\"@type\":\"ReadAction\",\"target\":[\"https:\\\/\\\/anagenshop.pl\\\/index.php\\\/produkt\\\/tasma-nichiban-nichipore\\\/\"]}]},{\"@type\":\"ImageObject\",\"inLanguage\":\"pl-PL\",\"@id\":\"https:\\\/\\\/anagenshop.pl\\\/index.php\\\/produkt\\\/tasma-nichiban-nichipore\\\/#primaryimage\",\"url\":\"https:\\\/\\\/anagenshop.pl\\\/wp-content\\\/uploads\\\/2026\\\/03\\\/nichiban.png\",\"contentUrl\":\"https:\\\/\\\/anagenshop.pl\\\/wp-content\\\/uploads\\\/2026\\\/03\\\/nichiban.png\",\"width\":1000,\"height\":1000,\"caption\":\"Ta\u015bma Nichiban Nichipore\"},{\"@type\":\"BreadcrumbList\",\"@id\":\"https:\\\/\\\/anagenshop.pl\\\/index.php\\\/produkt\\\/tasma-nichiban-nichipore\\\/#breadcrumb\",\"itemListElement\":[{\"@type\":\"ListItem\",\"position\":1,\"name\":\"Strona g\u0142\u00f3wna\",\"item\":\"https:\\\/\\\/anagenshop.pl\\\/\"},{\"@type\":\"ListItem\",\"position\":2,\"name\":\"Sklep\",\"item\":\"https:\\\/\\\/anagenshop.pl\\\/\"},{\"@type\":\"ListItem\",\"position\":3,\"name\":\"Ta\u015bma Nichiban Nichipore\"}]},{\"@type\":\"WebSite\",\"@id\":\"https:\\\/\\\/anagenshop.pl\\\/#website\",\"url\":\"https:\\\/\\\/anagenshop.pl\\\/\",\"name\":\"Anagen shop\",\"description\":\"Produkty do stylizacji rz\u0119s i brwi, akcesoria i wyposa\u017cenie\",\"publisher\":{\"@id\":\"https:\\\/\\\/anagenshop.pl\\\/#organization\"},\"potentialAction\":[{\"@type\":\"SearchAction\",\"target\":{\"@type\":\"EntryPoint\",\"urlTemplate\":\"https:\\\/\\\/anagenshop.pl\\\/?s={search_term_string}\"},\"query-input\":{\"@type\":\"PropertyValueSpecification\",\"valueRequired\":true,\"valueName\":\"search_term_string\"}}],\"inLanguage\":\"pl-PL\"},{\"@type\":\"Organization\",\"@id\":\"https:\\\/\\\/anagenshop.pl\\\/#organization\",\"name\":\"Anagen shop\",\"url\":\"https:\\\/\\\/anagenshop.pl\\\/\",\"logo\":{\"@type\":\"ImageObject\",\"inLanguage\":\"pl-PL\",\"@id\":\"https:\\\/\\\/anagenshop.pl\\\/#\\\/schema\\\/logo\\\/image\\\/\",\"url\":\"https:\\\/\\\/anagenshop.pl\\\/wp-content\\\/uploads\\\/2026\\\/02\\\/cropped-Znak-wodny-sklep-1.png\",\"contentUrl\":\"https:\\\/\\\/anagenshop.pl\\\/wp-content\\\/uploads\\\/2026\\\/02\\\/cropped-Znak-wodny-sklep-1.png\",\"width\":1847,\"height\":517,\"caption\":\"Anagen shop\"},\"image\":{\"@id\":\"https:\\\/\\\/anagenshop.pl\\\/#\\\/schema\\\/logo\\\/image\\\/\"},\"sameAs\":[\"https:\\\/\\\/www.facebook.com\\\/Anagenshop\\\/?locale=pl_PL\",\"https:\\\/\\\/www.instagram.com\\\/anagenshop\\\/\"]}]}<\/script>\n<!-- \/ Yoast SEO plugin. -->","yoast_head_json":{"title":"Ta\u015bma Nichiban Nichipore - Anagen shop","description":"Ta\u015bma Nichiban Nichipore do podklejania rz\u0119s \u2013 profesjonalna ta\u015bma medyczna. Idealnie sprawuje si\u0119 w stylizacji rz\u0119s. Sk\u0142ad: W\u0142\u00f3knina Celulozowo-poliestrowa","robots":{"index":"index","follow":"follow","max-snippet":"max-snippet:-1","max-image-preview":"max-image-preview:large","max-video-preview":"max-video-preview:-1"},"canonical":"https:\/\/anagenshop.pl\/index.php\/produkt\/tasma-nichiban-nichipore\/","og_locale":"pl_PL","og_type":"article","og_title":"Ta\u015bma Nichiban Nichipore - Anagen shop","og_description":"Ta\u015bma Nichiban Nichipore do podklejania rz\u0119s \u2013 profesjonalna ta\u015bma medyczna. Idealnie sprawuje si\u0119 w stylizacji rz\u0119s. Sk\u0142ad: W\u0142\u00f3knina Celulozowo-poliestrowa","og_url":"https:\/\/anagenshop.pl\/index.php\/produkt\/tasma-nichiban-nichipore\/","og_site_name":"Anagen shop","article_publisher":"https:\/\/www.facebook.com\/Anagenshop\/?locale=pl_PL","article_modified_time":"2026-04-20T10:24:41+00:00","og_image":[{"width":1000,"height":1000,"url":"https:\/\/anagenshop.pl\/wp-content\/uploads\/2026\/03\/nichiban.png","type":"image\/png"}],"twitter_card":"summary_large_image","twitter_misc":{"Szacowany czas czytania":"1 minuta"},"schema":{"@context":"https:\/\/schema.org","@graph":[{"@type":"WebPage","@id":"https:\/\/anagenshop.pl\/index.php\/produkt\/tasma-nichiban-nichipore\/","url":"https:\/\/anagenshop.pl\/index.php\/produkt\/tasma-nichiban-nichipore\/","name":"Ta\u015bma Nichiban Nichipore - Anagen shop","isPartOf":{"@id":"https:\/\/anagenshop.pl\/#website"},"primaryImageOfPage":{"@id":"https:\/\/anagenshop.pl\/index.php\/produkt\/tasma-nichiban-nichipore\/#primaryimage"},"image":{"@id":"https:\/\/anagenshop.pl\/index.php\/produkt\/tasma-nichiban-nichipore\/#primaryimage"},"thumbnailUrl":"https:\/\/anagenshop.pl\/wp-content\/uploads\/2026\/03\/nichiban.png","datePublished":"2026-03-30T08:54:10+00:00","dateModified":"2026-04-20T10:24:41+00:00","description":"Ta\u015bma Nichiban Nichipore do podklejania rz\u0119s \u2013 profesjonalna ta\u015bma medyczna. Idealnie sprawuje si\u0119 w stylizacji rz\u0119s. Sk\u0142ad: W\u0142\u00f3knina Celulozowo-poliestrowa","breadcrumb":{"@id":"https:\/\/anagenshop.pl\/index.php\/produkt\/tasma-nichiban-nichipore\/#breadcrumb"},"inLanguage":"pl-PL","potentialAction":[{"@type":"ReadAction","target":["https:\/\/anagenshop.pl\/index.php\/produkt\/tasma-nichiban-nichipore\/"]}]},{"@type":"ImageObject","inLanguage":"pl-PL","@id":"https:\/\/anagenshop.pl\/index.php\/produkt\/tasma-nichiban-nichipore\/#primaryimage","url":"https:\/\/anagenshop.pl\/wp-content\/uploads\/2026\/03\/nichiban.png","contentUrl":"https:\/\/anagenshop.pl\/wp-content\/uploads\/2026\/03\/nichiban.png","width":1000,"height":1000,"caption":"Ta\u015bma Nichiban Nichipore"},{"@type":"BreadcrumbList","@id":"https:\/\/anagenshop.pl\/index.php\/produkt\/tasma-nichiban-nichipore\/#breadcrumb","itemListElement":[{"@type":"ListItem","position":1,"name":"Strona g\u0142\u00f3wna","item":"https:\/\/anagenshop.pl\/"},{"@type":"ListItem","position":2,"name":"Sklep","item":"https:\/\/anagenshop.pl\/"},{"@type":"ListItem","position":3,"name":"Ta\u015bma Nichiban Nichipore"}]},{"@type":"WebSite","@id":"https:\/\/anagenshop.pl\/#website","url":"https:\/\/anagenshop.pl\/","name":"Anagen shop","description":"Produkty do stylizacji rz\u0119s i brwi, akcesoria i wyposa\u017cenie","publisher":{"@id":"https:\/\/anagenshop.pl\/#organization"},"potentialAction":[{"@type":"SearchAction","target":{"@type":"EntryPoint","urlTemplate":"https:\/\/anagenshop.pl\/?s={search_term_string}"},"query-input":{"@type":"PropertyValueSpecification","valueRequired":true,"valueName":"search_term_string"}}],"inLanguage":"pl-PL"},{"@type":"Organization","@id":"https:\/\/anagenshop.pl\/#organization","name":"Anagen shop","url":"https:\/\/anagenshop.pl\/","logo":{"@type":"ImageObject","inLanguage":"pl-PL","@id":"https:\/\/anagenshop.pl\/#\/schema\/logo\/image\/","url":"https:\/\/anagenshop.pl\/wp-content\/uploads\/2026\/02\/cropped-Znak-wodny-sklep-1.png","contentUrl":"https:\/\/anagenshop.pl\/wp-content\/uploads\/2026\/02\/cropped-Znak-wodny-sklep-1.png","width":1847,"height":517,"caption":"Anagen shop"},"image":{"@id":"https:\/\/anagenshop.pl\/#\/schema\/logo\/image\/"},"sameAs":["https:\/\/www.facebook.com\/Anagenshop\/?locale=pl_PL","https:\/\/www.instagram.com\/anagenshop\/"]}]}},"jetpack_sharing_enabled":true,"_links":{"self":[{"href":"https:\/\/anagenshop.pl\/index.php\/wp-json\/wp\/v2\/product\/1594","targetHints":{"allow":["GET"]}}],"collection":[{"href":"https:\/\/anagenshop.pl\/index.php\/wp-json\/wp\/v2\/product"}],"about":[{"href":"https:\/\/anagenshop.pl\/index.php\/wp-json\/wp\/v2\/types\/product"}],"version-history":[{"count":1,"href":"https:\/\/anagenshop.pl\/index.php\/wp-json\/wp\/v2\/product\/1594\/revisions"}],"predecessor-version":[{"id":1598,"href":"https:\/\/anagenshop.pl\/index.php\/wp-json\/wp\/v2\/product\/1594\/revisions\/1598"}],"wp:featuredmedia":[{"embeddable":true,"href":"https:\/\/anagenshop.pl\/index.php\/wp-json\/wp\/v2\/media\/1595"}],"wp:attachment":[{"href":"https:\/\/anagenshop.pl\/index.php\/wp-json\/wp\/v2\/media?parent=1594"}],"wp:term":[{"taxonomy":"product_brand","embeddable":true,"href":"https:\/\/anagenshop.pl\/index.php\/wp-json\/wp\/v2\/product_brand?post=1594"},{"taxonomy":"product_cat","embeddable":true,"href":"https:\/\/anagenshop.pl\/index.php\/wp-json\/wp\/v2\/product_cat?post=1594"},{"taxonomy":"product_tag","embeddable":true,"href":"https:\/\/anagenshop.pl\/index.php\/wp-json\/wp\/v2\/product_tag?post=1594"}],"curies":[{"name":"wp","href":"https:\/\/api.w.org\/{rel}","templated":true}]}}