{"id":535,"date":"2026-02-11T14:14:11","date_gmt":"2026-02-11T13:14:11","guid":{"rendered":"https:\/\/anagenshop.pl?post_type=product&#038;p=535"},"modified":"2026-04-21T12:29:51","modified_gmt":"2026-04-21T10:29:51","slug":"klej-do-rzes-tiamat-5ml","status":"publish","type":"product","link":"https:\/\/anagenshop.pl\/index.php\/produkt\/klej-do-rzes-tiamat-5ml\/","title":{"rendered":"Klej do rz\u0119s Tiamat 5ML"},"content":{"rendered":"<h4 class=\"def\"><span class=\"def\">Klej niebieski do przed\u0142u\u017cania rz\u0119s Tiamat Num. 1<\/span><span class=\"def\">\u00a0nale\u017cy do klej\u00f3w\u00a0<\/span><span class=\"def\">szybkich\u00a0<\/span><span class=\"def\">o rzadkiej konsystencji.<\/span><\/h4>\n<h4 class=\"def\"><span class=\"def\"><br class=\"def\" \/><\/span>Najlepiej sprawdza si\u0119 w \u015bredniej i niskej wilgotno\u015bci i temparaturze. Jest idealnym dla stylistek z szybkim tempem pracy. \u015awiecie radzi sobie w okresie zimowym. Pasuje jak do metod obj\u0119to\u015bciowych, tak i klasycznych. Jest on bardzo trwa\u0142y, ale zar\u00f3wno elastyczny. Jego pojemno\u015b\u0107 5ml sprawia, \u017ce starczy go a\u017c do ko\u0144ca jego terminu wa\u017cno\u015bci. Pigment niebieski sprawia i\u017c na rz\u0119sach b\u0119dzie iluzja ma\u0142ejszej ilo\u015bci kleju &#8211; czystsza praca. Po polimeryzacji staje si\u0119 ciemnogranatowym. Opr\u00f3cz czarnych rz\u0119s, \u015bwietnie wypada z kolorowymi i br\u0105zowymi rz\u0119sami.<\/h4>\n<ul class=\"def\">\n<li class=\"def\">Czas schni\u0119cia: 0,5-1sek<\/li>\n<li class=\"def\">Konsystencja:\u00a0 rzadka<\/li>\n<li class=\"def\">Kolor: niebieski<\/li>\n<li class=\"def\">Retencja: 8-9 tygodni<\/li>\n<li class=\"def\">Pojemo\u015b\u0107 : 5 ml<\/li>\n<li class=\"def\">Warunki:\u00a0<span class=\"def\">temparatura\u00a0<\/span><span class=\"def\">poni\u017cej\u00a0 25\u00b0\u0421,\u00a0<\/span><span class=\"def\">wilgotno\u015b\u0107 poni\u017cej\u00a0<\/span><span class=\"def\">60% lub szybkie tempo pracy<\/span><\/li>\n<li class=\"def\">Sk\u0142ad: Ethyl cyanoacrylate, polymethl methacrylate, Violet #2<\/li>\n<li class=\"def\">Kraj pochodzenia: Korea Po\u0142udniowa<\/li>\n<\/ul>\n<h4 class=\"def\">Termin wa\u017cno\u015bci: Na dnie buteleczki.<br class=\"def\" \/>Po otwarciu &#8211; 2 miesi\u0105ce zim\u0105, 1,5 msc. latem.<br class=\"def\" \/>Przed ka\u017cdym otwarciem nale\u017cy go dobrze wstrz\u0105sn\u0105\u0107 3-5 razy w pozycji pionowej (tak jak dzwonek)<br class=\"def\" \/>Aby zachowa\u0107 jego w\u0142a\u015bciwo\u015bci po otwarciu, nale\u017cy po sko\u0144czeniu u\u017cycia wyczy\u015bci\u0107 nosek kleju czym\u015b nie organicznym (folia, naklejka itd) i dok\u0142adnie zakr\u0119ci\u0107.<\/h4>\n","protected":false},"excerpt":{"rendered":"<h4 class=\"def\"><span class=\"def\">Klej niebieski do przed\u0142u\u017cania rz\u0119s Tiamat Num. 1<\/span><span class=\"def\">\u00a0nale\u017cy do klej\u00f3w\u00a0<\/span><span class=\"def\">szybkich\u00a0<\/span><span class=\"def\">o rzadkiej konsystencji.<\/span><\/h4>\n","protected":false},"featured_media":536,"template":"","meta":{"_kadence_starter_templates_imported_post":false},"product_brand":[],"product_cat":[29],"product_tag":[],"class_list":{"0":"post-535","1":"product","2":"type-product","3":"status-publish","4":"has-post-thumbnail","6":"product_cat-kleje-i-preparaty","8":"first","9":"instock","10":"taxable","11":"shipping-taxable","12":"purchasable","13":"product-type-simple"},"yoast_head":"<!-- This site is optimized with the Yoast SEO plugin v27.4 - https:\/\/yoast.com\/product\/yoast-seo-wordpress\/ -->\n<title>Klej do rz\u0119s Tiamat 5ML - Anagen shop<\/title>\n<meta name=\"robots\" content=\"index, follow, max-snippet:-1, max-image-preview:large, max-video-preview:-1\" \/>\n<link rel=\"canonical\" href=\"https:\/\/anagenshop.pl\/index.php\/produkt\/klej-do-rzes-tiamat-5ml\/\" \/>\n<meta property=\"og:locale\" content=\"pl_PL\" \/>\n<meta property=\"og:type\" content=\"article\" \/>\n<meta property=\"og:title\" content=\"Klej do rz\u0119s Tiamat 5ML - Anagen shop\" \/>\n<meta property=\"og:description\" content=\"Klej niebieski do przed\u0142u\u017cania rz\u0119s Tiamat Num. 1\u00a0nale\u017cy do klej\u00f3w\u00a0szybkich\u00a0o rzadkiej konsystencji.\" \/>\n<meta property=\"og:url\" content=\"https:\/\/anagenshop.pl\/index.php\/produkt\/klej-do-rzes-tiamat-5ml\/\" \/>\n<meta property=\"og:site_name\" content=\"Anagen shop\" \/>\n<meta property=\"article:publisher\" content=\"https:\/\/www.facebook.com\/Anagenshop\/?locale=pl_PL\" \/>\n<meta property=\"article:modified_time\" content=\"2026-04-21T10:29:51+00:00\" \/>\n<meta property=\"og:image\" content=\"https:\/\/anagenshop.pl\/wp-content\/uploads\/2026\/02\/t1.jpg\" \/>\n\t<meta property=\"og:image:width\" content=\"800\" \/>\n\t<meta property=\"og:image:height\" content=\"800\" \/>\n\t<meta property=\"og:image:type\" content=\"image\/jpeg\" \/>\n<meta name=\"twitter:card\" content=\"summary_large_image\" \/>\n<meta name=\"twitter:label1\" content=\"Szacowany czas czytania\" \/>\n\t<meta name=\"twitter:data1\" content=\"2 minuty\" \/>\n<script type=\"application\/ld+json\" class=\"yoast-schema-graph\">{\"@context\":\"https:\\\/\\\/schema.org\",\"@graph\":[{\"@type\":\"WebPage\",\"@id\":\"https:\\\/\\\/anagenshop.pl\\\/index.php\\\/produkt\\\/klej-do-rzes-tiamat-5ml\\\/\",\"url\":\"https:\\\/\\\/anagenshop.pl\\\/index.php\\\/produkt\\\/klej-do-rzes-tiamat-5ml\\\/\",\"name\":\"Klej do rz\u0119s Tiamat 5ML - Anagen shop\",\"isPartOf\":{\"@id\":\"https:\\\/\\\/anagenshop.pl\\\/#website\"},\"primaryImageOfPage\":{\"@id\":\"https:\\\/\\\/anagenshop.pl\\\/index.php\\\/produkt\\\/klej-do-rzes-tiamat-5ml\\\/#primaryimage\"},\"image\":{\"@id\":\"https:\\\/\\\/anagenshop.pl\\\/index.php\\\/produkt\\\/klej-do-rzes-tiamat-5ml\\\/#primaryimage\"},\"thumbnailUrl\":\"https:\\\/\\\/anagenshop.pl\\\/wp-content\\\/uploads\\\/2026\\\/02\\\/t1.jpg\",\"datePublished\":\"2026-02-11T13:14:11+00:00\",\"dateModified\":\"2026-04-21T10:29:51+00:00\",\"breadcrumb\":{\"@id\":\"https:\\\/\\\/anagenshop.pl\\\/index.php\\\/produkt\\\/klej-do-rzes-tiamat-5ml\\\/#breadcrumb\"},\"inLanguage\":\"pl-PL\",\"potentialAction\":[{\"@type\":\"ReadAction\",\"target\":[\"https:\\\/\\\/anagenshop.pl\\\/index.php\\\/produkt\\\/klej-do-rzes-tiamat-5ml\\\/\"]}]},{\"@type\":\"ImageObject\",\"inLanguage\":\"pl-PL\",\"@id\":\"https:\\\/\\\/anagenshop.pl\\\/index.php\\\/produkt\\\/klej-do-rzes-tiamat-5ml\\\/#primaryimage\",\"url\":\"https:\\\/\\\/anagenshop.pl\\\/wp-content\\\/uploads\\\/2026\\\/02\\\/t1.jpg\",\"contentUrl\":\"https:\\\/\\\/anagenshop.pl\\\/wp-content\\\/uploads\\\/2026\\\/02\\\/t1.jpg\",\"width\":800,\"height\":800},{\"@type\":\"BreadcrumbList\",\"@id\":\"https:\\\/\\\/anagenshop.pl\\\/index.php\\\/produkt\\\/klej-do-rzes-tiamat-5ml\\\/#breadcrumb\",\"itemListElement\":[{\"@type\":\"ListItem\",\"position\":1,\"name\":\"Strona g\u0142\u00f3wna\",\"item\":\"https:\\\/\\\/anagenshop.pl\\\/\"},{\"@type\":\"ListItem\",\"position\":2,\"name\":\"Sklep\",\"item\":\"https:\\\/\\\/anagenshop.pl\\\/\"},{\"@type\":\"ListItem\",\"position\":3,\"name\":\"Klej do rz\u0119s Tiamat 5ML\"}]},{\"@type\":\"WebSite\",\"@id\":\"https:\\\/\\\/anagenshop.pl\\\/#website\",\"url\":\"https:\\\/\\\/anagenshop.pl\\\/\",\"name\":\"Anagen shop\",\"description\":\"Produkty do stylizacji rz\u0119s i brwi, akcesoria i wyposa\u017cenie\",\"publisher\":{\"@id\":\"https:\\\/\\\/anagenshop.pl\\\/#organization\"},\"potentialAction\":[{\"@type\":\"SearchAction\",\"target\":{\"@type\":\"EntryPoint\",\"urlTemplate\":\"https:\\\/\\\/anagenshop.pl\\\/?s={search_term_string}\"},\"query-input\":{\"@type\":\"PropertyValueSpecification\",\"valueRequired\":true,\"valueName\":\"search_term_string\"}}],\"inLanguage\":\"pl-PL\"},{\"@type\":\"Organization\",\"@id\":\"https:\\\/\\\/anagenshop.pl\\\/#organization\",\"name\":\"Anagen shop\",\"url\":\"https:\\\/\\\/anagenshop.pl\\\/\",\"logo\":{\"@type\":\"ImageObject\",\"inLanguage\":\"pl-PL\",\"@id\":\"https:\\\/\\\/anagenshop.pl\\\/#\\\/schema\\\/logo\\\/image\\\/\",\"url\":\"https:\\\/\\\/anagenshop.pl\\\/wp-content\\\/uploads\\\/2026\\\/02\\\/cropped-Znak-wodny-sklep-1.png\",\"contentUrl\":\"https:\\\/\\\/anagenshop.pl\\\/wp-content\\\/uploads\\\/2026\\\/02\\\/cropped-Znak-wodny-sklep-1.png\",\"width\":1847,\"height\":517,\"caption\":\"Anagen shop\"},\"image\":{\"@id\":\"https:\\\/\\\/anagenshop.pl\\\/#\\\/schema\\\/logo\\\/image\\\/\"},\"sameAs\":[\"https:\\\/\\\/www.facebook.com\\\/Anagenshop\\\/?locale=pl_PL\",\"https:\\\/\\\/www.instagram.com\\\/anagenshop\\\/\"]}]}<\/script>\n<!-- \/ Yoast SEO plugin. -->","yoast_head_json":{"title":"Klej do rz\u0119s Tiamat 5ML - Anagen shop","robots":{"index":"index","follow":"follow","max-snippet":"max-snippet:-1","max-image-preview":"max-image-preview:large","max-video-preview":"max-video-preview:-1"},"canonical":"https:\/\/anagenshop.pl\/index.php\/produkt\/klej-do-rzes-tiamat-5ml\/","og_locale":"pl_PL","og_type":"article","og_title":"Klej do rz\u0119s Tiamat 5ML - Anagen shop","og_description":"Klej niebieski do przed\u0142u\u017cania rz\u0119s Tiamat Num. 1\u00a0nale\u017cy do klej\u00f3w\u00a0szybkich\u00a0o rzadkiej konsystencji.","og_url":"https:\/\/anagenshop.pl\/index.php\/produkt\/klej-do-rzes-tiamat-5ml\/","og_site_name":"Anagen shop","article_publisher":"https:\/\/www.facebook.com\/Anagenshop\/?locale=pl_PL","article_modified_time":"2026-04-21T10:29:51+00:00","og_image":[{"width":800,"height":800,"url":"https:\/\/anagenshop.pl\/wp-content\/uploads\/2026\/02\/t1.jpg","type":"image\/jpeg"}],"twitter_card":"summary_large_image","twitter_misc":{"Szacowany czas czytania":"2 minuty"},"schema":{"@context":"https:\/\/schema.org","@graph":[{"@type":"WebPage","@id":"https:\/\/anagenshop.pl\/index.php\/produkt\/klej-do-rzes-tiamat-5ml\/","url":"https:\/\/anagenshop.pl\/index.php\/produkt\/klej-do-rzes-tiamat-5ml\/","name":"Klej do rz\u0119s Tiamat 5ML - Anagen shop","isPartOf":{"@id":"https:\/\/anagenshop.pl\/#website"},"primaryImageOfPage":{"@id":"https:\/\/anagenshop.pl\/index.php\/produkt\/klej-do-rzes-tiamat-5ml\/#primaryimage"},"image":{"@id":"https:\/\/anagenshop.pl\/index.php\/produkt\/klej-do-rzes-tiamat-5ml\/#primaryimage"},"thumbnailUrl":"https:\/\/anagenshop.pl\/wp-content\/uploads\/2026\/02\/t1.jpg","datePublished":"2026-02-11T13:14:11+00:00","dateModified":"2026-04-21T10:29:51+00:00","breadcrumb":{"@id":"https:\/\/anagenshop.pl\/index.php\/produkt\/klej-do-rzes-tiamat-5ml\/#breadcrumb"},"inLanguage":"pl-PL","potentialAction":[{"@type":"ReadAction","target":["https:\/\/anagenshop.pl\/index.php\/produkt\/klej-do-rzes-tiamat-5ml\/"]}]},{"@type":"ImageObject","inLanguage":"pl-PL","@id":"https:\/\/anagenshop.pl\/index.php\/produkt\/klej-do-rzes-tiamat-5ml\/#primaryimage","url":"https:\/\/anagenshop.pl\/wp-content\/uploads\/2026\/02\/t1.jpg","contentUrl":"https:\/\/anagenshop.pl\/wp-content\/uploads\/2026\/02\/t1.jpg","width":800,"height":800},{"@type":"BreadcrumbList","@id":"https:\/\/anagenshop.pl\/index.php\/produkt\/klej-do-rzes-tiamat-5ml\/#breadcrumb","itemListElement":[{"@type":"ListItem","position":1,"name":"Strona g\u0142\u00f3wna","item":"https:\/\/anagenshop.pl\/"},{"@type":"ListItem","position":2,"name":"Sklep","item":"https:\/\/anagenshop.pl\/"},{"@type":"ListItem","position":3,"name":"Klej do rz\u0119s Tiamat 5ML"}]},{"@type":"WebSite","@id":"https:\/\/anagenshop.pl\/#website","url":"https:\/\/anagenshop.pl\/","name":"Anagen shop","description":"Produkty do stylizacji rz\u0119s i brwi, akcesoria i wyposa\u017cenie","publisher":{"@id":"https:\/\/anagenshop.pl\/#organization"},"potentialAction":[{"@type":"SearchAction","target":{"@type":"EntryPoint","urlTemplate":"https:\/\/anagenshop.pl\/?s={search_term_string}"},"query-input":{"@type":"PropertyValueSpecification","valueRequired":true,"valueName":"search_term_string"}}],"inLanguage":"pl-PL"},{"@type":"Organization","@id":"https:\/\/anagenshop.pl\/#organization","name":"Anagen shop","url":"https:\/\/anagenshop.pl\/","logo":{"@type":"ImageObject","inLanguage":"pl-PL","@id":"https:\/\/anagenshop.pl\/#\/schema\/logo\/image\/","url":"https:\/\/anagenshop.pl\/wp-content\/uploads\/2026\/02\/cropped-Znak-wodny-sklep-1.png","contentUrl":"https:\/\/anagenshop.pl\/wp-content\/uploads\/2026\/02\/cropped-Znak-wodny-sklep-1.png","width":1847,"height":517,"caption":"Anagen shop"},"image":{"@id":"https:\/\/anagenshop.pl\/#\/schema\/logo\/image\/"},"sameAs":["https:\/\/www.facebook.com\/Anagenshop\/?locale=pl_PL","https:\/\/www.instagram.com\/anagenshop\/"]}]}},"jetpack_sharing_enabled":true,"_links":{"self":[{"href":"https:\/\/anagenshop.pl\/index.php\/wp-json\/wp\/v2\/product\/535","targetHints":{"allow":["GET"]}}],"collection":[{"href":"https:\/\/anagenshop.pl\/index.php\/wp-json\/wp\/v2\/product"}],"about":[{"href":"https:\/\/anagenshop.pl\/index.php\/wp-json\/wp\/v2\/types\/product"}],"version-history":[{"count":1,"href":"https:\/\/anagenshop.pl\/index.php\/wp-json\/wp\/v2\/product\/535\/revisions"}],"predecessor-version":[{"id":539,"href":"https:\/\/anagenshop.pl\/index.php\/wp-json\/wp\/v2\/product\/535\/revisions\/539"}],"wp:featuredmedia":[{"embeddable":true,"href":"https:\/\/anagenshop.pl\/index.php\/wp-json\/wp\/v2\/media\/536"}],"wp:attachment":[{"href":"https:\/\/anagenshop.pl\/index.php\/wp-json\/wp\/v2\/media?parent=535"}],"wp:term":[{"taxonomy":"product_brand","embeddable":true,"href":"https:\/\/anagenshop.pl\/index.php\/wp-json\/wp\/v2\/product_brand?post=535"},{"taxonomy":"product_cat","embeddable":true,"href":"https:\/\/anagenshop.pl\/index.php\/wp-json\/wp\/v2\/product_cat?post=535"},{"taxonomy":"product_tag","embeddable":true,"href":"https:\/\/anagenshop.pl\/index.php\/wp-json\/wp\/v2\/product_tag?post=535"}],"curies":[{"name":"wp","href":"https:\/\/api.w.org\/{rel}","templated":true}]}}