{"id":845,"date":"2026-02-18T10:41:36","date_gmt":"2026-02-18T09:41:36","guid":{"rendered":"https:\/\/anagenshop.pl?post_type=product&#038;p=845"},"modified":"2026-04-09T08:59:10","modified_gmt":"2026-04-09T06:59:10","slug":"bio-cleaner-do-rzes-rose","status":"publish","type":"product","link":"https:\/\/anagenshop.pl\/index.php\/produkt\/bio-cleaner-do-rzes-rose\/","title":{"rendered":"Bio Cleaner do rz\u0119s ROSE"},"content":{"rendered":"<h2 class=\"def\">BIO Cleaner z\u00a0r\u00f3\u017c\u0105<\/h2>\n<p class=\"def\">Preparat<span class=\"def\">\u00a0<\/span><strong class=\"def\">odt\u0142uszczaj\u0105cy<\/strong>, wzbogacony ekstraktem z\u00a0r\u00f3\u017cy. BIO Cleaner sk\u0142ada si\u0119 w\u00a0<strong class=\"def\">99% z\u00a0produkt\u00f3w naturalnych<\/strong><span class=\"def\">\u00a0<\/span>i\u00a0pomaga przygotowa\u0107 rz\u0119sy do zabiegu ich przed\u0142u\u017cania.<span class=\"def\">\u00a0<\/span><strong class=\"def\">\u0141agodny<\/strong><span class=\"def\">\u00a0<\/span>i\u00a0<strong class=\"def\">bezpieczny<\/strong><span class=\"def\">\u00a0<\/span>dla wra\u017cliwych oczu,<span class=\"def\">\u00a0<\/span><strong class=\"def\">nie powoduje podra\u017cnie\u0144<\/strong>, a\u00a0jego innowacyjna formu\u0142a z\u00a0naturalnych sk\u0142adnik\u00f3w skutecznie<strong class=\"def\"><span class=\"def\">\u00a0<\/span>od\u017cywia<\/strong>,<span class=\"def\">\u00a0<\/span><strong class=\"def\">piel\u0119gnuje<\/strong><span class=\"def\">\u00a0<\/span>i\u00a0<strong class=\"def\">wzmacnia<\/strong><span class=\"def\">\u00a0<\/span>delikatne w\u0142oski, przygotowuj\u0105c je do zabiegu stylizacji i\u00a0doklejania sztucznych rz\u0119s. Znajduj\u0105cy si\u0119 w\u00a0preparacie<span class=\"def\">\u00a0<\/span><strong class=\"def\">ekstrakt z\u00a0r\u00f3\u017cy<\/strong><span class=\"def\">\u00a0<\/span>wp\u0142ywa korzystnie na\u00a0sk\u00f3r\u0119,<span class=\"def\">\u00a0<\/span><strong class=\"def\">\u0142agodzi<\/strong><span class=\"def\">\u00a0<\/span>jej podra\u017cnienia, dzia\u0142a tonizuj\u0105co i\u00a0antybakteryjnie. Zawarte w\u00a0r\u00f3\u017cy flawonoidy oraz\u00a0witamina C, chroni\u0105 r\u00f3wnie\u017c przed szkodliwym dzia\u0142aniem promieni UV.<br class=\"def\" \/><br class=\"def\" \/>Preparat BIO Cleaner z\u00a0r\u00f3\u017c\u0105 nale\u017cy stosowa\u0107 na\u00a0uprzednio oczyszczone rz\u0119sy naturalne, a\u00a0jego na\u0142o\u017cenie powinno odbywa\u0107 si\u0119 z\u00a0pomoc\u0105<span class=\"def\">\u00a0<\/span><strong class=\"def\">aplikator\u00f3w bezw\u0142\u00f3kienkowych<\/strong>. Dzia\u0142a najlepiej w\u00a0warunkach z\u00a0<strong class=\"def\">wy\u017csz\u0105 wilgotno\u015bci\u0105<\/strong>.<\/p>\n<p class=\"def\">BIO Cleaner pochodzi z\u00a0rodzimej,<span class=\"def\">\u00a0<\/span><strong class=\"def\">polskiej<\/strong><span class=\"def\">\u00a0<\/span>produkcji, co jest gwarancj\u0105 jego wysokiej jako\u015bci. Ponadto, jest to produkt<span class=\"def\">\u00a0<\/span><strong class=\"def\">wega\u0144ski<\/strong>, czyli niezawieraj\u0105cy w swoim sk\u0142adzie substancji pochodzenia zwierz\u0119cego. Producent dodatkowo zapewnia, \u017ce nie by\u0142 on testowany na zwierz\u0119tach.<\/p>\n","protected":false},"excerpt":{"rendered":"<p>Preparat<span class=\"def\">\u00a0<\/span><strong class=\"def\">odt\u0142uszczaj\u0105cy<\/strong>, wzbogacony ekstraktem z\u00a0r\u00f3\u017cy. BIO Cleaner sk\u0142ada si\u0119 w\u00a0<strong class=\"def\">99% z\u00a0produkt\u00f3w naturalnych<\/strong><span class=\"def\">\u00a0<\/span>i pomaga przygotowa\u0107 rz\u0119sy do zabiegu ich przed\u0142u\u017cania.<\/p>\n","protected":false},"featured_media":847,"template":"","meta":{"_kadence_starter_templates_imported_post":false},"product_brand":[],"product_cat":[29],"product_tag":[],"class_list":{"0":"post-845","1":"product","2":"type-product","3":"status-publish","4":"has-post-thumbnail","6":"product_cat-kleje-i-preparaty","8":"first","9":"instock","10":"taxable","11":"shipping-taxable","12":"purchasable","13":"product-type-simple"},"yoast_head":"<!-- This site is optimized with the Yoast SEO plugin v27.4 - https:\/\/yoast.com\/product\/yoast-seo-wordpress\/ -->\n<title>Bio Cleaner do rz\u0119s ROSE - Anagen shop<\/title>\n<meta name=\"robots\" content=\"index, follow, max-snippet:-1, max-image-preview:large, max-video-preview:-1\" \/>\n<link rel=\"canonical\" href=\"https:\/\/anagenshop.pl\/index.php\/produkt\/bio-cleaner-do-rzes-rose\/\" \/>\n<meta property=\"og:locale\" content=\"pl_PL\" \/>\n<meta property=\"og:type\" content=\"article\" \/>\n<meta property=\"og:title\" content=\"Bio Cleaner do rz\u0119s ROSE - Anagen shop\" \/>\n<meta property=\"og:description\" content=\"Preparat\u00a0odt\u0142uszczaj\u0105cy, wzbogacony ekstraktem z\u00a0r\u00f3\u017cy. BIO Cleaner sk\u0142ada si\u0119 w\u00a099% z\u00a0produkt\u00f3w naturalnych\u00a0i pomaga przygotowa\u0107 rz\u0119sy do zabiegu ich przed\u0142u\u017cania.\" \/>\n<meta property=\"og:url\" content=\"https:\/\/anagenshop.pl\/index.php\/produkt\/bio-cleaner-do-rzes-rose\/\" \/>\n<meta property=\"og:site_name\" content=\"Anagen shop\" \/>\n<meta property=\"article:publisher\" content=\"https:\/\/www.facebook.com\/Anagenshop\/?locale=pl_PL\" \/>\n<meta property=\"article:modified_time\" content=\"2026-04-09T06:59:10+00:00\" \/>\n<meta property=\"og:image\" content=\"https:\/\/anagenshop.pl\/wp-content\/uploads\/2026\/02\/BIO1.jpg\" \/>\n\t<meta property=\"og:image:width\" content=\"600\" \/>\n\t<meta property=\"og:image:height\" content=\"600\" \/>\n\t<meta property=\"og:image:type\" content=\"image\/jpeg\" \/>\n<meta name=\"twitter:card\" content=\"summary_large_image\" \/>\n<meta name=\"twitter:label1\" content=\"Szacowany czas czytania\" \/>\n\t<meta name=\"twitter:data1\" content=\"2 minuty\" \/>\n<script type=\"application\/ld+json\" class=\"yoast-schema-graph\">{\"@context\":\"https:\\\/\\\/schema.org\",\"@graph\":[{\"@type\":\"WebPage\",\"@id\":\"https:\\\/\\\/anagenshop.pl\\\/index.php\\\/produkt\\\/bio-cleaner-do-rzes-rose\\\/\",\"url\":\"https:\\\/\\\/anagenshop.pl\\\/index.php\\\/produkt\\\/bio-cleaner-do-rzes-rose\\\/\",\"name\":\"Bio Cleaner do rz\u0119s ROSE - Anagen shop\",\"isPartOf\":{\"@id\":\"https:\\\/\\\/anagenshop.pl\\\/#website\"},\"primaryImageOfPage\":{\"@id\":\"https:\\\/\\\/anagenshop.pl\\\/index.php\\\/produkt\\\/bio-cleaner-do-rzes-rose\\\/#primaryimage\"},\"image\":{\"@id\":\"https:\\\/\\\/anagenshop.pl\\\/index.php\\\/produkt\\\/bio-cleaner-do-rzes-rose\\\/#primaryimage\"},\"thumbnailUrl\":\"https:\\\/\\\/anagenshop.pl\\\/wp-content\\\/uploads\\\/2026\\\/02\\\/BIO1.jpg\",\"datePublished\":\"2026-02-18T09:41:36+00:00\",\"dateModified\":\"2026-04-09T06:59:10+00:00\",\"breadcrumb\":{\"@id\":\"https:\\\/\\\/anagenshop.pl\\\/index.php\\\/produkt\\\/bio-cleaner-do-rzes-rose\\\/#breadcrumb\"},\"inLanguage\":\"pl-PL\",\"potentialAction\":[{\"@type\":\"ReadAction\",\"target\":[\"https:\\\/\\\/anagenshop.pl\\\/index.php\\\/produkt\\\/bio-cleaner-do-rzes-rose\\\/\"]}]},{\"@type\":\"ImageObject\",\"inLanguage\":\"pl-PL\",\"@id\":\"https:\\\/\\\/anagenshop.pl\\\/index.php\\\/produkt\\\/bio-cleaner-do-rzes-rose\\\/#primaryimage\",\"url\":\"https:\\\/\\\/anagenshop.pl\\\/wp-content\\\/uploads\\\/2026\\\/02\\\/BIO1.jpg\",\"contentUrl\":\"https:\\\/\\\/anagenshop.pl\\\/wp-content\\\/uploads\\\/2026\\\/02\\\/BIO1.jpg\",\"width\":600,\"height\":600},{\"@type\":\"BreadcrumbList\",\"@id\":\"https:\\\/\\\/anagenshop.pl\\\/index.php\\\/produkt\\\/bio-cleaner-do-rzes-rose\\\/#breadcrumb\",\"itemListElement\":[{\"@type\":\"ListItem\",\"position\":1,\"name\":\"Strona g\u0142\u00f3wna\",\"item\":\"https:\\\/\\\/anagenshop.pl\\\/\"},{\"@type\":\"ListItem\",\"position\":2,\"name\":\"Sklep\",\"item\":\"https:\\\/\\\/anagenshop.pl\\\/\"},{\"@type\":\"ListItem\",\"position\":3,\"name\":\"Bio Cleaner do rz\u0119s ROSE\"}]},{\"@type\":\"WebSite\",\"@id\":\"https:\\\/\\\/anagenshop.pl\\\/#website\",\"url\":\"https:\\\/\\\/anagenshop.pl\\\/\",\"name\":\"Anagen shop\",\"description\":\"Produkty do stylizacji rz\u0119s i brwi, akcesoria i wyposa\u017cenie\",\"publisher\":{\"@id\":\"https:\\\/\\\/anagenshop.pl\\\/#organization\"},\"potentialAction\":[{\"@type\":\"SearchAction\",\"target\":{\"@type\":\"EntryPoint\",\"urlTemplate\":\"https:\\\/\\\/anagenshop.pl\\\/?s={search_term_string}\"},\"query-input\":{\"@type\":\"PropertyValueSpecification\",\"valueRequired\":true,\"valueName\":\"search_term_string\"}}],\"inLanguage\":\"pl-PL\"},{\"@type\":\"Organization\",\"@id\":\"https:\\\/\\\/anagenshop.pl\\\/#organization\",\"name\":\"Anagen shop\",\"url\":\"https:\\\/\\\/anagenshop.pl\\\/\",\"logo\":{\"@type\":\"ImageObject\",\"inLanguage\":\"pl-PL\",\"@id\":\"https:\\\/\\\/anagenshop.pl\\\/#\\\/schema\\\/logo\\\/image\\\/\",\"url\":\"https:\\\/\\\/anagenshop.pl\\\/wp-content\\\/uploads\\\/2026\\\/02\\\/cropped-Znak-wodny-sklep-1.png\",\"contentUrl\":\"https:\\\/\\\/anagenshop.pl\\\/wp-content\\\/uploads\\\/2026\\\/02\\\/cropped-Znak-wodny-sklep-1.png\",\"width\":1847,\"height\":517,\"caption\":\"Anagen shop\"},\"image\":{\"@id\":\"https:\\\/\\\/anagenshop.pl\\\/#\\\/schema\\\/logo\\\/image\\\/\"},\"sameAs\":[\"https:\\\/\\\/www.facebook.com\\\/Anagenshop\\\/?locale=pl_PL\",\"https:\\\/\\\/www.instagram.com\\\/anagenshop\\\/\"]}]}<\/script>\n<!-- \/ Yoast SEO plugin. -->","yoast_head_json":{"title":"Bio Cleaner do rz\u0119s ROSE - Anagen shop","robots":{"index":"index","follow":"follow","max-snippet":"max-snippet:-1","max-image-preview":"max-image-preview:large","max-video-preview":"max-video-preview:-1"},"canonical":"https:\/\/anagenshop.pl\/index.php\/produkt\/bio-cleaner-do-rzes-rose\/","og_locale":"pl_PL","og_type":"article","og_title":"Bio Cleaner do rz\u0119s ROSE - Anagen shop","og_description":"Preparat\u00a0odt\u0142uszczaj\u0105cy, wzbogacony ekstraktem z\u00a0r\u00f3\u017cy. BIO Cleaner sk\u0142ada si\u0119 w\u00a099% z\u00a0produkt\u00f3w naturalnych\u00a0i pomaga przygotowa\u0107 rz\u0119sy do zabiegu ich przed\u0142u\u017cania.","og_url":"https:\/\/anagenshop.pl\/index.php\/produkt\/bio-cleaner-do-rzes-rose\/","og_site_name":"Anagen shop","article_publisher":"https:\/\/www.facebook.com\/Anagenshop\/?locale=pl_PL","article_modified_time":"2026-04-09T06:59:10+00:00","og_image":[{"width":600,"height":600,"url":"https:\/\/anagenshop.pl\/wp-content\/uploads\/2026\/02\/BIO1.jpg","type":"image\/jpeg"}],"twitter_card":"summary_large_image","twitter_misc":{"Szacowany czas czytania":"2 minuty"},"schema":{"@context":"https:\/\/schema.org","@graph":[{"@type":"WebPage","@id":"https:\/\/anagenshop.pl\/index.php\/produkt\/bio-cleaner-do-rzes-rose\/","url":"https:\/\/anagenshop.pl\/index.php\/produkt\/bio-cleaner-do-rzes-rose\/","name":"Bio Cleaner do rz\u0119s ROSE - Anagen shop","isPartOf":{"@id":"https:\/\/anagenshop.pl\/#website"},"primaryImageOfPage":{"@id":"https:\/\/anagenshop.pl\/index.php\/produkt\/bio-cleaner-do-rzes-rose\/#primaryimage"},"image":{"@id":"https:\/\/anagenshop.pl\/index.php\/produkt\/bio-cleaner-do-rzes-rose\/#primaryimage"},"thumbnailUrl":"https:\/\/anagenshop.pl\/wp-content\/uploads\/2026\/02\/BIO1.jpg","datePublished":"2026-02-18T09:41:36+00:00","dateModified":"2026-04-09T06:59:10+00:00","breadcrumb":{"@id":"https:\/\/anagenshop.pl\/index.php\/produkt\/bio-cleaner-do-rzes-rose\/#breadcrumb"},"inLanguage":"pl-PL","potentialAction":[{"@type":"ReadAction","target":["https:\/\/anagenshop.pl\/index.php\/produkt\/bio-cleaner-do-rzes-rose\/"]}]},{"@type":"ImageObject","inLanguage":"pl-PL","@id":"https:\/\/anagenshop.pl\/index.php\/produkt\/bio-cleaner-do-rzes-rose\/#primaryimage","url":"https:\/\/anagenshop.pl\/wp-content\/uploads\/2026\/02\/BIO1.jpg","contentUrl":"https:\/\/anagenshop.pl\/wp-content\/uploads\/2026\/02\/BIO1.jpg","width":600,"height":600},{"@type":"BreadcrumbList","@id":"https:\/\/anagenshop.pl\/index.php\/produkt\/bio-cleaner-do-rzes-rose\/#breadcrumb","itemListElement":[{"@type":"ListItem","position":1,"name":"Strona g\u0142\u00f3wna","item":"https:\/\/anagenshop.pl\/"},{"@type":"ListItem","position":2,"name":"Sklep","item":"https:\/\/anagenshop.pl\/"},{"@type":"ListItem","position":3,"name":"Bio Cleaner do rz\u0119s ROSE"}]},{"@type":"WebSite","@id":"https:\/\/anagenshop.pl\/#website","url":"https:\/\/anagenshop.pl\/","name":"Anagen shop","description":"Produkty do stylizacji rz\u0119s i brwi, akcesoria i wyposa\u017cenie","publisher":{"@id":"https:\/\/anagenshop.pl\/#organization"},"potentialAction":[{"@type":"SearchAction","target":{"@type":"EntryPoint","urlTemplate":"https:\/\/anagenshop.pl\/?s={search_term_string}"},"query-input":{"@type":"PropertyValueSpecification","valueRequired":true,"valueName":"search_term_string"}}],"inLanguage":"pl-PL"},{"@type":"Organization","@id":"https:\/\/anagenshop.pl\/#organization","name":"Anagen shop","url":"https:\/\/anagenshop.pl\/","logo":{"@type":"ImageObject","inLanguage":"pl-PL","@id":"https:\/\/anagenshop.pl\/#\/schema\/logo\/image\/","url":"https:\/\/anagenshop.pl\/wp-content\/uploads\/2026\/02\/cropped-Znak-wodny-sklep-1.png","contentUrl":"https:\/\/anagenshop.pl\/wp-content\/uploads\/2026\/02\/cropped-Znak-wodny-sklep-1.png","width":1847,"height":517,"caption":"Anagen shop"},"image":{"@id":"https:\/\/anagenshop.pl\/#\/schema\/logo\/image\/"},"sameAs":["https:\/\/www.facebook.com\/Anagenshop\/?locale=pl_PL","https:\/\/www.instagram.com\/anagenshop\/"]}]}},"jetpack_sharing_enabled":true,"_links":{"self":[{"href":"https:\/\/anagenshop.pl\/index.php\/wp-json\/wp\/v2\/product\/845","targetHints":{"allow":["GET"]}}],"collection":[{"href":"https:\/\/anagenshop.pl\/index.php\/wp-json\/wp\/v2\/product"}],"about":[{"href":"https:\/\/anagenshop.pl\/index.php\/wp-json\/wp\/v2\/types\/product"}],"version-history":[{"count":1,"href":"https:\/\/anagenshop.pl\/index.php\/wp-json\/wp\/v2\/product\/845\/revisions"}],"predecessor-version":[{"id":850,"href":"https:\/\/anagenshop.pl\/index.php\/wp-json\/wp\/v2\/product\/845\/revisions\/850"}],"wp:featuredmedia":[{"embeddable":true,"href":"https:\/\/anagenshop.pl\/index.php\/wp-json\/wp\/v2\/media\/847"}],"wp:attachment":[{"href":"https:\/\/anagenshop.pl\/index.php\/wp-json\/wp\/v2\/media?parent=845"}],"wp:term":[{"taxonomy":"product_brand","embeddable":true,"href":"https:\/\/anagenshop.pl\/index.php\/wp-json\/wp\/v2\/product_brand?post=845"},{"taxonomy":"product_cat","embeddable":true,"href":"https:\/\/anagenshop.pl\/index.php\/wp-json\/wp\/v2\/product_cat?post=845"},{"taxonomy":"product_tag","embeddable":true,"href":"https:\/\/anagenshop.pl\/index.php\/wp-json\/wp\/v2\/product_tag?post=845"}],"curies":[{"name":"wp","href":"https:\/\/api.w.org\/{rel}","templated":true}]}}