{"id":853,"date":"2026-02-18T10:48:51","date_gmt":"2026-02-18T09:48:51","guid":{"rendered":"https:\/\/anagenshop.pl?post_type=product&#038;p=853"},"modified":"2026-04-23T11:36:58","modified_gmt":"2026-04-23T09:36:58","slug":"bio-pianka-do-mycia-rzes-100ml","status":"publish","type":"product","link":"https:\/\/anagenshop.pl\/index.php\/produkt\/bio-pianka-do-mycia-rzes-100ml\/","title":{"rendered":"Bio Pianka do Mycia rz\u0119s 100ML"},"content":{"rendered":"<h2 class=\"def\">BIO pianka do czyszczenia rz\u0119s<\/h2>\n<p class=\"def\">Profesjonalne produkty stosowane podczas zabieg\u00f3w stylizacji rz\u0119s s\u0105 dost\u0119pne w\u00a0naszym sklepie w\u00a0korzystnych cenach. Polecana przez nas<span class=\"def\">\u00a0<\/span><strong class=\"def\">BIO pianka<\/strong><span class=\"def\">\u00a0<\/span>do czyszczenia rz\u0119s to wyj\u0105tkowy, polski produkt wzbogacony o\u00a0<strong class=\"def\">aktywne sk\u0142adniki<\/strong><span class=\"def\">\u00a0<\/span>wp\u0142ywaj\u0105ce korzystnie na\u00a0rz\u0119sy i\u00a0sk\u00f3r\u0119. Formu\u0142a BIO zapewnia<strong class=\"def\"><span class=\"def\">\u00a0<\/span>\u0142agodne dzia\u0142anie<\/strong>. Produkty naturalne dodatkowo<span class=\"def\">\u00a0<\/span><strong class=\"def\">piel\u0119gnuj\u0105<\/strong><span class=\"def\">\u00a0<\/span>i\u00a0<strong class=\"def\">od\u017cywiaj\u0105<\/strong><span class=\"def\">\u00a0<\/span>cer\u0119 i\u00a0delikatne w\u0142oski na\u00a0powiekach. BIO pianka do czyszczenia rz\u0119s dost\u0119pna jest w\u00a0<strong class=\"def\">du\u017cym<\/strong>,<span class=\"def\">\u00a0<\/span><strong class=\"def\">wydajnym<\/strong><span class=\"def\">\u00a0<\/span>opakowaniu (100 ml).<\/p>\n<h2 class=\"def\">Aktywne sk\u0142adniki Bio pianki i\u00a0ich w\u0142a\u015bciwo\u015bci<\/h2>\n<p class=\"def\">Profesjonalna BIO pianka do czyszczenia rz\u0119s jest produkowana w\u00a0Polsce i\u00a0sk\u0142ada si\u0119 w<strong class=\"def\">\u00a097% z\u00a0produkt\u00f3w pochodzenia naturalnego.<\/strong><span class=\"def\">\u00a0<\/span>Jest to produkt<span class=\"def\">\u00a0<\/span><strong class=\"def\">wega\u0144ski<\/strong>, niezawieraj\u0105cy substancji pochodzenia zwierz\u0119cego, kt\u00f3ry nie by\u0142 testowany na\u00a0zwierz\u0119tach. Zawiera<span class=\"def\">\u00a0<\/span><strong class=\"def\">prebiotyki<\/strong>, kt\u00f3re stymuluj\u0105 cebulki w\u0142osa, chroni\u0105 rz\u0119sy naturalne, a\u00a0tak\u017ce wspieraj\u0105 odnow\u0119 bariery ochronnej sk\u00f3ry, zapewniaj\u0105c jej lepszy wygl\u0105d. Znajduj\u0105ca si\u0119 w\u00a0sk\u0142adzie pianki<span class=\"def\">\u00a0<\/span><strong class=\"def\">alantoina<\/strong><span class=\"def\">\u00a0<\/span>\u0142agodzi podra\u017cnienia nask\u00f3rka,<span class=\"def\">\u00a0<\/span><strong class=\"def\">gliceryna<\/strong><span class=\"def\">\u00a0<\/span>dog\u0142\u0119bnie nawil\u017ca i\u00a0regeneruje oraz\u00a0dzia\u0142a przeciwzapalnie. Kosmetyk ma<span class=\"def\">\u00a0<\/span><strong class=\"def\">pH zasadowe<\/strong>, a\u00a0tak\u017ce bardzo dobre w\u0142a\u015bciwo\u015bci myj\u0105ce, \u0142atwo si\u0119 rozprowadza i\u00a0sp\u0142ukuje, a\u00a0przy tym zapobiega przesuszaniu, poprawia g\u0142adko\u015b\u0107 i\u00a0mi\u0119kko\u015b\u0107 sk\u00f3ry oraz\u00a0wzmacnia kondycj\u0119 rz\u0119s.<\/p>\n<address class=\"def\">\u00a0<\/address>\n<address class=\"def\">\u00a0<\/address>\n<address class=\"def\"><strong class=\"def\">\u00a0<\/strong><\/address>\n<address class=\"def\"><strong class=\"def\">INCI:<\/strong>\u00a0Aqua, Alpha-Glucan Oligosaccharide, Glycerin, Coco-Glucoside, Ammonium Lauryl Sulfate, Cocamidopropyl Betaine, Maltooligosyl Glucoside, Allantoin, Inulin, Hydrogenated Starch Hydrolysate, Arginine, Sodium Chloride, Phenoxyethanol, Ethylhexylglycerin, Sodium Benzoate<\/address>\n","protected":false},"excerpt":{"rendered":"<p>Polecana przez nas<span class=\"def\">\u00a0<\/span><strong class=\"def\">BIO pianka<\/strong><span class=\"def\">\u00a0<\/span>do czyszczenia rz\u0119s to wyj\u0105tkowy, polski produkt wzbogacony o\u00a0<strong class=\"def\">aktywne sk\u0142adniki<\/strong><span class=\"def\">\u00a0<\/span>wp\u0142ywaj\u0105ce korzystnie na\u00a0rz\u0119sy i\u00a0sk\u00f3r\u0119.<\/p>\n","protected":false},"featured_media":854,"template":"","meta":{"_kadence_starter_templates_imported_post":false},"product_brand":[],"product_cat":[29],"product_tag":[],"class_list":{"0":"post-853","1":"product","2":"type-product","3":"status-publish","4":"has-post-thumbnail","6":"product_cat-kleje-i-preparaty","8":"first","9":"instock","10":"taxable","11":"shipping-taxable","12":"purchasable","13":"product-type-simple"},"yoast_head":"<!-- This site is optimized with the Yoast SEO plugin v27.4 - https:\/\/yoast.com\/product\/yoast-seo-wordpress\/ -->\n<title>Bio Pianka do Mycia rz\u0119s 100ML - Anagen shop<\/title>\n<meta name=\"robots\" content=\"index, follow, max-snippet:-1, max-image-preview:large, max-video-preview:-1\" \/>\n<link rel=\"canonical\" href=\"https:\/\/anagenshop.pl\/index.php\/produkt\/bio-pianka-do-mycia-rzes-100ml\/\" \/>\n<meta property=\"og:locale\" content=\"pl_PL\" \/>\n<meta property=\"og:type\" content=\"article\" \/>\n<meta property=\"og:title\" content=\"Bio Pianka do Mycia rz\u0119s 100ML - Anagen shop\" \/>\n<meta property=\"og:description\" content=\"Polecana przez nas\u00a0BIO pianka\u00a0do czyszczenia rz\u0119s to wyj\u0105tkowy, polski produkt wzbogacony o\u00a0aktywne sk\u0142adniki\u00a0wp\u0142ywaj\u0105ce korzystnie na\u00a0rz\u0119sy i\u00a0sk\u00f3r\u0119.\" \/>\n<meta property=\"og:url\" content=\"https:\/\/anagenshop.pl\/index.php\/produkt\/bio-pianka-do-mycia-rzes-100ml\/\" \/>\n<meta property=\"og:site_name\" content=\"Anagen shop\" \/>\n<meta property=\"article:publisher\" content=\"https:\/\/www.facebook.com\/Anagenshop\/?locale=pl_PL\" \/>\n<meta property=\"article:modified_time\" content=\"2026-04-23T09:36:58+00:00\" \/>\n<meta property=\"og:image\" content=\"https:\/\/anagenshop.pl\/wp-content\/uploads\/2026\/02\/BIO-pianka-do-czyszczenia-rzes-Noble-Lashes.webp\" \/>\n\t<meta property=\"og:image:width\" content=\"800\" \/>\n\t<meta property=\"og:image:height\" content=\"1000\" \/>\n\t<meta property=\"og:image:type\" content=\"image\/webp\" \/>\n<meta name=\"twitter:card\" content=\"summary_large_image\" \/>\n<meta name=\"twitter:label1\" content=\"Szacowany czas czytania\" \/>\n\t<meta name=\"twitter:data1\" content=\"2 minuty\" \/>\n<script type=\"application\/ld+json\" class=\"yoast-schema-graph\">{\"@context\":\"https:\\\/\\\/schema.org\",\"@graph\":[{\"@type\":\"WebPage\",\"@id\":\"https:\\\/\\\/anagenshop.pl\\\/index.php\\\/produkt\\\/bio-pianka-do-mycia-rzes-100ml\\\/\",\"url\":\"https:\\\/\\\/anagenshop.pl\\\/index.php\\\/produkt\\\/bio-pianka-do-mycia-rzes-100ml\\\/\",\"name\":\"Bio Pianka do Mycia rz\u0119s 100ML - Anagen shop\",\"isPartOf\":{\"@id\":\"https:\\\/\\\/anagenshop.pl\\\/#website\"},\"primaryImageOfPage\":{\"@id\":\"https:\\\/\\\/anagenshop.pl\\\/index.php\\\/produkt\\\/bio-pianka-do-mycia-rzes-100ml\\\/#primaryimage\"},\"image\":{\"@id\":\"https:\\\/\\\/anagenshop.pl\\\/index.php\\\/produkt\\\/bio-pianka-do-mycia-rzes-100ml\\\/#primaryimage\"},\"thumbnailUrl\":\"https:\\\/\\\/anagenshop.pl\\\/wp-content\\\/uploads\\\/2026\\\/02\\\/BIO-pianka-do-czyszczenia-rzes-Noble-Lashes.webp\",\"datePublished\":\"2026-02-18T09:48:51+00:00\",\"dateModified\":\"2026-04-23T09:36:58+00:00\",\"breadcrumb\":{\"@id\":\"https:\\\/\\\/anagenshop.pl\\\/index.php\\\/produkt\\\/bio-pianka-do-mycia-rzes-100ml\\\/#breadcrumb\"},\"inLanguage\":\"pl-PL\",\"potentialAction\":[{\"@type\":\"ReadAction\",\"target\":[\"https:\\\/\\\/anagenshop.pl\\\/index.php\\\/produkt\\\/bio-pianka-do-mycia-rzes-100ml\\\/\"]}]},{\"@type\":\"ImageObject\",\"inLanguage\":\"pl-PL\",\"@id\":\"https:\\\/\\\/anagenshop.pl\\\/index.php\\\/produkt\\\/bio-pianka-do-mycia-rzes-100ml\\\/#primaryimage\",\"url\":\"https:\\\/\\\/anagenshop.pl\\\/wp-content\\\/uploads\\\/2026\\\/02\\\/BIO-pianka-do-czyszczenia-rzes-Noble-Lashes.webp\",\"contentUrl\":\"https:\\\/\\\/anagenshop.pl\\\/wp-content\\\/uploads\\\/2026\\\/02\\\/BIO-pianka-do-czyszczenia-rzes-Noble-Lashes.webp\",\"width\":800,\"height\":1000},{\"@type\":\"BreadcrumbList\",\"@id\":\"https:\\\/\\\/anagenshop.pl\\\/index.php\\\/produkt\\\/bio-pianka-do-mycia-rzes-100ml\\\/#breadcrumb\",\"itemListElement\":[{\"@type\":\"ListItem\",\"position\":1,\"name\":\"Strona g\u0142\u00f3wna\",\"item\":\"https:\\\/\\\/anagenshop.pl\\\/\"},{\"@type\":\"ListItem\",\"position\":2,\"name\":\"Sklep\",\"item\":\"https:\\\/\\\/anagenshop.pl\\\/\"},{\"@type\":\"ListItem\",\"position\":3,\"name\":\"Bio Pianka do Mycia rz\u0119s 100ML\"}]},{\"@type\":\"WebSite\",\"@id\":\"https:\\\/\\\/anagenshop.pl\\\/#website\",\"url\":\"https:\\\/\\\/anagenshop.pl\\\/\",\"name\":\"Anagen shop\",\"description\":\"Produkty do stylizacji rz\u0119s i brwi, akcesoria i wyposa\u017cenie\",\"publisher\":{\"@id\":\"https:\\\/\\\/anagenshop.pl\\\/#organization\"},\"potentialAction\":[{\"@type\":\"SearchAction\",\"target\":{\"@type\":\"EntryPoint\",\"urlTemplate\":\"https:\\\/\\\/anagenshop.pl\\\/?s={search_term_string}\"},\"query-input\":{\"@type\":\"PropertyValueSpecification\",\"valueRequired\":true,\"valueName\":\"search_term_string\"}}],\"inLanguage\":\"pl-PL\"},{\"@type\":\"Organization\",\"@id\":\"https:\\\/\\\/anagenshop.pl\\\/#organization\",\"name\":\"Anagen shop\",\"url\":\"https:\\\/\\\/anagenshop.pl\\\/\",\"logo\":{\"@type\":\"ImageObject\",\"inLanguage\":\"pl-PL\",\"@id\":\"https:\\\/\\\/anagenshop.pl\\\/#\\\/schema\\\/logo\\\/image\\\/\",\"url\":\"https:\\\/\\\/anagenshop.pl\\\/wp-content\\\/uploads\\\/2026\\\/02\\\/cropped-Znak-wodny-sklep-1.png\",\"contentUrl\":\"https:\\\/\\\/anagenshop.pl\\\/wp-content\\\/uploads\\\/2026\\\/02\\\/cropped-Znak-wodny-sklep-1.png\",\"width\":1847,\"height\":517,\"caption\":\"Anagen shop\"},\"image\":{\"@id\":\"https:\\\/\\\/anagenshop.pl\\\/#\\\/schema\\\/logo\\\/image\\\/\"},\"sameAs\":[\"https:\\\/\\\/www.facebook.com\\\/Anagenshop\\\/?locale=pl_PL\",\"https:\\\/\\\/www.instagram.com\\\/anagenshop\\\/\"]}]}<\/script>\n<!-- \/ Yoast SEO plugin. -->","yoast_head_json":{"title":"Bio Pianka do Mycia rz\u0119s 100ML - Anagen shop","robots":{"index":"index","follow":"follow","max-snippet":"max-snippet:-1","max-image-preview":"max-image-preview:large","max-video-preview":"max-video-preview:-1"},"canonical":"https:\/\/anagenshop.pl\/index.php\/produkt\/bio-pianka-do-mycia-rzes-100ml\/","og_locale":"pl_PL","og_type":"article","og_title":"Bio Pianka do Mycia rz\u0119s 100ML - Anagen shop","og_description":"Polecana przez nas\u00a0BIO pianka\u00a0do czyszczenia rz\u0119s to wyj\u0105tkowy, polski produkt wzbogacony o\u00a0aktywne sk\u0142adniki\u00a0wp\u0142ywaj\u0105ce korzystnie na\u00a0rz\u0119sy i\u00a0sk\u00f3r\u0119.","og_url":"https:\/\/anagenshop.pl\/index.php\/produkt\/bio-pianka-do-mycia-rzes-100ml\/","og_site_name":"Anagen shop","article_publisher":"https:\/\/www.facebook.com\/Anagenshop\/?locale=pl_PL","article_modified_time":"2026-04-23T09:36:58+00:00","og_image":[{"width":800,"height":1000,"url":"https:\/\/anagenshop.pl\/wp-content\/uploads\/2026\/02\/BIO-pianka-do-czyszczenia-rzes-Noble-Lashes.webp","type":"image\/webp"}],"twitter_card":"summary_large_image","twitter_misc":{"Szacowany czas czytania":"2 minuty"},"schema":{"@context":"https:\/\/schema.org","@graph":[{"@type":"WebPage","@id":"https:\/\/anagenshop.pl\/index.php\/produkt\/bio-pianka-do-mycia-rzes-100ml\/","url":"https:\/\/anagenshop.pl\/index.php\/produkt\/bio-pianka-do-mycia-rzes-100ml\/","name":"Bio Pianka do Mycia rz\u0119s 100ML - Anagen shop","isPartOf":{"@id":"https:\/\/anagenshop.pl\/#website"},"primaryImageOfPage":{"@id":"https:\/\/anagenshop.pl\/index.php\/produkt\/bio-pianka-do-mycia-rzes-100ml\/#primaryimage"},"image":{"@id":"https:\/\/anagenshop.pl\/index.php\/produkt\/bio-pianka-do-mycia-rzes-100ml\/#primaryimage"},"thumbnailUrl":"https:\/\/anagenshop.pl\/wp-content\/uploads\/2026\/02\/BIO-pianka-do-czyszczenia-rzes-Noble-Lashes.webp","datePublished":"2026-02-18T09:48:51+00:00","dateModified":"2026-04-23T09:36:58+00:00","breadcrumb":{"@id":"https:\/\/anagenshop.pl\/index.php\/produkt\/bio-pianka-do-mycia-rzes-100ml\/#breadcrumb"},"inLanguage":"pl-PL","potentialAction":[{"@type":"ReadAction","target":["https:\/\/anagenshop.pl\/index.php\/produkt\/bio-pianka-do-mycia-rzes-100ml\/"]}]},{"@type":"ImageObject","inLanguage":"pl-PL","@id":"https:\/\/anagenshop.pl\/index.php\/produkt\/bio-pianka-do-mycia-rzes-100ml\/#primaryimage","url":"https:\/\/anagenshop.pl\/wp-content\/uploads\/2026\/02\/BIO-pianka-do-czyszczenia-rzes-Noble-Lashes.webp","contentUrl":"https:\/\/anagenshop.pl\/wp-content\/uploads\/2026\/02\/BIO-pianka-do-czyszczenia-rzes-Noble-Lashes.webp","width":800,"height":1000},{"@type":"BreadcrumbList","@id":"https:\/\/anagenshop.pl\/index.php\/produkt\/bio-pianka-do-mycia-rzes-100ml\/#breadcrumb","itemListElement":[{"@type":"ListItem","position":1,"name":"Strona g\u0142\u00f3wna","item":"https:\/\/anagenshop.pl\/"},{"@type":"ListItem","position":2,"name":"Sklep","item":"https:\/\/anagenshop.pl\/"},{"@type":"ListItem","position":3,"name":"Bio Pianka do Mycia rz\u0119s 100ML"}]},{"@type":"WebSite","@id":"https:\/\/anagenshop.pl\/#website","url":"https:\/\/anagenshop.pl\/","name":"Anagen shop","description":"Produkty do stylizacji rz\u0119s i brwi, akcesoria i wyposa\u017cenie","publisher":{"@id":"https:\/\/anagenshop.pl\/#organization"},"potentialAction":[{"@type":"SearchAction","target":{"@type":"EntryPoint","urlTemplate":"https:\/\/anagenshop.pl\/?s={search_term_string}"},"query-input":{"@type":"PropertyValueSpecification","valueRequired":true,"valueName":"search_term_string"}}],"inLanguage":"pl-PL"},{"@type":"Organization","@id":"https:\/\/anagenshop.pl\/#organization","name":"Anagen shop","url":"https:\/\/anagenshop.pl\/","logo":{"@type":"ImageObject","inLanguage":"pl-PL","@id":"https:\/\/anagenshop.pl\/#\/schema\/logo\/image\/","url":"https:\/\/anagenshop.pl\/wp-content\/uploads\/2026\/02\/cropped-Znak-wodny-sklep-1.png","contentUrl":"https:\/\/anagenshop.pl\/wp-content\/uploads\/2026\/02\/cropped-Znak-wodny-sklep-1.png","width":1847,"height":517,"caption":"Anagen shop"},"image":{"@id":"https:\/\/anagenshop.pl\/#\/schema\/logo\/image\/"},"sameAs":["https:\/\/www.facebook.com\/Anagenshop\/?locale=pl_PL","https:\/\/www.instagram.com\/anagenshop\/"]}]}},"jetpack_sharing_enabled":true,"_links":{"self":[{"href":"https:\/\/anagenshop.pl\/index.php\/wp-json\/wp\/v2\/product\/853","targetHints":{"allow":["GET"]}}],"collection":[{"href":"https:\/\/anagenshop.pl\/index.php\/wp-json\/wp\/v2\/product"}],"about":[{"href":"https:\/\/anagenshop.pl\/index.php\/wp-json\/wp\/v2\/types\/product"}],"version-history":[{"count":1,"href":"https:\/\/anagenshop.pl\/index.php\/wp-json\/wp\/v2\/product\/853\/revisions"}],"predecessor-version":[{"id":856,"href":"https:\/\/anagenshop.pl\/index.php\/wp-json\/wp\/v2\/product\/853\/revisions\/856"}],"wp:featuredmedia":[{"embeddable":true,"href":"https:\/\/anagenshop.pl\/index.php\/wp-json\/wp\/v2\/media\/854"}],"wp:attachment":[{"href":"https:\/\/anagenshop.pl\/index.php\/wp-json\/wp\/v2\/media?parent=853"}],"wp:term":[{"taxonomy":"product_brand","embeddable":true,"href":"https:\/\/anagenshop.pl\/index.php\/wp-json\/wp\/v2\/product_brand?post=853"},{"taxonomy":"product_cat","embeddable":true,"href":"https:\/\/anagenshop.pl\/index.php\/wp-json\/wp\/v2\/product_cat?post=853"},{"taxonomy":"product_tag","embeddable":true,"href":"https:\/\/anagenshop.pl\/index.php\/wp-json\/wp\/v2\/product_tag?post=853"}],"curies":[{"name":"wp","href":"https:\/\/api.w.org\/{rel}","templated":true}]}}