{"id":861,"date":"2026-02-18T10:56:06","date_gmt":"2026-02-18T09:56:06","guid":{"rendered":"https:\/\/anagenshop.pl?post_type=product&#038;p=861"},"modified":"2026-03-07T20:29:19","modified_gmt":"2026-03-07T19:29:19","slug":"remover-do-rzes-plato-15ml","status":"publish","type":"product","link":"https:\/\/anagenshop.pl\/index.php\/produkt\/remover-do-rzes-plato-15ml\/","title":{"rendered":"Remover do rz\u0119s Plato 15ML"},"content":{"rendered":"<p>Remover w \u017celu doskonale nadaje si\u0119 do usuwania sztucznych rz\u0119s. Najlepiej taki remover pasuje na usuwanie pojedynczych rz\u0119s. Dzi\u0119ki specjalnie opracowanej formule, zgodnej ze standardami medycznymi, remover nie niszczy naturalnych rz\u0119s. Jego \u017celowa konsystencja i odpowiednio mocne dzia\u0142ania sprawiaj\u0105, \u017ce remover jest bardzo prosty w u\u017cytku, co pozwala przyspieszy\u0107 prac\u0119, dlatego poleca si\u0119 go pocz\u0105tkuj\u0105cym stylistkom. Jego unikatowa formu\u0142a i konsystencja sprawiaj\u0105, \u017ce remover w \u017celu jest niezwykle wydajny.<\/p>\n","protected":false},"excerpt":{"rendered":"<p>Remover w \u017celu doskonale nadaje si\u0119 do usuwania sztucznych rz\u0119s.<\/p>\n","protected":false},"featured_media":862,"template":"","meta":{"_kadence_starter_templates_imported_post":false},"product_brand":[],"product_cat":[29],"product_tag":[],"class_list":{"0":"post-861","1":"product","2":"type-product","3":"status-publish","4":"has-post-thumbnail","6":"product_cat-kleje-i-preparaty","8":"first","9":"outofstock","10":"taxable","11":"shipping-taxable","12":"purchasable","13":"product-type-simple"},"yoast_head":"<!-- This site is optimized with the Yoast SEO plugin v27.4 - https:\/\/yoast.com\/product\/yoast-seo-wordpress\/ -->\n<title>Remover do rz\u0119s Plato 15ML - Anagen shop<\/title>\n<meta name=\"robots\" content=\"index, follow, max-snippet:-1, max-image-preview:large, max-video-preview:-1\" \/>\n<link rel=\"canonical\" href=\"https:\/\/anagenshop.pl\/index.php\/produkt\/remover-do-rzes-plato-15ml\/\" \/>\n<meta property=\"og:locale\" content=\"pl_PL\" \/>\n<meta property=\"og:type\" content=\"article\" \/>\n<meta property=\"og:title\" content=\"Remover do rz\u0119s Plato 15ML - Anagen shop\" \/>\n<meta property=\"og:description\" content=\"Remover w \u017celu doskonale nadaje si\u0119 do usuwania sztucznych rz\u0119s.\" \/>\n<meta property=\"og:url\" content=\"https:\/\/anagenshop.pl\/index.php\/produkt\/remover-do-rzes-plato-15ml\/\" \/>\n<meta property=\"og:site_name\" content=\"Anagen shop\" \/>\n<meta property=\"article:publisher\" content=\"https:\/\/www.facebook.com\/Anagenshop\/?locale=pl_PL\" \/>\n<meta property=\"article:modified_time\" content=\"2026-03-07T19:29:19+00:00\" \/>\n<meta property=\"og:image\" content=\"https:\/\/anagenshop.pl\/wp-content\/uploads\/2026\/02\/removerplato.jpg\" \/>\n\t<meta property=\"og:image:width\" content=\"1500\" \/>\n\t<meta property=\"og:image:height\" content=\"1500\" \/>\n\t<meta property=\"og:image:type\" content=\"image\/jpeg\" \/>\n<meta name=\"twitter:card\" content=\"summary_large_image\" \/>\n<meta name=\"twitter:label1\" content=\"Szacowany czas czytania\" \/>\n\t<meta name=\"twitter:data1\" content=\"1 minuta\" \/>\n<script type=\"application\/ld+json\" class=\"yoast-schema-graph\">{\"@context\":\"https:\\\/\\\/schema.org\",\"@graph\":[{\"@type\":\"WebPage\",\"@id\":\"https:\\\/\\\/anagenshop.pl\\\/index.php\\\/produkt\\\/remover-do-rzes-plato-15ml\\\/\",\"url\":\"https:\\\/\\\/anagenshop.pl\\\/index.php\\\/produkt\\\/remover-do-rzes-plato-15ml\\\/\",\"name\":\"Remover do rz\u0119s Plato 15ML - Anagen shop\",\"isPartOf\":{\"@id\":\"https:\\\/\\\/anagenshop.pl\\\/#website\"},\"primaryImageOfPage\":{\"@id\":\"https:\\\/\\\/anagenshop.pl\\\/index.php\\\/produkt\\\/remover-do-rzes-plato-15ml\\\/#primaryimage\"},\"image\":{\"@id\":\"https:\\\/\\\/anagenshop.pl\\\/index.php\\\/produkt\\\/remover-do-rzes-plato-15ml\\\/#primaryimage\"},\"thumbnailUrl\":\"https:\\\/\\\/anagenshop.pl\\\/wp-content\\\/uploads\\\/2026\\\/02\\\/removerplato.jpg\",\"datePublished\":\"2026-02-18T09:56:06+00:00\",\"dateModified\":\"2026-03-07T19:29:19+00:00\",\"breadcrumb\":{\"@id\":\"https:\\\/\\\/anagenshop.pl\\\/index.php\\\/produkt\\\/remover-do-rzes-plato-15ml\\\/#breadcrumb\"},\"inLanguage\":\"pl-PL\",\"potentialAction\":[{\"@type\":\"ReadAction\",\"target\":[\"https:\\\/\\\/anagenshop.pl\\\/index.php\\\/produkt\\\/remover-do-rzes-plato-15ml\\\/\"]}]},{\"@type\":\"ImageObject\",\"inLanguage\":\"pl-PL\",\"@id\":\"https:\\\/\\\/anagenshop.pl\\\/index.php\\\/produkt\\\/remover-do-rzes-plato-15ml\\\/#primaryimage\",\"url\":\"https:\\\/\\\/anagenshop.pl\\\/wp-content\\\/uploads\\\/2026\\\/02\\\/removerplato.jpg\",\"contentUrl\":\"https:\\\/\\\/anagenshop.pl\\\/wp-content\\\/uploads\\\/2026\\\/02\\\/removerplato.jpg\",\"width\":1500,\"height\":1500},{\"@type\":\"BreadcrumbList\",\"@id\":\"https:\\\/\\\/anagenshop.pl\\\/index.php\\\/produkt\\\/remover-do-rzes-plato-15ml\\\/#breadcrumb\",\"itemListElement\":[{\"@type\":\"ListItem\",\"position\":1,\"name\":\"Strona g\u0142\u00f3wna\",\"item\":\"https:\\\/\\\/anagenshop.pl\\\/\"},{\"@type\":\"ListItem\",\"position\":2,\"name\":\"Sklep\",\"item\":\"https:\\\/\\\/anagenshop.pl\\\/\"},{\"@type\":\"ListItem\",\"position\":3,\"name\":\"Remover do rz\u0119s Plato 15ML\"}]},{\"@type\":\"WebSite\",\"@id\":\"https:\\\/\\\/anagenshop.pl\\\/#website\",\"url\":\"https:\\\/\\\/anagenshop.pl\\\/\",\"name\":\"Anagen shop\",\"description\":\"Produkty do stylizacji rz\u0119s i brwi, akcesoria i wyposa\u017cenie\",\"publisher\":{\"@id\":\"https:\\\/\\\/anagenshop.pl\\\/#organization\"},\"potentialAction\":[{\"@type\":\"SearchAction\",\"target\":{\"@type\":\"EntryPoint\",\"urlTemplate\":\"https:\\\/\\\/anagenshop.pl\\\/?s={search_term_string}\"},\"query-input\":{\"@type\":\"PropertyValueSpecification\",\"valueRequired\":true,\"valueName\":\"search_term_string\"}}],\"inLanguage\":\"pl-PL\"},{\"@type\":\"Organization\",\"@id\":\"https:\\\/\\\/anagenshop.pl\\\/#organization\",\"name\":\"Anagen shop\",\"url\":\"https:\\\/\\\/anagenshop.pl\\\/\",\"logo\":{\"@type\":\"ImageObject\",\"inLanguage\":\"pl-PL\",\"@id\":\"https:\\\/\\\/anagenshop.pl\\\/#\\\/schema\\\/logo\\\/image\\\/\",\"url\":\"https:\\\/\\\/anagenshop.pl\\\/wp-content\\\/uploads\\\/2026\\\/02\\\/cropped-Znak-wodny-sklep-1.png\",\"contentUrl\":\"https:\\\/\\\/anagenshop.pl\\\/wp-content\\\/uploads\\\/2026\\\/02\\\/cropped-Znak-wodny-sklep-1.png\",\"width\":1847,\"height\":517,\"caption\":\"Anagen shop\"},\"image\":{\"@id\":\"https:\\\/\\\/anagenshop.pl\\\/#\\\/schema\\\/logo\\\/image\\\/\"},\"sameAs\":[\"https:\\\/\\\/www.facebook.com\\\/Anagenshop\\\/?locale=pl_PL\",\"https:\\\/\\\/www.instagram.com\\\/anagenshop\\\/\"]}]}<\/script>\n<!-- \/ Yoast SEO plugin. -->","yoast_head_json":{"title":"Remover do rz\u0119s Plato 15ML - Anagen shop","robots":{"index":"index","follow":"follow","max-snippet":"max-snippet:-1","max-image-preview":"max-image-preview:large","max-video-preview":"max-video-preview:-1"},"canonical":"https:\/\/anagenshop.pl\/index.php\/produkt\/remover-do-rzes-plato-15ml\/","og_locale":"pl_PL","og_type":"article","og_title":"Remover do rz\u0119s Plato 15ML - Anagen shop","og_description":"Remover w \u017celu doskonale nadaje si\u0119 do usuwania sztucznych rz\u0119s.","og_url":"https:\/\/anagenshop.pl\/index.php\/produkt\/remover-do-rzes-plato-15ml\/","og_site_name":"Anagen shop","article_publisher":"https:\/\/www.facebook.com\/Anagenshop\/?locale=pl_PL","article_modified_time":"2026-03-07T19:29:19+00:00","og_image":[{"width":1500,"height":1500,"url":"https:\/\/anagenshop.pl\/wp-content\/uploads\/2026\/02\/removerplato.jpg","type":"image\/jpeg"}],"twitter_card":"summary_large_image","twitter_misc":{"Szacowany czas czytania":"1 minuta"},"schema":{"@context":"https:\/\/schema.org","@graph":[{"@type":"WebPage","@id":"https:\/\/anagenshop.pl\/index.php\/produkt\/remover-do-rzes-plato-15ml\/","url":"https:\/\/anagenshop.pl\/index.php\/produkt\/remover-do-rzes-plato-15ml\/","name":"Remover do rz\u0119s Plato 15ML - Anagen shop","isPartOf":{"@id":"https:\/\/anagenshop.pl\/#website"},"primaryImageOfPage":{"@id":"https:\/\/anagenshop.pl\/index.php\/produkt\/remover-do-rzes-plato-15ml\/#primaryimage"},"image":{"@id":"https:\/\/anagenshop.pl\/index.php\/produkt\/remover-do-rzes-plato-15ml\/#primaryimage"},"thumbnailUrl":"https:\/\/anagenshop.pl\/wp-content\/uploads\/2026\/02\/removerplato.jpg","datePublished":"2026-02-18T09:56:06+00:00","dateModified":"2026-03-07T19:29:19+00:00","breadcrumb":{"@id":"https:\/\/anagenshop.pl\/index.php\/produkt\/remover-do-rzes-plato-15ml\/#breadcrumb"},"inLanguage":"pl-PL","potentialAction":[{"@type":"ReadAction","target":["https:\/\/anagenshop.pl\/index.php\/produkt\/remover-do-rzes-plato-15ml\/"]}]},{"@type":"ImageObject","inLanguage":"pl-PL","@id":"https:\/\/anagenshop.pl\/index.php\/produkt\/remover-do-rzes-plato-15ml\/#primaryimage","url":"https:\/\/anagenshop.pl\/wp-content\/uploads\/2026\/02\/removerplato.jpg","contentUrl":"https:\/\/anagenshop.pl\/wp-content\/uploads\/2026\/02\/removerplato.jpg","width":1500,"height":1500},{"@type":"BreadcrumbList","@id":"https:\/\/anagenshop.pl\/index.php\/produkt\/remover-do-rzes-plato-15ml\/#breadcrumb","itemListElement":[{"@type":"ListItem","position":1,"name":"Strona g\u0142\u00f3wna","item":"https:\/\/anagenshop.pl\/"},{"@type":"ListItem","position":2,"name":"Sklep","item":"https:\/\/anagenshop.pl\/"},{"@type":"ListItem","position":3,"name":"Remover do rz\u0119s Plato 15ML"}]},{"@type":"WebSite","@id":"https:\/\/anagenshop.pl\/#website","url":"https:\/\/anagenshop.pl\/","name":"Anagen shop","description":"Produkty do stylizacji rz\u0119s i brwi, akcesoria i wyposa\u017cenie","publisher":{"@id":"https:\/\/anagenshop.pl\/#organization"},"potentialAction":[{"@type":"SearchAction","target":{"@type":"EntryPoint","urlTemplate":"https:\/\/anagenshop.pl\/?s={search_term_string}"},"query-input":{"@type":"PropertyValueSpecification","valueRequired":true,"valueName":"search_term_string"}}],"inLanguage":"pl-PL"},{"@type":"Organization","@id":"https:\/\/anagenshop.pl\/#organization","name":"Anagen shop","url":"https:\/\/anagenshop.pl\/","logo":{"@type":"ImageObject","inLanguage":"pl-PL","@id":"https:\/\/anagenshop.pl\/#\/schema\/logo\/image\/","url":"https:\/\/anagenshop.pl\/wp-content\/uploads\/2026\/02\/cropped-Znak-wodny-sklep-1.png","contentUrl":"https:\/\/anagenshop.pl\/wp-content\/uploads\/2026\/02\/cropped-Znak-wodny-sklep-1.png","width":1847,"height":517,"caption":"Anagen shop"},"image":{"@id":"https:\/\/anagenshop.pl\/#\/schema\/logo\/image\/"},"sameAs":["https:\/\/www.facebook.com\/Anagenshop\/?locale=pl_PL","https:\/\/www.instagram.com\/anagenshop\/"]}]}},"jetpack_sharing_enabled":true,"_links":{"self":[{"href":"https:\/\/anagenshop.pl\/index.php\/wp-json\/wp\/v2\/product\/861","targetHints":{"allow":["GET"]}}],"collection":[{"href":"https:\/\/anagenshop.pl\/index.php\/wp-json\/wp\/v2\/product"}],"about":[{"href":"https:\/\/anagenshop.pl\/index.php\/wp-json\/wp\/v2\/types\/product"}],"version-history":[{"count":1,"href":"https:\/\/anagenshop.pl\/index.php\/wp-json\/wp\/v2\/product\/861\/revisions"}],"predecessor-version":[{"id":864,"href":"https:\/\/anagenshop.pl\/index.php\/wp-json\/wp\/v2\/product\/861\/revisions\/864"}],"wp:featuredmedia":[{"embeddable":true,"href":"https:\/\/anagenshop.pl\/index.php\/wp-json\/wp\/v2\/media\/862"}],"wp:attachment":[{"href":"https:\/\/anagenshop.pl\/index.php\/wp-json\/wp\/v2\/media?parent=861"}],"wp:term":[{"taxonomy":"product_brand","embeddable":true,"href":"https:\/\/anagenshop.pl\/index.php\/wp-json\/wp\/v2\/product_brand?post=861"},{"taxonomy":"product_cat","embeddable":true,"href":"https:\/\/anagenshop.pl\/index.php\/wp-json\/wp\/v2\/product_cat?post=861"},{"taxonomy":"product_tag","embeddable":true,"href":"https:\/\/anagenshop.pl\/index.php\/wp-json\/wp\/v2\/product_tag?post=861"}],"curies":[{"name":"wp","href":"https:\/\/api.w.org\/{rel}","templated":true}]}}