{"id":930,"date":"2026-02-20T17:01:55","date_gmt":"2026-02-20T16:01:55","guid":{"rendered":"https:\/\/anagenshop.pl?post_type=product&#038;p=930"},"modified":"2026-04-17T19:10:40","modified_gmt":"2026-04-17T17:10:40","slug":"henna-pudrowa-brow-italy","status":"publish","type":"product","link":"https:\/\/anagenshop.pl\/index.php\/produkt\/henna-pudrowa-brow-italy\/","title":{"rendered":"Henna Pudrowa Brow Italy"},"content":{"rendered":"<p class=\"def\"><span class=\"def\">Henna Pudrowa Brow Italy to najlepsze rozwi\u0105zanie dla wszystkich, kt\u00f3rzy chc\u0105 mie\u0107 pi\u0119kne i zadbane brwi. Nasza henna pudrowa to produkt profesjonalny, kt\u00f3ry zosta\u0142 stworzony z my\u015bl\u0105 o stylizacji brwi. Dzi\u0119ki intensywnemu kolorowi i trwa\u0142o\u015bci, Henna Pudrowa Brow Italy pozwala na uzyskanie niezawodnych rezultat\u00f3w ju\u017c po pierwszym zabiegu.<\/span><\/p>\n<p class=\"def\"><span class=\"def\">Formu\u0142a henny pudrowej zosta\u0142a opracowana z najwy\u017cszej jako\u015bci sk\u0142adnik\u00f3w, dzi\u0119ki czemu zapewnia trwa\u0142y i intensywny kolor oraz naturalny wygl\u0105d brwi. Henna Pudrowa Brow Italy to produkt, kt\u00f3ry \u0142\u0105czy w sobie nowoczesne rozwi\u0105zania z niezawodnymi rezultatami. Kolory z gamy Brow Italy pi\u0119knie barwi\u0105 sk\u00f3r\u0119 i w\u0142oski.<br class=\"def\" \/><\/span><\/p>\n<p class=\"def\"><span class=\"def\">Nie musisz ju\u017c d\u0142u\u017cej szuka\u0107 idealnej henny pudrowej do stylizacji brwi &#8211; Henna Pudrowa Brow Italy to niezawodny spos\u00f3b na pi\u0119kne i zadbane brwi. Zach\u0119camy do wypr\u00f3bowania naszego produktu i przekonania si\u0119 o jego jako\u015bci. Najcz\u0119\u015bciej proponowane przez nas kolory to: B2,B3,C1,F3.<\/span><br class=\"def\" \/><br class=\"def\" \/><br class=\"def\" \/>Pojemno\u015b\u0107: 10g<br class=\"def\" \/>Pochodzenie: W\u0142ochy<br class=\"def\" \/><br class=\"def\" \/><\/p>\n<pre class=\"def\" dir=\"ltr\"><span class=\"def\" lang=\"pl\" xml:lang=\"pl\">Instrukcja:<br class=\"def\" \/><\/span><\/pre>\n<pre id=\"user_tw-target-text\" class=\"def\" dir=\"ltr\"><span class=\"def\" lang=\"pl\" xml:lang=\"pl\">Wymieszaj henn\u0119 do brwi w szklanym lub plastikowym pojemniku z 3 - 5 kroplami <br class=\"def\" \/>soluzione minerale w stosunku 2:1,dok\u0142adnie wymieszaj powsta\u0142\u0105 mieszanin\u0119.<br class=\"def\" \/>W razie potrzeby dola\u0107 wody do uzyskania po\u017c\u0105danej konsystencji. <br class=\"def\" \/>Pozostaw mieszanin\u0119 na 1 minut\u0119 przed na\u0142o\u017ceniem<\/span><\/pre>\n","protected":false},"excerpt":{"rendered":"<p>Henna Pudrowa Brow Italy to produkt, kt\u00f3ry \u0142\u0105czy w sobie nowoczesne rozwi\u0105zania z niezawodnymi rezultatami. Kolory z gamy Brow Italy pi\u0119knie barwi\u0105 sk\u00f3r\u0119 i w\u0142oski.<\/p>\n","protected":false},"featured_media":958,"template":"","meta":{"_kadence_starter_templates_imported_post":false},"product_brand":[],"product_cat":[27,34],"product_tag":[],"class_list":{"0":"post-930","1":"product","2":"type-product","3":"status-publish","4":"has-post-thumbnail","6":"product_cat-brwi","7":"product_cat-produkty-ambasadorek","9":"first","10":"instock","11":"taxable","12":"shipping-taxable","13":"purchasable","14":"product-type-variable"},"yoast_head":"<!-- This site is optimized with the Yoast SEO plugin v27.4 - https:\/\/yoast.com\/product\/yoast-seo-wordpress\/ -->\n<title>Henna Pudrowa Brow Italy - Anagen shop<\/title>\n<meta name=\"description\" content=\"Henna Pudrowa Brow Italy to produkt, kt\u00f3ry \u0142\u0105czy w sobie nowoczesne rozwi\u0105zania z niezawodnymi rezultatami. Kolory z gamy pi\u0119knie barwi\u0105 sk\u00f3r\u0119 i w\u0142oski.\" \/>\n<meta name=\"robots\" content=\"index, follow, max-snippet:-1, max-image-preview:large, max-video-preview:-1\" \/>\n<link rel=\"canonical\" href=\"https:\/\/anagenshop.pl\/index.php\/produkt\/henna-pudrowa-brow-italy\/\" \/>\n<meta property=\"og:locale\" content=\"pl_PL\" \/>\n<meta property=\"og:type\" content=\"article\" \/>\n<meta property=\"og:title\" content=\"Henna Pudrowa Brow Italy - Anagen shop\" \/>\n<meta property=\"og:description\" content=\"Henna Pudrowa Brow Italy to produkt, kt\u00f3ry \u0142\u0105czy w sobie nowoczesne rozwi\u0105zania z niezawodnymi rezultatami. Kolory z gamy pi\u0119knie barwi\u0105 sk\u00f3r\u0119 i w\u0142oski.\" \/>\n<meta property=\"og:url\" content=\"https:\/\/anagenshop.pl\/index.php\/produkt\/henna-pudrowa-brow-italy\/\" \/>\n<meta property=\"og:site_name\" content=\"Anagen shop\" \/>\n<meta property=\"article:publisher\" content=\"https:\/\/www.facebook.com\/Anagenshop\/?locale=pl_PL\" \/>\n<meta property=\"article:modified_time\" content=\"2026-04-17T17:10:40+00:00\" \/>\n<meta property=\"og:image\" content=\"https:\/\/anagenshop.pl\/wp-content\/uploads\/2026\/02\/it2.jpg\" \/>\n\t<meta property=\"og:image:width\" content=\"590\" \/>\n\t<meta property=\"og:image:height\" content=\"479\" \/>\n\t<meta property=\"og:image:type\" content=\"image\/jpeg\" \/>\n<meta name=\"twitter:card\" content=\"summary_large_image\" \/>\n<meta name=\"twitter:label1\" content=\"Szacowany czas czytania\" \/>\n\t<meta name=\"twitter:data1\" content=\"2 minuty\" \/>\n<script type=\"application\/ld+json\" class=\"yoast-schema-graph\">{\"@context\":\"https:\\\/\\\/schema.org\",\"@graph\":[{\"@type\":\"WebPage\",\"@id\":\"https:\\\/\\\/anagenshop.pl\\\/index.php\\\/produkt\\\/henna-pudrowa-brow-italy\\\/\",\"url\":\"https:\\\/\\\/anagenshop.pl\\\/index.php\\\/produkt\\\/henna-pudrowa-brow-italy\\\/\",\"name\":\"Henna Pudrowa Brow Italy - Anagen shop\",\"isPartOf\":{\"@id\":\"https:\\\/\\\/anagenshop.pl\\\/#website\"},\"primaryImageOfPage\":{\"@id\":\"https:\\\/\\\/anagenshop.pl\\\/index.php\\\/produkt\\\/henna-pudrowa-brow-italy\\\/#primaryimage\"},\"image\":{\"@id\":\"https:\\\/\\\/anagenshop.pl\\\/index.php\\\/produkt\\\/henna-pudrowa-brow-italy\\\/#primaryimage\"},\"thumbnailUrl\":\"https:\\\/\\\/anagenshop.pl\\\/wp-content\\\/uploads\\\/2026\\\/02\\\/it2.jpg\",\"datePublished\":\"2026-02-20T16:01:55+00:00\",\"dateModified\":\"2026-04-17T17:10:40+00:00\",\"description\":\"Henna Pudrowa Brow Italy to produkt, kt\u00f3ry \u0142\u0105czy w sobie nowoczesne rozwi\u0105zania z niezawodnymi rezultatami. Kolory z gamy pi\u0119knie barwi\u0105 sk\u00f3r\u0119 i w\u0142oski.\",\"breadcrumb\":{\"@id\":\"https:\\\/\\\/anagenshop.pl\\\/index.php\\\/produkt\\\/henna-pudrowa-brow-italy\\\/#breadcrumb\"},\"inLanguage\":\"pl-PL\",\"potentialAction\":[{\"@type\":\"ReadAction\",\"target\":[\"https:\\\/\\\/anagenshop.pl\\\/index.php\\\/produkt\\\/henna-pudrowa-brow-italy\\\/\"]}]},{\"@type\":\"ImageObject\",\"inLanguage\":\"pl-PL\",\"@id\":\"https:\\\/\\\/anagenshop.pl\\\/index.php\\\/produkt\\\/henna-pudrowa-brow-italy\\\/#primaryimage\",\"url\":\"https:\\\/\\\/anagenshop.pl\\\/wp-content\\\/uploads\\\/2026\\\/02\\\/it2.jpg\",\"contentUrl\":\"https:\\\/\\\/anagenshop.pl\\\/wp-content\\\/uploads\\\/2026\\\/02\\\/it2.jpg\",\"width\":590,\"height\":479},{\"@type\":\"BreadcrumbList\",\"@id\":\"https:\\\/\\\/anagenshop.pl\\\/index.php\\\/produkt\\\/henna-pudrowa-brow-italy\\\/#breadcrumb\",\"itemListElement\":[{\"@type\":\"ListItem\",\"position\":1,\"name\":\"Strona g\u0142\u00f3wna\",\"item\":\"https:\\\/\\\/anagenshop.pl\\\/\"},{\"@type\":\"ListItem\",\"position\":2,\"name\":\"Sklep\",\"item\":\"https:\\\/\\\/anagenshop.pl\\\/\"},{\"@type\":\"ListItem\",\"position\":3,\"name\":\"Henna Pudrowa Brow Italy\"}]},{\"@type\":\"WebSite\",\"@id\":\"https:\\\/\\\/anagenshop.pl\\\/#website\",\"url\":\"https:\\\/\\\/anagenshop.pl\\\/\",\"name\":\"Anagen shop\",\"description\":\"Produkty do stylizacji rz\u0119s i brwi, akcesoria i wyposa\u017cenie\",\"publisher\":{\"@id\":\"https:\\\/\\\/anagenshop.pl\\\/#organization\"},\"potentialAction\":[{\"@type\":\"SearchAction\",\"target\":{\"@type\":\"EntryPoint\",\"urlTemplate\":\"https:\\\/\\\/anagenshop.pl\\\/?s={search_term_string}\"},\"query-input\":{\"@type\":\"PropertyValueSpecification\",\"valueRequired\":true,\"valueName\":\"search_term_string\"}}],\"inLanguage\":\"pl-PL\"},{\"@type\":\"Organization\",\"@id\":\"https:\\\/\\\/anagenshop.pl\\\/#organization\",\"name\":\"Anagen shop\",\"url\":\"https:\\\/\\\/anagenshop.pl\\\/\",\"logo\":{\"@type\":\"ImageObject\",\"inLanguage\":\"pl-PL\",\"@id\":\"https:\\\/\\\/anagenshop.pl\\\/#\\\/schema\\\/logo\\\/image\\\/\",\"url\":\"https:\\\/\\\/anagenshop.pl\\\/wp-content\\\/uploads\\\/2026\\\/02\\\/cropped-Znak-wodny-sklep-1.png\",\"contentUrl\":\"https:\\\/\\\/anagenshop.pl\\\/wp-content\\\/uploads\\\/2026\\\/02\\\/cropped-Znak-wodny-sklep-1.png\",\"width\":1847,\"height\":517,\"caption\":\"Anagen shop\"},\"image\":{\"@id\":\"https:\\\/\\\/anagenshop.pl\\\/#\\\/schema\\\/logo\\\/image\\\/\"},\"sameAs\":[\"https:\\\/\\\/www.facebook.com\\\/Anagenshop\\\/?locale=pl_PL\",\"https:\\\/\\\/www.instagram.com\\\/anagenshop\\\/\"]}]}<\/script>\n<!-- \/ Yoast SEO plugin. -->","yoast_head_json":{"title":"Henna Pudrowa Brow Italy - Anagen shop","description":"Henna Pudrowa Brow Italy to produkt, kt\u00f3ry \u0142\u0105czy w sobie nowoczesne rozwi\u0105zania z niezawodnymi rezultatami. Kolory z gamy pi\u0119knie barwi\u0105 sk\u00f3r\u0119 i w\u0142oski.","robots":{"index":"index","follow":"follow","max-snippet":"max-snippet:-1","max-image-preview":"max-image-preview:large","max-video-preview":"max-video-preview:-1"},"canonical":"https:\/\/anagenshop.pl\/index.php\/produkt\/henna-pudrowa-brow-italy\/","og_locale":"pl_PL","og_type":"article","og_title":"Henna Pudrowa Brow Italy - Anagen shop","og_description":"Henna Pudrowa Brow Italy to produkt, kt\u00f3ry \u0142\u0105czy w sobie nowoczesne rozwi\u0105zania z niezawodnymi rezultatami. Kolory z gamy pi\u0119knie barwi\u0105 sk\u00f3r\u0119 i w\u0142oski.","og_url":"https:\/\/anagenshop.pl\/index.php\/produkt\/henna-pudrowa-brow-italy\/","og_site_name":"Anagen shop","article_publisher":"https:\/\/www.facebook.com\/Anagenshop\/?locale=pl_PL","article_modified_time":"2026-04-17T17:10:40+00:00","og_image":[{"width":590,"height":479,"url":"https:\/\/anagenshop.pl\/wp-content\/uploads\/2026\/02\/it2.jpg","type":"image\/jpeg"}],"twitter_card":"summary_large_image","twitter_misc":{"Szacowany czas czytania":"2 minuty"},"schema":{"@context":"https:\/\/schema.org","@graph":[{"@type":"WebPage","@id":"https:\/\/anagenshop.pl\/index.php\/produkt\/henna-pudrowa-brow-italy\/","url":"https:\/\/anagenshop.pl\/index.php\/produkt\/henna-pudrowa-brow-italy\/","name":"Henna Pudrowa Brow Italy - Anagen shop","isPartOf":{"@id":"https:\/\/anagenshop.pl\/#website"},"primaryImageOfPage":{"@id":"https:\/\/anagenshop.pl\/index.php\/produkt\/henna-pudrowa-brow-italy\/#primaryimage"},"image":{"@id":"https:\/\/anagenshop.pl\/index.php\/produkt\/henna-pudrowa-brow-italy\/#primaryimage"},"thumbnailUrl":"https:\/\/anagenshop.pl\/wp-content\/uploads\/2026\/02\/it2.jpg","datePublished":"2026-02-20T16:01:55+00:00","dateModified":"2026-04-17T17:10:40+00:00","description":"Henna Pudrowa Brow Italy to produkt, kt\u00f3ry \u0142\u0105czy w sobie nowoczesne rozwi\u0105zania z niezawodnymi rezultatami. Kolory z gamy pi\u0119knie barwi\u0105 sk\u00f3r\u0119 i w\u0142oski.","breadcrumb":{"@id":"https:\/\/anagenshop.pl\/index.php\/produkt\/henna-pudrowa-brow-italy\/#breadcrumb"},"inLanguage":"pl-PL","potentialAction":[{"@type":"ReadAction","target":["https:\/\/anagenshop.pl\/index.php\/produkt\/henna-pudrowa-brow-italy\/"]}]},{"@type":"ImageObject","inLanguage":"pl-PL","@id":"https:\/\/anagenshop.pl\/index.php\/produkt\/henna-pudrowa-brow-italy\/#primaryimage","url":"https:\/\/anagenshop.pl\/wp-content\/uploads\/2026\/02\/it2.jpg","contentUrl":"https:\/\/anagenshop.pl\/wp-content\/uploads\/2026\/02\/it2.jpg","width":590,"height":479},{"@type":"BreadcrumbList","@id":"https:\/\/anagenshop.pl\/index.php\/produkt\/henna-pudrowa-brow-italy\/#breadcrumb","itemListElement":[{"@type":"ListItem","position":1,"name":"Strona g\u0142\u00f3wna","item":"https:\/\/anagenshop.pl\/"},{"@type":"ListItem","position":2,"name":"Sklep","item":"https:\/\/anagenshop.pl\/"},{"@type":"ListItem","position":3,"name":"Henna Pudrowa Brow Italy"}]},{"@type":"WebSite","@id":"https:\/\/anagenshop.pl\/#website","url":"https:\/\/anagenshop.pl\/","name":"Anagen shop","description":"Produkty do stylizacji rz\u0119s i brwi, akcesoria i wyposa\u017cenie","publisher":{"@id":"https:\/\/anagenshop.pl\/#organization"},"potentialAction":[{"@type":"SearchAction","target":{"@type":"EntryPoint","urlTemplate":"https:\/\/anagenshop.pl\/?s={search_term_string}"},"query-input":{"@type":"PropertyValueSpecification","valueRequired":true,"valueName":"search_term_string"}}],"inLanguage":"pl-PL"},{"@type":"Organization","@id":"https:\/\/anagenshop.pl\/#organization","name":"Anagen shop","url":"https:\/\/anagenshop.pl\/","logo":{"@type":"ImageObject","inLanguage":"pl-PL","@id":"https:\/\/anagenshop.pl\/#\/schema\/logo\/image\/","url":"https:\/\/anagenshop.pl\/wp-content\/uploads\/2026\/02\/cropped-Znak-wodny-sklep-1.png","contentUrl":"https:\/\/anagenshop.pl\/wp-content\/uploads\/2026\/02\/cropped-Znak-wodny-sklep-1.png","width":1847,"height":517,"caption":"Anagen shop"},"image":{"@id":"https:\/\/anagenshop.pl\/#\/schema\/logo\/image\/"},"sameAs":["https:\/\/www.facebook.com\/Anagenshop\/?locale=pl_PL","https:\/\/www.instagram.com\/anagenshop\/"]}]}},"jetpack_sharing_enabled":true,"_links":{"self":[{"href":"https:\/\/anagenshop.pl\/index.php\/wp-json\/wp\/v2\/product\/930","targetHints":{"allow":["GET"]}}],"collection":[{"href":"https:\/\/anagenshop.pl\/index.php\/wp-json\/wp\/v2\/product"}],"about":[{"href":"https:\/\/anagenshop.pl\/index.php\/wp-json\/wp\/v2\/types\/product"}],"version-history":[{"count":3,"href":"https:\/\/anagenshop.pl\/index.php\/wp-json\/wp\/v2\/product\/930\/revisions"}],"predecessor-version":[{"id":1837,"href":"https:\/\/anagenshop.pl\/index.php\/wp-json\/wp\/v2\/product\/930\/revisions\/1837"}],"wp:featuredmedia":[{"embeddable":true,"href":"https:\/\/anagenshop.pl\/index.php\/wp-json\/wp\/v2\/media\/958"}],"wp:attachment":[{"href":"https:\/\/anagenshop.pl\/index.php\/wp-json\/wp\/v2\/media?parent=930"}],"wp:term":[{"taxonomy":"product_brand","embeddable":true,"href":"https:\/\/anagenshop.pl\/index.php\/wp-json\/wp\/v2\/product_brand?post=930"},{"taxonomy":"product_cat","embeddable":true,"href":"https:\/\/anagenshop.pl\/index.php\/wp-json\/wp\/v2\/product_cat?post=930"},{"taxonomy":"product_tag","embeddable":true,"href":"https:\/\/anagenshop.pl\/index.php\/wp-json\/wp\/v2\/product_tag?post=930"}],"curies":[{"name":"wp","href":"https:\/\/api.w.org\/{rel}","templated":true}]}}