{"id":996,"date":"2026-02-24T14:10:54","date_gmt":"2026-02-24T13:10:54","guid":{"rendered":"https:\/\/anagenshop.pl?post_type=product&#038;p=996"},"modified":"2026-04-20T12:24:23","modified_gmt":"2026-04-20T10:24:23","slug":"tasma-piankowa-microfoam-3m","status":"publish","type":"product","link":"https:\/\/anagenshop.pl\/index.php\/produkt\/tasma-piankowa-microfoam-3m\/","title":{"rendered":"Ta\u015bma Piankowa Microfoam 3M"},"content":{"rendered":"<p class=\"def\">Hipoalergiczna oraz\u00a0\u0142atwa w\u00a0wycinaniu piankowa ta\u015bma Microfoam.<\/p>\n<p class=\"def\">Ta\u015bma piankowa nie podra\u017cnia oraz\u00a0nie uczula delikatnej sk\u00f3ry pod oczami podczas zabiegu przed\u0142u\u017cania rz\u0119s.<\/p>\n<p class=\"def\">Zapewnia bardzo komfortow\u0105 prac\u0119 i\u00a0jest idealnym rozwi\u0105zaniem dla alergik\u00f3w.<\/p>\n<p class=\"def\">Ta\u015bma jest \u015bwietna do wycinania, \u0142atwo dopasujesz j\u0105 do oka Twojej klientki.<\/p>\n<p class=\"def\">Idealnie przylega do sk\u00f3ry, dzi\u0119ki temu bardzo dok\u0142adnie chroni sk\u00f3r\u0119 oraz\u00a0dolne rz\u0119sy.<\/p>\n<p class=\"def\">Przy jej usuwaniu, dzi\u0119ki delikatnemu klejowi klientka nie czuje szarpania.<\/p>\n<p class=\"def\">Ta\u015bma bardzo ekonomiczna, 5 metr\u00f3w wystarcza na\u00a0oko\u0142o 80-100 aplikacji.<\/p>\n<p class=\"def\">Ta\u015bma jest niezb\u0119dnym i\u00a0podstawowym artyku\u0142em wykorzystywanym do aplikacji rz\u0119s. Ta\u015bma medyczna firmy 3M z\u00a0USA.<\/p>\n<p class=\"def\">Wymiary: D\u0142ugo\u015b\u0107: 5 m Szeroko\u015b\u0107: 50 mm<\/p>\n","protected":false},"excerpt":{"rendered":"<p class=\"def\">Hipoalergiczna oraz\u00a0\u0142atwa w\u00a0wycinaniu piankowa ta\u015bma Microfoam.<\/p>\n<p class=\"def\">Ta\u015bma piankowa nie podra\u017cnia oraz\u00a0nie uczula delikatnej sk\u00f3ry pod oczami podczas zabiegu przed\u0142u\u017cania rz\u0119s.<\/p>\n","protected":false},"featured_media":997,"template":"","meta":{"_kadence_starter_templates_imported_post":false},"product_brand":[],"product_cat":[31],"product_tag":[],"class_list":{"0":"post-996","1":"product","2":"type-product","3":"status-publish","4":"has-post-thumbnail","6":"product_cat-akcesoria","8":"first","9":"instock","10":"taxable","11":"shipping-taxable","12":"purchasable","13":"product-type-simple"},"yoast_head":"<!-- This site is optimized with the Yoast SEO plugin v27.4 - https:\/\/yoast.com\/product\/yoast-seo-wordpress\/ -->\n<title>Ta\u015bma Piankowa Microfoam 3M - Anagen shop<\/title>\n<meta name=\"robots\" content=\"index, follow, max-snippet:-1, max-image-preview:large, max-video-preview:-1\" \/>\n<link rel=\"canonical\" href=\"https:\/\/anagenshop.pl\/index.php\/produkt\/tasma-piankowa-microfoam-3m\/\" \/>\n<meta property=\"og:locale\" content=\"pl_PL\" \/>\n<meta property=\"og:type\" content=\"article\" \/>\n<meta property=\"og:title\" content=\"Ta\u015bma Piankowa Microfoam 3M - Anagen shop\" \/>\n<meta property=\"og:description\" content=\"Hipoalergiczna oraz\u00a0\u0142atwa w\u00a0wycinaniu piankowa ta\u015bma Microfoam. Ta\u015bma piankowa nie podra\u017cnia oraz\u00a0nie uczula delikatnej sk\u00f3ry pod oczami podczas zabiegu przed\u0142u\u017cania rz\u0119s.\" \/>\n<meta property=\"og:url\" content=\"https:\/\/anagenshop.pl\/index.php\/produkt\/tasma-piankowa-microfoam-3m\/\" \/>\n<meta property=\"og:site_name\" content=\"Anagen shop\" \/>\n<meta property=\"article:publisher\" content=\"https:\/\/www.facebook.com\/Anagenshop\/?locale=pl_PL\" \/>\n<meta property=\"article:modified_time\" content=\"2026-04-20T10:24:23+00:00\" \/>\n<meta property=\"og:image\" content=\"https:\/\/anagenshop.pl\/wp-content\/uploads\/2026\/02\/microfoam.webp\" \/>\n\t<meta property=\"og:image:width\" content=\"1000\" \/>\n\t<meta property=\"og:image:height\" content=\"1000\" \/>\n\t<meta property=\"og:image:type\" content=\"image\/webp\" \/>\n<meta name=\"twitter:card\" content=\"summary_large_image\" \/>\n<meta name=\"twitter:label1\" content=\"Szacowany czas czytania\" \/>\n\t<meta name=\"twitter:data1\" content=\"1 minuta\" \/>\n<script type=\"application\/ld+json\" class=\"yoast-schema-graph\">{\"@context\":\"https:\\\/\\\/schema.org\",\"@graph\":[{\"@type\":\"WebPage\",\"@id\":\"https:\\\/\\\/anagenshop.pl\\\/index.php\\\/produkt\\\/tasma-piankowa-microfoam-3m\\\/\",\"url\":\"https:\\\/\\\/anagenshop.pl\\\/index.php\\\/produkt\\\/tasma-piankowa-microfoam-3m\\\/\",\"name\":\"Ta\u015bma Piankowa Microfoam 3M - Anagen shop\",\"isPartOf\":{\"@id\":\"https:\\\/\\\/anagenshop.pl\\\/#website\"},\"primaryImageOfPage\":{\"@id\":\"https:\\\/\\\/anagenshop.pl\\\/index.php\\\/produkt\\\/tasma-piankowa-microfoam-3m\\\/#primaryimage\"},\"image\":{\"@id\":\"https:\\\/\\\/anagenshop.pl\\\/index.php\\\/produkt\\\/tasma-piankowa-microfoam-3m\\\/#primaryimage\"},\"thumbnailUrl\":\"https:\\\/\\\/anagenshop.pl\\\/wp-content\\\/uploads\\\/2026\\\/02\\\/microfoam.webp\",\"datePublished\":\"2026-02-24T13:10:54+00:00\",\"dateModified\":\"2026-04-20T10:24:23+00:00\",\"breadcrumb\":{\"@id\":\"https:\\\/\\\/anagenshop.pl\\\/index.php\\\/produkt\\\/tasma-piankowa-microfoam-3m\\\/#breadcrumb\"},\"inLanguage\":\"pl-PL\",\"potentialAction\":[{\"@type\":\"ReadAction\",\"target\":[\"https:\\\/\\\/anagenshop.pl\\\/index.php\\\/produkt\\\/tasma-piankowa-microfoam-3m\\\/\"]}]},{\"@type\":\"ImageObject\",\"inLanguage\":\"pl-PL\",\"@id\":\"https:\\\/\\\/anagenshop.pl\\\/index.php\\\/produkt\\\/tasma-piankowa-microfoam-3m\\\/#primaryimage\",\"url\":\"https:\\\/\\\/anagenshop.pl\\\/wp-content\\\/uploads\\\/2026\\\/02\\\/microfoam.webp\",\"contentUrl\":\"https:\\\/\\\/anagenshop.pl\\\/wp-content\\\/uploads\\\/2026\\\/02\\\/microfoam.webp\",\"width\":1000,\"height\":1000},{\"@type\":\"BreadcrumbList\",\"@id\":\"https:\\\/\\\/anagenshop.pl\\\/index.php\\\/produkt\\\/tasma-piankowa-microfoam-3m\\\/#breadcrumb\",\"itemListElement\":[{\"@type\":\"ListItem\",\"position\":1,\"name\":\"Strona g\u0142\u00f3wna\",\"item\":\"https:\\\/\\\/anagenshop.pl\\\/\"},{\"@type\":\"ListItem\",\"position\":2,\"name\":\"Sklep\",\"item\":\"https:\\\/\\\/anagenshop.pl\\\/\"},{\"@type\":\"ListItem\",\"position\":3,\"name\":\"Ta\u015bma Piankowa Microfoam 3M\"}]},{\"@type\":\"WebSite\",\"@id\":\"https:\\\/\\\/anagenshop.pl\\\/#website\",\"url\":\"https:\\\/\\\/anagenshop.pl\\\/\",\"name\":\"Anagen shop\",\"description\":\"Produkty do stylizacji rz\u0119s i brwi, akcesoria i wyposa\u017cenie\",\"publisher\":{\"@id\":\"https:\\\/\\\/anagenshop.pl\\\/#organization\"},\"potentialAction\":[{\"@type\":\"SearchAction\",\"target\":{\"@type\":\"EntryPoint\",\"urlTemplate\":\"https:\\\/\\\/anagenshop.pl\\\/?s={search_term_string}\"},\"query-input\":{\"@type\":\"PropertyValueSpecification\",\"valueRequired\":true,\"valueName\":\"search_term_string\"}}],\"inLanguage\":\"pl-PL\"},{\"@type\":\"Organization\",\"@id\":\"https:\\\/\\\/anagenshop.pl\\\/#organization\",\"name\":\"Anagen shop\",\"url\":\"https:\\\/\\\/anagenshop.pl\\\/\",\"logo\":{\"@type\":\"ImageObject\",\"inLanguage\":\"pl-PL\",\"@id\":\"https:\\\/\\\/anagenshop.pl\\\/#\\\/schema\\\/logo\\\/image\\\/\",\"url\":\"https:\\\/\\\/anagenshop.pl\\\/wp-content\\\/uploads\\\/2026\\\/02\\\/cropped-Znak-wodny-sklep-1.png\",\"contentUrl\":\"https:\\\/\\\/anagenshop.pl\\\/wp-content\\\/uploads\\\/2026\\\/02\\\/cropped-Znak-wodny-sklep-1.png\",\"width\":1847,\"height\":517,\"caption\":\"Anagen shop\"},\"image\":{\"@id\":\"https:\\\/\\\/anagenshop.pl\\\/#\\\/schema\\\/logo\\\/image\\\/\"},\"sameAs\":[\"https:\\\/\\\/www.facebook.com\\\/Anagenshop\\\/?locale=pl_PL\",\"https:\\\/\\\/www.instagram.com\\\/anagenshop\\\/\"]}]}<\/script>\n<!-- \/ Yoast SEO plugin. -->","yoast_head_json":{"title":"Ta\u015bma Piankowa Microfoam 3M - Anagen shop","robots":{"index":"index","follow":"follow","max-snippet":"max-snippet:-1","max-image-preview":"max-image-preview:large","max-video-preview":"max-video-preview:-1"},"canonical":"https:\/\/anagenshop.pl\/index.php\/produkt\/tasma-piankowa-microfoam-3m\/","og_locale":"pl_PL","og_type":"article","og_title":"Ta\u015bma Piankowa Microfoam 3M - Anagen shop","og_description":"Hipoalergiczna oraz\u00a0\u0142atwa w\u00a0wycinaniu piankowa ta\u015bma Microfoam. Ta\u015bma piankowa nie podra\u017cnia oraz\u00a0nie uczula delikatnej sk\u00f3ry pod oczami podczas zabiegu przed\u0142u\u017cania rz\u0119s.","og_url":"https:\/\/anagenshop.pl\/index.php\/produkt\/tasma-piankowa-microfoam-3m\/","og_site_name":"Anagen shop","article_publisher":"https:\/\/www.facebook.com\/Anagenshop\/?locale=pl_PL","article_modified_time":"2026-04-20T10:24:23+00:00","og_image":[{"width":1000,"height":1000,"url":"https:\/\/anagenshop.pl\/wp-content\/uploads\/2026\/02\/microfoam.webp","type":"image\/webp"}],"twitter_card":"summary_large_image","twitter_misc":{"Szacowany czas czytania":"1 minuta"},"schema":{"@context":"https:\/\/schema.org","@graph":[{"@type":"WebPage","@id":"https:\/\/anagenshop.pl\/index.php\/produkt\/tasma-piankowa-microfoam-3m\/","url":"https:\/\/anagenshop.pl\/index.php\/produkt\/tasma-piankowa-microfoam-3m\/","name":"Ta\u015bma Piankowa Microfoam 3M - Anagen shop","isPartOf":{"@id":"https:\/\/anagenshop.pl\/#website"},"primaryImageOfPage":{"@id":"https:\/\/anagenshop.pl\/index.php\/produkt\/tasma-piankowa-microfoam-3m\/#primaryimage"},"image":{"@id":"https:\/\/anagenshop.pl\/index.php\/produkt\/tasma-piankowa-microfoam-3m\/#primaryimage"},"thumbnailUrl":"https:\/\/anagenshop.pl\/wp-content\/uploads\/2026\/02\/microfoam.webp","datePublished":"2026-02-24T13:10:54+00:00","dateModified":"2026-04-20T10:24:23+00:00","breadcrumb":{"@id":"https:\/\/anagenshop.pl\/index.php\/produkt\/tasma-piankowa-microfoam-3m\/#breadcrumb"},"inLanguage":"pl-PL","potentialAction":[{"@type":"ReadAction","target":["https:\/\/anagenshop.pl\/index.php\/produkt\/tasma-piankowa-microfoam-3m\/"]}]},{"@type":"ImageObject","inLanguage":"pl-PL","@id":"https:\/\/anagenshop.pl\/index.php\/produkt\/tasma-piankowa-microfoam-3m\/#primaryimage","url":"https:\/\/anagenshop.pl\/wp-content\/uploads\/2026\/02\/microfoam.webp","contentUrl":"https:\/\/anagenshop.pl\/wp-content\/uploads\/2026\/02\/microfoam.webp","width":1000,"height":1000},{"@type":"BreadcrumbList","@id":"https:\/\/anagenshop.pl\/index.php\/produkt\/tasma-piankowa-microfoam-3m\/#breadcrumb","itemListElement":[{"@type":"ListItem","position":1,"name":"Strona g\u0142\u00f3wna","item":"https:\/\/anagenshop.pl\/"},{"@type":"ListItem","position":2,"name":"Sklep","item":"https:\/\/anagenshop.pl\/"},{"@type":"ListItem","position":3,"name":"Ta\u015bma Piankowa Microfoam 3M"}]},{"@type":"WebSite","@id":"https:\/\/anagenshop.pl\/#website","url":"https:\/\/anagenshop.pl\/","name":"Anagen shop","description":"Produkty do stylizacji rz\u0119s i brwi, akcesoria i wyposa\u017cenie","publisher":{"@id":"https:\/\/anagenshop.pl\/#organization"},"potentialAction":[{"@type":"SearchAction","target":{"@type":"EntryPoint","urlTemplate":"https:\/\/anagenshop.pl\/?s={search_term_string}"},"query-input":{"@type":"PropertyValueSpecification","valueRequired":true,"valueName":"search_term_string"}}],"inLanguage":"pl-PL"},{"@type":"Organization","@id":"https:\/\/anagenshop.pl\/#organization","name":"Anagen shop","url":"https:\/\/anagenshop.pl\/","logo":{"@type":"ImageObject","inLanguage":"pl-PL","@id":"https:\/\/anagenshop.pl\/#\/schema\/logo\/image\/","url":"https:\/\/anagenshop.pl\/wp-content\/uploads\/2026\/02\/cropped-Znak-wodny-sklep-1.png","contentUrl":"https:\/\/anagenshop.pl\/wp-content\/uploads\/2026\/02\/cropped-Znak-wodny-sklep-1.png","width":1847,"height":517,"caption":"Anagen shop"},"image":{"@id":"https:\/\/anagenshop.pl\/#\/schema\/logo\/image\/"},"sameAs":["https:\/\/www.facebook.com\/Anagenshop\/?locale=pl_PL","https:\/\/www.instagram.com\/anagenshop\/"]}]}},"jetpack_sharing_enabled":true,"_links":{"self":[{"href":"https:\/\/anagenshop.pl\/index.php\/wp-json\/wp\/v2\/product\/996","targetHints":{"allow":["GET"]}}],"collection":[{"href":"https:\/\/anagenshop.pl\/index.php\/wp-json\/wp\/v2\/product"}],"about":[{"href":"https:\/\/anagenshop.pl\/index.php\/wp-json\/wp\/v2\/types\/product"}],"version-history":[{"count":1,"href":"https:\/\/anagenshop.pl\/index.php\/wp-json\/wp\/v2\/product\/996\/revisions"}],"predecessor-version":[{"id":999,"href":"https:\/\/anagenshop.pl\/index.php\/wp-json\/wp\/v2\/product\/996\/revisions\/999"}],"wp:featuredmedia":[{"embeddable":true,"href":"https:\/\/anagenshop.pl\/index.php\/wp-json\/wp\/v2\/media\/997"}],"wp:attachment":[{"href":"https:\/\/anagenshop.pl\/index.php\/wp-json\/wp\/v2\/media?parent=996"}],"wp:term":[{"taxonomy":"product_brand","embeddable":true,"href":"https:\/\/anagenshop.pl\/index.php\/wp-json\/wp\/v2\/product_brand?post=996"},{"taxonomy":"product_cat","embeddable":true,"href":"https:\/\/anagenshop.pl\/index.php\/wp-json\/wp\/v2\/product_cat?post=996"},{"taxonomy":"product_tag","embeddable":true,"href":"https:\/\/anagenshop.pl\/index.php\/wp-json\/wp\/v2\/product_tag?post=996"}],"curies":[{"name":"wp","href":"https:\/\/api.w.org\/{rel}","templated":true}]}}